{"id":532,"date":"2026-04-28T08:15:42","date_gmt":"2026-04-28T08:15:42","guid":{"rendered":"https:\/\/coresparkbattery.com\/industrial-48v-100ah-150ah-200ah-280ah-ip54-waterproof-oem-odm-lifepo4-battery-for-electric-forklift-lithium-battery\/"},"modified":"2026-04-28T11:29:49","modified_gmt":"2026-04-28T11:29:49","slug":"industrial-48v-100ah-150ah-200ah-280ah-ip54-waterproof-oem-odm-lifepo4-battery-for-electric-forklift-lithium-battery","status":"publish","type":"product","link":"https:\/\/coresparkbattery.com\/fr\/industrial-48v-100ah-150ah-200ah-280ah-ip54-waterproof-oem-odm-lifepo4-battery-for-electric-forklift-lithium-battery\/","title":{"rendered":"Batterie industrielle 48V 100Ah 150Ah 200Ah 280Ah IP54 \u00e9tanche OEM ODM LiFePO4 pour chariot \u00e9l\u00e9vateur \u00e9lectrique Batterie au lithium"},"content":{"rendered":"<p>Il s'agit d'une batterie LiFePO4 \u00e0 l'\u00e9tat solide d'une tension nominale de 48V, disponible en capacit\u00e9s de 100Ah, 150Ah, 200Ah et 280Ah.<br \/>\nSon poids standard est de 139 kg, mais un poids personnalis\u00e9 est \u00e9galement possible. Ses dimensions totales sont de 975 mm, 780 mm et 625 mm.<br \/>\nLa batterie a une dur\u00e9e de vie de plus de 5 000 cycles et est rechargeable.<br \/>\nIl prend en charge une plage de temp\u00e9rature de charge de 0~60\u2103 et une plage de temp\u00e9rature de d\u00e9charge de -20~60\u2103.<br \/>\nProduites \u00e0 partir de cellules LiFePO4 fiables, les cellules peuvent faire l'objet de services OEM et ODM afin de r\u00e9pondre aux diff\u00e9rentes exigences des clients.<\/p>","protected":false},"excerpt":{"rendered":"<p>Batterie LiFePO4 \u00e9cologique, Batterie LiFePO4 l\u00e9g\u00e8re, Batterie LiFePO4 compacte, Batterie LiFePO4 \u00e0 haute densit\u00e9 \u00e9nerg\u00e9tique<\/p>","protected":false},"featured_media":1026,"template":"","meta":{"_gspb_post_css":""},"product_brand":[],"product_cat":[491],"product_tag":[414,412,415,413],"class_list":{"0":"post-532","1":"product","2":"type-product","3":"status-publish","4":"has-post-thumbnail","6":"product_cat-forklift-battery-pack","7":"product_tag-compact-lifepo4-battery-pack","8":"product_tag-eco-friendly-lifepo4-battery","9":"product_tag-high-energy-density-lifepo4-battery","10":"product_tag-light-weight-lifepo4-battery-pack","12":"first","13":"instock","14":"featured","15":"shipping-taxable","16":"product-type-simple"},"_links":{"self":[{"href":"https:\/\/coresparkbattery.com\/fr\/wp-json\/wp\/v2\/product\/532","targetHints":{"allow":["GET"]}}],"collection":[{"href":"https:\/\/coresparkbattery.com\/fr\/wp-json\/wp\/v2\/product"}],"about":[{"href":"https:\/\/coresparkbattery.com\/fr\/wp-json\/wp\/v2\/types\/product"}],"wp:featuredmedia":[{"embeddable":true,"href":"https:\/\/coresparkbattery.com\/fr\/wp-json\/wp\/v2\/media\/1026"}],"wp:attachment":[{"href":"https:\/\/coresparkbattery.com\/fr\/wp-json\/wp\/v2\/media?parent=532"}],"wp:term":[{"taxonomy":"product_brand","embeddable":true,"href":"https:\/\/coresparkbattery.com\/fr\/wp-json\/wp\/v2\/product_brand?post=532"},{"taxonomy":"product_cat","embeddable":true,"href":"https:\/\/coresparkbattery.com\/fr\/wp-json\/wp\/v2\/product_cat?post=532"},{"taxonomy":"product_tag","embeddable":true,"href":"https:\/\/coresparkbattery.com\/fr\/wp-json\/wp\/v2\/product_tag?post=532"}],"curies":[{"name":"wp","href":"https:\/\/api.w.org\/{rel}","templated":true}]}}