{"id":531,"date":"2026-04-28T08:15:42","date_gmt":"2026-04-28T08:15:42","guid":{"rendered":"https:\/\/coresparkbattery.com\/24v-12ah-18ah-electric-wheelchair-lithium-battery-pack-for-elderly-leisure-scooter-car-boats-deep-cycle\/"},"modified":"2026-04-28T11:25:55","modified_gmt":"2026-04-28T11:25:55","slug":"24v-12ah-18ah-electric-wheelchair-lithium-battery-pack-for-elderly-leisure-scooter-car-boats-deep-cycle","status":"publish","type":"product","link":"https:\/\/coresparkbattery.com\/fr\/24v-12ah-18ah-electric-wheelchair-lithium-battery-pack-for-elderly-leisure-scooter-car-boats-deep-cycle\/","title":{"rendered":"24V 12Ah\/18Ah Batterie Lithium pour fauteuil roulant \u00e9lectrique, scooter de loisir, voiture et bateau, cycle profond"},"content":{"rendered":"<p>Il s'agit d'une batterie 24V LiFePO4 disponible en 12Ah et 18Ah, utilisant des cellules de haute qualit\u00e9 de EVE, Gotion, LG, et DJ avec un mat\u00e9riau de cathode LiFePO4.<br \/>\nIl offre plus de 6000 cycles, avec un courant de charge recommand\u00e9 de 10A et un courant de d\u00e9charge de 20A.<br \/>\nLa temp\u00e9rature de fonctionnement est comprise entre 0~60\u2103 pour la charge et -20~60\u2103 pour la d\u00e9charge.<br \/>\nFabriqu\u00e9 \u00e0 Guangdong, en Chine, les personnalisations OEM et ODM sont accept\u00e9es.<\/p>","protected":false},"excerpt":{"rendered":"<p>Batterie LiFePO4 \u00e0 d\u00e9charge profonde, Batterie sans entretien, Batterie LiFePO4 s\u00fbre, Batterie LiFePO4 non toxique<\/p>","protected":false},"featured_media":1021,"template":"","meta":{"_gspb_post_css":""},"product_brand":[],"product_cat":[499],"product_tag":[408,409,411,410],"class_list":{"0":"post-531","1":"product","2":"type-product","3":"status-publish","4":"has-post-thumbnail","6":"product_cat-24v-lifepo4-battery","7":"product_tag-deep-cycle-lifepo4-battery","8":"product_tag-maintenance-free-battery","9":"product_tag-non-toxic-lifepo4-battery","10":"product_tag-safe-lifepo4-battery-pack","12":"first","13":"instock","14":"featured","15":"shipping-taxable","16":"product-type-simple"},"_links":{"self":[{"href":"https:\/\/coresparkbattery.com\/fr\/wp-json\/wp\/v2\/product\/531","targetHints":{"allow":["GET"]}}],"collection":[{"href":"https:\/\/coresparkbattery.com\/fr\/wp-json\/wp\/v2\/product"}],"about":[{"href":"https:\/\/coresparkbattery.com\/fr\/wp-json\/wp\/v2\/types\/product"}],"wp:featuredmedia":[{"embeddable":true,"href":"https:\/\/coresparkbattery.com\/fr\/wp-json\/wp\/v2\/media\/1021"}],"wp:attachment":[{"href":"https:\/\/coresparkbattery.com\/fr\/wp-json\/wp\/v2\/media?parent=531"}],"wp:term":[{"taxonomy":"product_brand","embeddable":true,"href":"https:\/\/coresparkbattery.com\/fr\/wp-json\/wp\/v2\/product_brand?post=531"},{"taxonomy":"product_cat","embeddable":true,"href":"https:\/\/coresparkbattery.com\/fr\/wp-json\/wp\/v2\/product_cat?post=531"},{"taxonomy":"product_tag","embeddable":true,"href":"https:\/\/coresparkbattery.com\/fr\/wp-json\/wp\/v2\/product_tag?post=531"}],"curies":[{"name":"wp","href":"https:\/\/api.w.org\/{rel}","templated":true}]}}