{"id":530,"date":"2026-04-28T08:15:42","date_gmt":"2026-04-28T08:15:42","guid":{"rendered":"https:\/\/coresparkbattery.com\/wholesale-customized-12v-300ah-solar-energy-rechargeable-storage-battery-lithium-ion-lifepo4-battery-pack-with-bms\/"},"modified":"2026-04-28T11:24:47","modified_gmt":"2026-04-28T11:24:47","slug":"wholesale-customized-12v-300ah-solar-energy-rechargeable-storage-battery-lithium-ion-lifepo4-battery-pack-with-bms","status":"publish","type":"product","link":"https:\/\/coresparkbattery.com\/fr\/wholesale-customized-12v-300ah-solar-energy-rechargeable-storage-battery-lithium-ion-lifepo4-battery-pack-with-bms\/","title":{"rendered":"Wholesale Customized 12V 300Ah Solar Energy Rechargeable Storage Battery Lithium Ion LiFePO4 Battery Pack with BMS"},"content":{"rendered":"<p>Cette batterie au phosphate de fer lithi\u00e9 (LiFePO4) a une tension de 12,8 V, une capacit\u00e9 de 300 Ah et une \u00e9nergie de 3840 Wh, pour un poids de 28 kg.<br \/>\nIl prend en charge un courant de charge maximal de 300A et un courant de d\u00e9charge maximal de 300A, avec une tension de coupure de d\u00e9charge de 10V.<br \/>\nLe terminal est M8 (personnalisable).<br \/>\nLes services OEM et ODM sont pris en charge et le produit est assorti d'une garantie de deux ans.<\/p>\n<p>Batterie LiFePO4 12,8V 300Ah :<br \/>\n* Prise en charge de l'APP Bluetooth, personnalisation de l'APP<br \/>\n* Prise en charge de 4 s\u00e9ries de 4 connexions parall\u00e8les pour l'utilisation<br \/>\n* Compatible avec les syst\u00e8mes Android et iOS<br \/>\n* M\u00eame taille, mais plus de puissance \u00e0 l'int\u00e9rieur<br \/>\n* Dur\u00e9e de vie jusqu'\u00e0 6000 cycles et excellente \u00e9conomie<\/p>","protected":false},"excerpt":{"rendered":"<p>Batterie LiFePO4 pour \u00e9quipements m\u00e9dicaux, Batterie LiFePO4 pour t\u00e9l\u00e9communications, Batterie LiFePO4 rechargeable, Batterie LiFePO4 au lithium-ion<\/p>","protected":false},"featured_media":1016,"template":"","meta":{"_gspb_post_css":""},"product_brand":[],"product_cat":[494],"product_tag":[407,404,406,405],"class_list":{"0":"post-530","1":"product","2":"type-product","3":"status-publish","4":"has-post-thumbnail","6":"product_cat-12v-lifepo4-battery","7":"product_tag-lithium-ion-lifepo4-battery-pack","8":"product_tag-medical-equipment-lifepo4-battery","9":"product_tag-rechargeable-lifepo4-battery-pack","10":"product_tag-telecom-lifepo4-battery-pack","12":"first","13":"instock","14":"featured","15":"shipping-taxable","16":"product-type-simple"},"_links":{"self":[{"href":"https:\/\/coresparkbattery.com\/fr\/wp-json\/wp\/v2\/product\/530","targetHints":{"allow":["GET"]}}],"collection":[{"href":"https:\/\/coresparkbattery.com\/fr\/wp-json\/wp\/v2\/product"}],"about":[{"href":"https:\/\/coresparkbattery.com\/fr\/wp-json\/wp\/v2\/types\/product"}],"wp:featuredmedia":[{"embeddable":true,"href":"https:\/\/coresparkbattery.com\/fr\/wp-json\/wp\/v2\/media\/1016"}],"wp:attachment":[{"href":"https:\/\/coresparkbattery.com\/fr\/wp-json\/wp\/v2\/media?parent=530"}],"wp:term":[{"taxonomy":"product_brand","embeddable":true,"href":"https:\/\/coresparkbattery.com\/fr\/wp-json\/wp\/v2\/product_brand?post=530"},{"taxonomy":"product_cat","embeddable":true,"href":"https:\/\/coresparkbattery.com\/fr\/wp-json\/wp\/v2\/product_cat?post=530"},{"taxonomy":"product_tag","embeddable":true,"href":"https:\/\/coresparkbattery.com\/fr\/wp-json\/wp\/v2\/product_tag?post=530"}],"curies":[{"name":"wp","href":"https:\/\/api.w.org\/{rel}","templated":true}]}}