{"id":528,"date":"2026-04-28T08:15:42","date_gmt":"2026-04-28T08:15:42","guid":{"rendered":"https:\/\/coresparkbattery.com\/high-power-24v-lifepo4-pack-24v-200ah-batterie-200ah-280ah-300ah-for-solar-system-power-battery-lithium-ion-battery\/"},"modified":"2026-04-28T11:22:21","modified_gmt":"2026-04-28T11:22:21","slug":"high-power-24v-lifepo4-pack-24v-200ah-batterie-200ah-280ah-300ah-for-solar-system-power-battery-lithium-ion-battery","status":"publish","type":"product","link":"https:\/\/coresparkbattery.com\/fr\/high-power-24v-lifepo4-pack-24v-200ah-batterie-200ah-280ah-300ah-for-solar-system-power-battery-lithium-ion-battery\/","title":{"rendered":"Batterie haute puissance 24V Lifepo4 Pack 24V 200Ah Batterie 200Ah 280Ah 300Ah pour syst\u00e8me solaire Batterie Lithium Ion"},"content":{"rendered":"<p>Il s'agit d'une batterie LiFePO4 24V disponible dans les capacit\u00e9s de 200Ah, 280Ah et 300Ah.<br \/>\nIl adopte un LiFePO4 de haute qualit\u00e9 comme mat\u00e9riau de cathode et utilise des \u00e9l\u00e9ments de batterie de premi\u00e8re qualit\u00e9 de marques telles que EVE, Gotion, LG et DJ.<br \/>\nAvec une dur\u00e9e de vie de plus de 6000 cycles, il supporte un courant de charge recommand\u00e9 de 50A et un courant de d\u00e9charge recommand\u00e9 de 150A.<br \/>\nIl se caract\u00e9rise par une large plage de temp\u00e9rature de fonctionnement : 0~60\u2103 pour la charge et -20~60\u2103 pour la d\u00e9charge.<br \/>\nProduite \u00e0 Guangdong, en Chine, cette batterie accepte enti\u00e8rement les personnalisations OEM et ODM pour r\u00e9pondre aux exigences des diff\u00e9rentes applications.<\/p>","protected":false},"excerpt":{"rendered":"<p>Batterie LiFePO4 \u00e0 longue dur\u00e9e de vie, batterie LiFePO4 5000 cycles, batterie LiFePO4 6000 cycles, batterie LiFePO4 \u00e0 haute d\u00e9charge<\/p>","protected":false},"featured_media":1006,"template":"","meta":{"_gspb_post_css":""},"product_brand":[],"product_cat":[499],"product_tag":[397,398,399,396],"class_list":{"0":"post-528","1":"product","2":"type-product","3":"status-publish","4":"has-post-thumbnail","6":"product_cat-24v-lifepo4-battery","7":"product_tag-5000-cycles-lifepo4-battery-pack","8":"product_tag-6000-cycles-lifepo4-battery-pack","9":"product_tag-high-discharge-lifepo4-battery-pack","10":"product_tag-long-cycle-life-lifepo4-battery-pack","12":"first","13":"instock","14":"featured","15":"shipping-taxable","16":"product-type-simple"},"_links":{"self":[{"href":"https:\/\/coresparkbattery.com\/fr\/wp-json\/wp\/v2\/product\/528","targetHints":{"allow":["GET"]}}],"collection":[{"href":"https:\/\/coresparkbattery.com\/fr\/wp-json\/wp\/v2\/product"}],"about":[{"href":"https:\/\/coresparkbattery.com\/fr\/wp-json\/wp\/v2\/types\/product"}],"wp:featuredmedia":[{"embeddable":true,"href":"https:\/\/coresparkbattery.com\/fr\/wp-json\/wp\/v2\/media\/1006"}],"wp:attachment":[{"href":"https:\/\/coresparkbattery.com\/fr\/wp-json\/wp\/v2\/media?parent=528"}],"wp:term":[{"taxonomy":"product_brand","embeddable":true,"href":"https:\/\/coresparkbattery.com\/fr\/wp-json\/wp\/v2\/product_brand?post=528"},{"taxonomy":"product_cat","embeddable":true,"href":"https:\/\/coresparkbattery.com\/fr\/wp-json\/wp\/v2\/product_cat?post=528"},{"taxonomy":"product_tag","embeddable":true,"href":"https:\/\/coresparkbattery.com\/fr\/wp-json\/wp\/v2\/product_tag?post=528"}],"curies":[{"name":"wp","href":"https:\/\/api.w.org\/{rel}","templated":true}]}}