{"id":527,"date":"2026-04-28T08:15:42","date_gmt":"2026-04-28T08:15:42","guid":{"rendered":"https:\/\/coresparkbattery.com\/oem-golf-cart-lithium-battery-36v-105ah-lifepo4-battery-large-power-built-in-200a-smart-bt-bms-with-20a-waterproof-charger\/"},"modified":"2026-04-28T11:19:18","modified_gmt":"2026-04-28T11:19:18","slug":"oem-golf-cart-lithium-battery-36v-105ah-lifepo4-battery-large-power-built-in-200a-smart-bt-bms-with-20a-waterproof-charger","status":"publish","type":"product","link":"https:\/\/coresparkbattery.com\/fr\/oem-golf-cart-lithium-battery-36v-105ah-lifepo4-battery-large-power-built-in-200a-smart-bt-bms-with-20a-waterproof-charger\/","title":{"rendered":"OEM Golf Cart Lithium Battery 36V 105Ah LiFePO4 Battery Large Power Built-in 200A Smart BT BMS with 20A Waterproof Charger"},"content":{"rendered":"<p>Il s'agit d'une batterie LiFePO4 pour chariot de golf avec une tension nominale de 36V et une capacit\u00e9 nominale de 105Ah, d\u00e9livrant une \u00e9nergie de 3780Wh et pesant 40KG.<br \/>\nElle utilise des cellules prismatiques LiFePO4 de classe A et supporte un courant de d\u00e9charge allant jusqu'\u00e0 200A.<br \/>\nLa batterie est \u00e9quip\u00e9e de fonctions de communication CAN, RS485 et Bluetooth, ainsi que d'un syst\u00e8me de surveillance APP Bluetooth, d'un \u00e9cran LCD et d'un chargeur \u00e9tanche de 20A.<br \/>\nIl est largement utilis\u00e9 dans les voiturettes de golf, les navires, les yachts, les v\u00e9hicules de loisirs et d'autres sc\u00e9narios, et les services OEM et ODM sont accept\u00e9s.<\/p>","protected":false},"excerpt":{"rendered":"<p>Batterie LiFePO4 25,6V, Batterie LiFePO4 12,8V, Batterie LiFePO4 76,8V, Batterie LiFePO4 multi-voltage<\/p>","protected":false},"featured_media":1001,"template":"","meta":{"_gspb_post_css":""},"product_brand":[],"product_cat":[490,15],"product_tag":[393,392,394,395],"class_list":{"0":"post-527","1":"product","2":"type-product","3":"status-publish","4":"has-post-thumbnail","6":"product_cat-25-6v-golf-cart-battery","7":"product_cat-golf-cart-battery","8":"product_tag-12-8v-lifepo4-battery-pack","9":"product_tag-25-6v-lifepo4-battery-pack","10":"product_tag-76-8v-lifepo4-battery-pack","11":"product_tag-multi-voltage-lifepo4-battery-pack","13":"first","14":"instock","15":"featured","16":"shipping-taxable","17":"product-type-simple"},"_links":{"self":[{"href":"https:\/\/coresparkbattery.com\/fr\/wp-json\/wp\/v2\/product\/527","targetHints":{"allow":["GET"]}}],"collection":[{"href":"https:\/\/coresparkbattery.com\/fr\/wp-json\/wp\/v2\/product"}],"about":[{"href":"https:\/\/coresparkbattery.com\/fr\/wp-json\/wp\/v2\/types\/product"}],"wp:featuredmedia":[{"embeddable":true,"href":"https:\/\/coresparkbattery.com\/fr\/wp-json\/wp\/v2\/media\/1001"}],"wp:attachment":[{"href":"https:\/\/coresparkbattery.com\/fr\/wp-json\/wp\/v2\/media?parent=527"}],"wp:term":[{"taxonomy":"product_brand","embeddable":true,"href":"https:\/\/coresparkbattery.com\/fr\/wp-json\/wp\/v2\/product_brand?post=527"},{"taxonomy":"product_cat","embeddable":true,"href":"https:\/\/coresparkbattery.com\/fr\/wp-json\/wp\/v2\/product_cat?post=527"},{"taxonomy":"product_tag","embeddable":true,"href":"https:\/\/coresparkbattery.com\/fr\/wp-json\/wp\/v2\/product_tag?post=527"}],"curies":[{"name":"wp","href":"https:\/\/api.w.org\/{rel}","templated":true}]}}