{"id":526,"date":"2026-04-28T08:15:42","date_gmt":"2026-04-28T08:15:42","guid":{"rendered":"https:\/\/coresparkbattery.com\/12v-24v-36v-forklift-lithium-battery-48v-rechargeable-lifepo4-200ah-300ah-battery-for-warehouse-logistics-truck-forklift-battery\/"},"modified":"2026-04-28T11:17:57","modified_gmt":"2026-04-28T11:17:57","slug":"12v-24v-36v-forklift-lithium-battery-48v-rechargeable-lifepo4-200ah-300ah-battery-for-warehouse-logistics-truck-forklift-battery","status":"publish","type":"product","link":"https:\/\/coresparkbattery.com\/fr\/12v-24v-36v-forklift-lithium-battery-48v-rechargeable-lifepo4-200ah-300ah-battery-for-warehouse-logistics-truck-forklift-battery\/","title":{"rendered":"12V 24V 36V Batterie lithium pour chariot \u00e9l\u00e9vateur 48V Batterie rechargeable LiFePO4 200AH 300AH Batterie pour chariot \u00e9l\u00e9vateur de logistique d'entrep\u00f4t"},"content":{"rendered":"<p>Il s'agit d'une batterie LiFePO4 pour chariot \u00e9l\u00e9vateur \u00e9lectrique d'une tension nominale de 48V et d'une capacit\u00e9 nominale de 300Ah, fournissant une \u00e9nergie de 14400Wh et pesant 60KG.<br \/>\nIl adopte des cellules prismatiques LiFePO4 de classe A et supporte un courant de d\u00e9charge de 300A.<br \/>\n\u00c9quip\u00e9 d'interfaces de communication telles que CAN, RS485 et Bluetooth, il se caract\u00e9rise par un chargement rapide, une conception l\u00e9g\u00e8re et une longue dur\u00e9e de vie.<br \/>\nCette batterie est largement utilis\u00e9e dans les chariots \u00e9l\u00e9vateurs \u00e9lectriques, les transpalettes, les chariots \u00e0 m\u00e2t r\u00e9tractable et les gerbeurs, et les services OEM et ODM sont accept\u00e9s.<\/p>","protected":false},"excerpt":{"rendered":"<p>Batterie LiFePO4 72V, Batterie LiFePO4 80V, Batterie LiFePO4 51,2V, Batterie LiFePO4 38,4V<\/p>","protected":false},"featured_media":996,"template":"","meta":{"_gspb_post_css":""},"product_brand":[],"product_cat":[491],"product_tag":[391,390,388,389],"class_list":{"0":"post-526","1":"product","2":"type-product","3":"status-publish","4":"has-post-thumbnail","6":"product_cat-forklift-battery-pack","7":"product_tag-38-4v-lifepo4-battery-pack","8":"product_tag-51-2v-lifepo4-battery-pack","9":"product_tag-72v-lifepo4-battery-pack","10":"product_tag-80v-lifepo4-battery-pack","12":"first","13":"instock","14":"featured","15":"shipping-taxable","16":"product-type-simple"},"_links":{"self":[{"href":"https:\/\/coresparkbattery.com\/fr\/wp-json\/wp\/v2\/product\/526","targetHints":{"allow":["GET"]}}],"collection":[{"href":"https:\/\/coresparkbattery.com\/fr\/wp-json\/wp\/v2\/product"}],"about":[{"href":"https:\/\/coresparkbattery.com\/fr\/wp-json\/wp\/v2\/types\/product"}],"wp:featuredmedia":[{"embeddable":true,"href":"https:\/\/coresparkbattery.com\/fr\/wp-json\/wp\/v2\/media\/996"}],"wp:attachment":[{"href":"https:\/\/coresparkbattery.com\/fr\/wp-json\/wp\/v2\/media?parent=526"}],"wp:term":[{"taxonomy":"product_brand","embeddable":true,"href":"https:\/\/coresparkbattery.com\/fr\/wp-json\/wp\/v2\/product_brand?post=526"},{"taxonomy":"product_cat","embeddable":true,"href":"https:\/\/coresparkbattery.com\/fr\/wp-json\/wp\/v2\/product_cat?post=526"},{"taxonomy":"product_tag","embeddable":true,"href":"https:\/\/coresparkbattery.com\/fr\/wp-json\/wp\/v2\/product_tag?post=526"}],"curies":[{"name":"wp","href":"https:\/\/api.w.org\/{rel}","templated":true}]}}