{"id":521,"date":"2026-04-28T08:15:41","date_gmt":"2026-04-28T08:15:41","guid":{"rendered":"https:\/\/coresparkbattery.com\/lifepo4-24v-72v-lithium-ion-battery-pack-20ah-60ah-range-for-electric-tricycle-36v-60v-electric-vehicles-72v-solar-energy\/"},"modified":"2026-04-28T11:09:29","modified_gmt":"2026-04-28T11:09:29","slug":"lifepo4-24v-72v-lithium-ion-battery-pack-20ah-60ah-range-for-electric-tricycle-36v-60v-electric-vehicles-72v-solar-energy","status":"publish","type":"product","link":"https:\/\/coresparkbattery.com\/fr\/lifepo4-24v-72v-lithium-ion-battery-pack-20ah-60ah-range-for-electric-tricycle-36v-60v-electric-vehicles-72v-solar-energy\/","title":{"rendered":"LifePo4 24V-72V Lithium Ion Battery Pack 20Ah-60Ah Range for Electric Tricycle 36V-60V Electric Vehicles 72V Solar Energy"},"content":{"rendered":"<p>Il s'agit d'une batterie au lithium de 72V aliment\u00e9e par une batterie LiFePO4 \/ lithium, pesant 20KG et construite avec un bo\u00eetier m\u00e9tallique.<br \/>\nIl prend en charge une tension de 24V et une capacit\u00e9 personnalisable allant de 20Ah \u00e0 60Ah pour r\u00e9pondre \u00e0 diff\u00e9rents besoins.<br \/>\nAvec une dur\u00e9e de vie de plus de 6000 cycles, elle est garantie 1 an et est principalement utilis\u00e9e pour les motos et les chariots \u00e9l\u00e9vateurs \u00e9lectriques.<br \/>\nNous fournissons des services OEM et ODM enti\u00e8rement personnalis\u00e9s pour les batteries, ce qui en fait une solution d'alimentation id\u00e9ale pour les scooters \u00e9lectriques et les \u00e9quipements connexes.<\/p>","protected":false},"excerpt":{"rendered":"<p>Batterie de bateau \u00e0 cycle profond, Batterie marine \u00e0 cycle profond, Batterie de bateau, Personnalisation OEM des batteries de chariots \u00e9l\u00e9vateurs \u00e0 fourche<\/p>","protected":false},"featured_media":973,"template":"","meta":{"_gspb_post_css":""},"product_brand":[],"product_cat":[499],"product_tag":[370,368,369,371],"class_list":{"0":"post-521","1":"product","2":"type-product","3":"status-publish","4":"has-post-thumbnail","6":"product_cat-24v-lifepo4-battery","7":"product_tag-boat-battery","8":"product_tag-deep-cycle-boat-battery","9":"product_tag-deep-cycle-marine-battery","10":"product_tag-oem-forklift-battery-pack-customization","12":"first","13":"instock","14":"featured","15":"shipping-taxable","16":"product-type-simple"},"_links":{"self":[{"href":"https:\/\/coresparkbattery.com\/fr\/wp-json\/wp\/v2\/product\/521","targetHints":{"allow":["GET"]}}],"collection":[{"href":"https:\/\/coresparkbattery.com\/fr\/wp-json\/wp\/v2\/product"}],"about":[{"href":"https:\/\/coresparkbattery.com\/fr\/wp-json\/wp\/v2\/types\/product"}],"wp:featuredmedia":[{"embeddable":true,"href":"https:\/\/coresparkbattery.com\/fr\/wp-json\/wp\/v2\/media\/973"}],"wp:attachment":[{"href":"https:\/\/coresparkbattery.com\/fr\/wp-json\/wp\/v2\/media?parent=521"}],"wp:term":[{"taxonomy":"product_brand","embeddable":true,"href":"https:\/\/coresparkbattery.com\/fr\/wp-json\/wp\/v2\/product_brand?post=521"},{"taxonomy":"product_cat","embeddable":true,"href":"https:\/\/coresparkbattery.com\/fr\/wp-json\/wp\/v2\/product_cat?post=521"},{"taxonomy":"product_tag","embeddable":true,"href":"https:\/\/coresparkbattery.com\/fr\/wp-json\/wp\/v2\/product_tag?post=521"}],"curies":[{"name":"wp","href":"https:\/\/api.w.org\/{rel}","templated":true}]}}