{"id":519,"date":"2026-04-28T08:15:40","date_gmt":"2026-04-28T08:15:40","guid":{"rendered":"https:\/\/coresparkbattery.com\/most-popular-hot-sale-12v-lifepo4-battery-lead-acid-replacement-solar-rv-marine-100ah-200ah-300ah-lifepo4-lithium-ion-battery\/"},"modified":"2026-04-28T11:07:33","modified_gmt":"2026-04-28T11:07:33","slug":"most-popular-hot-sale-12v-lifepo4-battery-lead-acid-replacement-solar-rv-marine-100ah-200ah-300ah-lifepo4-lithium-ion-battery","status":"publish","type":"product","link":"https:\/\/coresparkbattery.com\/fr\/most-popular-hot-sale-12v-lifepo4-battery-lead-acid-replacement-solar-rv-marine-100ah-200ah-300ah-lifepo4-lithium-ion-battery\/","title":{"rendered":"Batterie Acide de Plomb 12V Lifepo4 Remplacement Solaire RV Marine 100Ah 200Ah 300Ah LiFePO4 Batterie Lithium Ion la plus Populaire"},"content":{"rendered":"<p>Ce produit est une batterie de stockage d'\u00e9nergie, sp\u00e9cialement con\u00e7ue pour les voitures et v\u00e9hicules \u00e9lectriques. Il se caract\u00e9rise par une tension nominale de 96V et une capacit\u00e9 nominale de 100Ah, avec un poids net de 85KG. La batterie adopte le type de batterie LiFePO4\/lithium, utilisant des cellules de batterie LiFePO4 de haute qualit\u00e9 pour garantir des performances stables et fiables.<br \/>\nAvec une dur\u00e9e de vie de 6000 fois, cette batterie peut fournir une alimentation efficace et \u00e0 long terme aux v\u00e9hicules \u00e9lectriques. En tant que batterie lithium-ion\/LiFePO4, elle combine les avantages d'une grande s\u00e9curit\u00e9 et d'une longue dur\u00e9e de vie. En outre, des services OEM et ODM sont disponibles pour r\u00e9pondre aux exigences personnalis\u00e9es des diff\u00e9rentes applications pour v\u00e9hicules \u00e9lectriques.<\/p>","protected":false},"excerpt":{"rendered":"<p>Batterie de bateau de grande capacit\u00e9, batterie de bateau 24V, batterie marine rechargeable 12V 24V 48V pour bateaux, O\u00f9 acheter une batterie de chariot \u00e9l\u00e9vateur \u00e0 fourche ?<\/p>","protected":false},"featured_media":963,"template":"","meta":{"_gspb_post_css":""},"product_brand":[],"product_cat":[494,493,504,492],"product_tag":[362,361,360,363],"class_list":{"0":"post-519","1":"product","2":"type-product","3":"status-publish","4":"has-post-thumbnail","6":"product_cat-12v-lifepo4-battery","7":"product_cat-12v-rv-lifepo4-battery","8":"product_cat-lead-acid-replacement-batteries","9":"product_cat-rv-lifepo4-battery","10":"product_tag-12v-24v-48v-rechargeable-marine-battery-for-boats","11":"product_tag-24v-boat-battery","12":"product_tag-large-capacity-boat-battery","13":"product_tag-where-to-buy-forklift-battery-pack","15":"first","16":"instock","17":"featured","18":"shipping-taxable","19":"product-type-simple"},"_links":{"self":[{"href":"https:\/\/coresparkbattery.com\/fr\/wp-json\/wp\/v2\/product\/519","targetHints":{"allow":["GET"]}}],"collection":[{"href":"https:\/\/coresparkbattery.com\/fr\/wp-json\/wp\/v2\/product"}],"about":[{"href":"https:\/\/coresparkbattery.com\/fr\/wp-json\/wp\/v2\/types\/product"}],"wp:featuredmedia":[{"embeddable":true,"href":"https:\/\/coresparkbattery.com\/fr\/wp-json\/wp\/v2\/media\/963"}],"wp:attachment":[{"href":"https:\/\/coresparkbattery.com\/fr\/wp-json\/wp\/v2\/media?parent=519"}],"wp:term":[{"taxonomy":"product_brand","embeddable":true,"href":"https:\/\/coresparkbattery.com\/fr\/wp-json\/wp\/v2\/product_brand?post=519"},{"taxonomy":"product_cat","embeddable":true,"href":"https:\/\/coresparkbattery.com\/fr\/wp-json\/wp\/v2\/product_cat?post=519"},{"taxonomy":"product_tag","embeddable":true,"href":"https:\/\/coresparkbattery.com\/fr\/wp-json\/wp\/v2\/product_tag?post=519"}],"curies":[{"name":"wp","href":"https:\/\/api.w.org\/{rel}","templated":true}]}}