{"id":517,"date":"2026-04-28T08:15:40","date_gmt":"2026-04-28T08:15:40","guid":{"rendered":"https:\/\/coresparkbattery.com\/lfp-solar-battery-pack-rechargeable-with-bms-12-8v-200ah-300ah-400ah-lithium-ion-home-energy-storage-battery-lifepo4\/"},"modified":"2026-04-28T11:05:19","modified_gmt":"2026-04-28T11:05:19","slug":"lfp-solar-battery-pack-rechargeable-with-bms-12-8v-200ah-300ah-400ah-lithium-ion-home-energy-storage-battery-lifepo4","status":"publish","type":"product","link":"https:\/\/coresparkbattery.com\/fr\/lfp-solar-battery-pack-rechargeable-with-bms-12-8v-200ah-300ah-400ah-lithium-ion-home-energy-storage-battery-lifepo4\/","title":{"rendered":"LFP Solar Battery Pack Rechargeable With BMS 12.8V 200Ah 300Ah 400Ah Lithium Ion Home Energy Storage Battery LiFePO4"},"content":{"rendered":"<p>Il s'agit d'une batterie lithium-ion LiFePO4 12V 150Ah avec un rendement \u00e9nerg\u00e9tique de 1920Wh. Elle se caract\u00e9rise par une construction l\u00e9g\u00e8re et une densit\u00e9 \u00e9nerg\u00e9tique plus \u00e9lev\u00e9e, offrant des performances sup\u00e9rieures \u00e0 celles des batteries Ni-Cd et Ni-MH traditionnelles.<br \/>\nLa taille et la capacit\u00e9 de toutes les batteries LiFePO4 peuvent \u00eatre personnalis\u00e9es pour r\u00e9pondre \u00e0 des besoins sp\u00e9cifiques, ce qui permet d'offrir des services OEM et ODM. Elles offrent une longue dur\u00e9e de vie de 1000 \u00e0 6000 cycles, avec une plage de temp\u00e9rature de charge de 0\u00b0C-45\u00b0C et une plage de d\u00e9charge de -20\u00b0C~60\u00b0C (ou -20\u00b0C~55\u00b0C).<br \/>\nCette batterie est certifi\u00e9e CE, UN38.3, MSDS, RoHS et ISO9001. Chaque unit\u00e9 subit une inspection compl\u00e8te 100% avant livraison, couvrant les tests de r\u00e9sistance interne, la v\u00e9rification de la plate-forme de d\u00e9charge et la d\u00e9tection de l'autod\u00e9charge afin de garantir une qualit\u00e9 stable et fiable.<\/p>","protected":false},"excerpt":{"rendered":"<p>Batterie marine au lithium, Batterie de bateau \u00e0 dur\u00e9e de vie \u00e9lev\u00e9e, Batterie rechargeable LiFePO4 pour propulsion marine, Comment entretenir une batterie de chariot \u00e9l\u00e9vateur \u00e0 fourche<\/p>","protected":false},"featured_media":953,"template":"","meta":{"_gspb_post_css":""},"product_brand":[],"product_cat":[494],"product_tag":[354,355,343,347],"class_list":{"0":"post-517","1":"product","2":"type-product","3":"status-publish","4":"has-post-thumbnail","6":"product_cat-12v-lifepo4-battery","7":"product_tag-high-cycle-life-boat-battery","8":"product_tag-how-to-maintain-forklift-battery-pack","9":"product_tag-marine-lithium-battery","10":"product_tag-rechargeable-lifepo4-battery-for-marine-propulsion","12":"first","13":"instock","14":"featured","15":"shipping-taxable","16":"product-type-simple"},"_links":{"self":[{"href":"https:\/\/coresparkbattery.com\/fr\/wp-json\/wp\/v2\/product\/517","targetHints":{"allow":["GET"]}}],"collection":[{"href":"https:\/\/coresparkbattery.com\/fr\/wp-json\/wp\/v2\/product"}],"about":[{"href":"https:\/\/coresparkbattery.com\/fr\/wp-json\/wp\/v2\/types\/product"}],"wp:featuredmedia":[{"embeddable":true,"href":"https:\/\/coresparkbattery.com\/fr\/wp-json\/wp\/v2\/media\/953"}],"wp:attachment":[{"href":"https:\/\/coresparkbattery.com\/fr\/wp-json\/wp\/v2\/media?parent=517"}],"wp:term":[{"taxonomy":"product_brand","embeddable":true,"href":"https:\/\/coresparkbattery.com\/fr\/wp-json\/wp\/v2\/product_brand?post=517"},{"taxonomy":"product_cat","embeddable":true,"href":"https:\/\/coresparkbattery.com\/fr\/wp-json\/wp\/v2\/product_cat?post=517"},{"taxonomy":"product_tag","embeddable":true,"href":"https:\/\/coresparkbattery.com\/fr\/wp-json\/wp\/v2\/product_tag?post=517"}],"curies":[{"name":"wp","href":"https:\/\/api.w.org\/{rel}","templated":true}]}}