{"id":514,"date":"2026-04-28T08:15:40","date_gmt":"2026-04-28T08:15:40","guid":{"rendered":"https:\/\/coresparkbattery.com\/12v-200ah-outdoor-lighting-battery-rechargeable-lithium-ion-battery-pack-12v-deep-cycle-energy-storage-battery\/"},"modified":"2026-04-28T11:01:16","modified_gmt":"2026-04-28T11:01:16","slug":"12v-200ah-outdoor-lighting-battery-rechargeable-lithium-ion-battery-pack-12v-deep-cycle-energy-storage-battery","status":"publish","type":"product","link":"https:\/\/coresparkbattery.com\/fr\/12v-200ah-outdoor-lighting-battery-rechargeable-lithium-ion-battery-pack-12v-deep-cycle-energy-storage-battery\/","title":{"rendered":"Batterie d'\u00e9clairage ext\u00e9rieur 12V 200Ah Batterie rechargeable au lithium-ion Batterie de stockage d'\u00e9nergie \u00e0 cycle profond 12V"},"content":{"rendered":"<p>Ce produit est une batterie de stockage d'\u00e9nergie de 12,8V avec une tension nominale personnalisable de 12V ou 24V pour r\u00e9pondre aux diff\u00e9rents besoins des applications. Il offre des capacit\u00e9s nominales optionnelles de 100Ah, 200Ah et 300Ah au choix des clients, et prend en charge une s\u00e9lection flexible de types de cellules, y compris LiFePO4, les batteries lithium-ion et les cellules 32700, ainsi que les modes de charge\/d\u00e9charge de la m\u00eame extr\u00e9mit\u00e9 ou de l'h\u00e9r\u00e9sie.<br \/>\nAdoptant des cellules de batterie au phosphate de fer lithium de qualit\u00e9 A, elle offre une dur\u00e9e de vie extr\u00eamement longue, jusqu'\u00e0 6 000 fois. Le courant de charge maximal est de 50A pour 100Ah, 100A pour 200Ah et 150A pour 300Ah, tandis que le courant de d\u00e9charge maximal est de 100A pour 100Ah, 150A pour 200Ah et 150A pour 300Ah. \u00c9quip\u00e9 d'une protection contre la surd\u00e9charge d'une seule cellule \u00e0 2,8V\u00b120mV, il garantit un fonctionnement s\u00fbr et stable.<br \/>\nLa batterie poss\u00e8de des certifications compl\u00e8tes, notamment CE, RoHS, UN38.3 et MSDS, et offre en option une fonction APP Bluetooth pour une surveillance intelligente. Elle se caract\u00e9rise par une large plage de temp\u00e9ratures de fonctionnement : 0~45\u00b0C pour la charge et -20~60\u00b0C pour la d\u00e9charge ; la temp\u00e9rature de stockage est de -5~35\u00b0C dans un d\u00e9lai d'un mois et de 0~35\u00b0C dans un d\u00e9lai de 6 mois.<br \/>\nLargement utilis\u00e9e pour l'\u00e9clairage solaire, le stockage de l'\u00e9nergie solaire, les stations de t\u00e9l\u00e9communications, les v\u00e9hicules \u00e9lectriques, les bateaux, les v\u00e9hicules de loisirs, les centrales \u00e9lectriques et le stockage de l'\u00e9nergie des syst\u00e8mes solaires domestiques, cette batterie constitue une solution d'alimentation fiable pour divers sc\u00e9narios.<br \/>\n\u9700\u8981\u6211\u628a\u8fd9\u6bb5\u6539\u6210\u66f4\u7b80\u6d01\u7684\u5916\u8d38\u77ed\u63cf\u8ff0\uff0c\u6216\u8005\u62c6\u6210\u4e9a\u9a6c\u900a\u4e94\u70b9 Bullet\u5417\uff1f<\/p>","protected":false},"excerpt":{"rendered":"<p>Batterie LiFePO4 12V 24V 48V, Batterie de propulsion marine, Batterie lithium fer phosphate 12V 24V 48V pour h\u00e9lice de bateau, Batterie de puissance marine<\/p>","protected":false},"featured_media":940,"template":"","meta":{"_gspb_post_css":""},"product_brand":[],"product_cat":[494,499],"product_tag":[340,344,349,348],"class_list":{"0":"post-514","1":"product","2":"type-product","3":"status-publish","4":"has-post-thumbnail","6":"product_cat-12v-lifepo4-battery","7":"product_cat-24v-lifepo4-battery","8":"product_tag-12v-24v-48v-lifepo4-battery","9":"product_tag-12v-24v-48v-lithium-iron-phosphate-battery-for-boat-propeller","10":"product_tag-marine-power-battery","11":"product_tag-marine-propulsion-battery","13":"first","14":"instock","15":"featured","16":"shipping-taxable","17":"product-type-simple"},"_links":{"self":[{"href":"https:\/\/coresparkbattery.com\/fr\/wp-json\/wp\/v2\/product\/514","targetHints":{"allow":["GET"]}}],"collection":[{"href":"https:\/\/coresparkbattery.com\/fr\/wp-json\/wp\/v2\/product"}],"about":[{"href":"https:\/\/coresparkbattery.com\/fr\/wp-json\/wp\/v2\/types\/product"}],"wp:featuredmedia":[{"embeddable":true,"href":"https:\/\/coresparkbattery.com\/fr\/wp-json\/wp\/v2\/media\/940"}],"wp:attachment":[{"href":"https:\/\/coresparkbattery.com\/fr\/wp-json\/wp\/v2\/media?parent=514"}],"wp:term":[{"taxonomy":"product_brand","embeddable":true,"href":"https:\/\/coresparkbattery.com\/fr\/wp-json\/wp\/v2\/product_brand?post=514"},{"taxonomy":"product_cat","embeddable":true,"href":"https:\/\/coresparkbattery.com\/fr\/wp-json\/wp\/v2\/product_cat?post=514"},{"taxonomy":"product_tag","embeddable":true,"href":"https:\/\/coresparkbattery.com\/fr\/wp-json\/wp\/v2\/product_tag?post=514"}],"curies":[{"name":"wp","href":"https:\/\/api.w.org\/{rel}","templated":true}]}}