{"id":511,"date":"2026-04-28T08:15:40","date_gmt":"2026-04-28T08:15:40","guid":{"rendered":"https:\/\/coresparkbattery.com\/12v-100ah-lifepo4-lithium-ion-battery-replacement-pack-for-solar-rv-marine-camping-gnli-brand-1500-cycles\/"},"modified":"2026-04-28T10:57:45","modified_gmt":"2026-04-28T10:57:45","slug":"12v-100ah-lifepo4-lithium-ion-battery-replacement-pack-for-solar-rv-marine-camping-gnli-brand-1500-cycles","status":"publish","type":"product","link":"https:\/\/coresparkbattery.com\/fr\/12v-100ah-lifepo4-lithium-ion-battery-replacement-pack-for-solar-rv-marine-camping-gnli-brand-1500-cycles\/","title":{"rendered":"Batterie 12V 100Ah LiFePO4 Lithium Ion Pack de remplacement pour Camping Solaire RV Marine GNLi Brand 1500 Cycles"},"content":{"rendered":"<p>Cette batterie au lithium LiFePO4 12V de GNLi se caract\u00e9rise par une longue dur\u00e9e de vie allant jusqu'\u00e0 1500 cycles, en utilisant du LiFePO4 de haute qualit\u00e9 comme mat\u00e9riau de cathode. Elle prend en charge une quantit\u00e9 de charge maximale de 32 cellules et peut fonctionner de mani\u00e8re fiable dans une large plage de temp\u00e9rature de -20\u2103 \u00e0 +60\u2103.<br \/>\nDisponible en capacit\u00e9s de 50Ah, 100Ah, 150Ah, 200Ah et 300Ah avec des options de tension de 12V et 12.8V, cette batterie est \u00e9quip\u00e9e de cellules LiFePO4 de 3.2V et b\u00e9n\u00e9ficie d'une garantie de 2 ans. Elle porte le num\u00e9ro de mod\u00e8le GN 12V100AH, mesure 330175216mm, p\u00e8se 12kgs et est originaire de Guangdong, Chine.<br \/>\nCon\u00e7ue pour les applications solaires, les v\u00e9hicules de loisirs et les applications marines, elle prend en charge un courant de charge de 30A et un courant de d\u00e9charge de 50A. Les services OEM et ODM sont \u00e9galement accept\u00e9s.<\/p>","protected":false},"excerpt":{"rendered":"<p>comment installer une batterie 24V LiFePO4 RV, prix d'une batterie 24V LiFePO4 RV, dur\u00e9e de vie d'une batterie 24V LiFePO4 RV, garantie d'une batterie 24V LiFePO4 RV<\/p>","protected":false},"featured_media":925,"template":"","meta":{"_gspb_post_css":""},"product_brand":[],"product_cat":[494,493,499,498,492],"product_tag":[337,339,338,336],"class_list":{"0":"post-511","1":"product","2":"type-product","3":"status-publish","4":"has-post-thumbnail","6":"product_cat-12v-lifepo4-battery","7":"product_cat-12v-rv-lifepo4-battery","8":"product_cat-24v-lifepo4-battery","9":"product_cat-24v-rv-lifepo4-battery","10":"product_cat-rv-lifepo4-battery","11":"product_tag-24v-lifepo4-rv-battery-price","12":"product_tag-24v-lifepo4-rv-battery-warranty","13":"product_tag-how-long-does-24v-lifepo4-rv-battery-last","14":"product_tag-how-to-install-24v-lifepo4-rv-battery","16":"first","17":"instock","18":"featured","19":"shipping-taxable","20":"product-type-simple"},"_links":{"self":[{"href":"https:\/\/coresparkbattery.com\/fr\/wp-json\/wp\/v2\/product\/511","targetHints":{"allow":["GET"]}}],"collection":[{"href":"https:\/\/coresparkbattery.com\/fr\/wp-json\/wp\/v2\/product"}],"about":[{"href":"https:\/\/coresparkbattery.com\/fr\/wp-json\/wp\/v2\/types\/product"}],"wp:featuredmedia":[{"embeddable":true,"href":"https:\/\/coresparkbattery.com\/fr\/wp-json\/wp\/v2\/media\/925"}],"wp:attachment":[{"href":"https:\/\/coresparkbattery.com\/fr\/wp-json\/wp\/v2\/media?parent=511"}],"wp:term":[{"taxonomy":"product_brand","embeddable":true,"href":"https:\/\/coresparkbattery.com\/fr\/wp-json\/wp\/v2\/product_brand?post=511"},{"taxonomy":"product_cat","embeddable":true,"href":"https:\/\/coresparkbattery.com\/fr\/wp-json\/wp\/v2\/product_cat?post=511"},{"taxonomy":"product_tag","embeddable":true,"href":"https:\/\/coresparkbattery.com\/fr\/wp-json\/wp\/v2\/product_tag?post=511"}],"curies":[{"name":"wp","href":"https:\/\/api.w.org\/{rel}","templated":true}]}}