{"id":510,"date":"2026-04-28T08:15:40","date_gmt":"2026-04-28T08:15:40","guid":{"rendered":"https:\/\/coresparkbattery.com\/38-4v-690ah-lifepo4-lithium-ion-traction-battery-5-years-warranty-3000-cycles-electric-forklift-lift-truck-agv-built-in\/"},"modified":"2026-04-28T10:56:39","modified_gmt":"2026-04-28T10:56:39","slug":"38-4v-690ah-lifepo4-lithium-ion-traction-battery-5-years-warranty-3000-cycles-electric-forklift-lift-truck-agv-built-in","status":"publish","type":"product","link":"https:\/\/coresparkbattery.com\/fr\/38-4v-690ah-lifepo4-lithium-ion-traction-battery-5-years-warranty-3000-cycles-electric-forklift-lift-truck-agv-built-in\/","title":{"rendered":"38.4V 690Ah LiFePO4 Lithium Ion Traction Battery 5 Years Warranty 3000 Cycles Electric Forklift Lift Truck AGV Built-in"},"content":{"rendered":"<p>Ce bloc-batterie LiFePO4 pr\u00e9sente une dur\u00e9e de vie ultra-longue allant jusqu'\u00e0 3000 cycles, en adoptant des mat\u00e9riaux de cathode LiFePO4 de haute performance. Il prend en charge une quantit\u00e9 de charge maximale de 32 cellules et fonctionne de mani\u00e8re stable dans une plage de temp\u00e9rature de -20\u2103 \u00e0 60\u2103. Marque GNLi, ce mod\u00e8le est 38.4V 690Ah, \u00e9galement appel\u00e9 36V 690Ah, originaire de Guangdong, Chine. Il a une dimension standard de 45,733,223,9cm et une taille lourde de 968516780mm ou une taille personnalis\u00e9e, avec un poids net de 44kgs.<br \/>\nCon\u00e7ue pour les chariots \u00e9l\u00e9vateurs \u00e9lectriques, la batterie est \u00e9quip\u00e9e d'un BMS intelligent int\u00e9gr\u00e9 pour une protection totale. Elle offre un courant de d\u00e9charge maximal de 100A-200A et un courant de d\u00e9charge continu de 690A ou une valeur personnalisable. La communication peut \u00eatre r\u00e9alis\u00e9e via le port CANBus ou des ports personnalis\u00e9s. Les services OEM et ODM sont accept\u00e9s. La batterie n\u00e9cessite des conditions de stockage normales pour une utilisation s\u00fbre et \u00e0 long terme.<\/p>","protected":false},"excerpt":{"rendered":"<p>Syst\u00e8mes d'alimentation \u00e9lectrique, V\u00e9los\/scooters \u00e9lectriques, Chariots \u00e9l\u00e9vateurs \u00e9lectriques, SOUS-MARINS, Appareils m\u00e9nagers, V\u00e9hicules \u00e9lectriques, Drone, Robot aspirateur<\/p>","protected":false},"featured_media":920,"template":"","meta":{"_gspb_post_css":""},"product_brand":[],"product_cat":[491],"product_tag":[333,328,329,327,332,331,334,330],"class_list":{"0":"post-510","1":"product","2":"type-product","3":"status-publish","4":"has-post-thumbnail","6":"product_cat-forklift-battery-pack","7":"product_tag-drone","8":"product_tag-electric-bicycles-scooters","9":"product_tag-electric-forklifts","10":"product_tag-electric-power-systems","11":"product_tag-electric-vehicles","12":"product_tag-home-appliances","13":"product_tag-robot-vacuum-cleaner","14":"product_tag-submarines","16":"first","17":"instock","18":"featured","19":"shipping-taxable","20":"product-type-simple"},"_links":{"self":[{"href":"https:\/\/coresparkbattery.com\/fr\/wp-json\/wp\/v2\/product\/510","targetHints":{"allow":["GET"]}}],"collection":[{"href":"https:\/\/coresparkbattery.com\/fr\/wp-json\/wp\/v2\/product"}],"about":[{"href":"https:\/\/coresparkbattery.com\/fr\/wp-json\/wp\/v2\/types\/product"}],"wp:featuredmedia":[{"embeddable":true,"href":"https:\/\/coresparkbattery.com\/fr\/wp-json\/wp\/v2\/media\/920"}],"wp:attachment":[{"href":"https:\/\/coresparkbattery.com\/fr\/wp-json\/wp\/v2\/media?parent=510"}],"wp:term":[{"taxonomy":"product_brand","embeddable":true,"href":"https:\/\/coresparkbattery.com\/fr\/wp-json\/wp\/v2\/product_brand?post=510"},{"taxonomy":"product_cat","embeddable":true,"href":"https:\/\/coresparkbattery.com\/fr\/wp-json\/wp\/v2\/product_cat?post=510"},{"taxonomy":"product_tag","embeddable":true,"href":"https:\/\/coresparkbattery.com\/fr\/wp-json\/wp\/v2\/product_tag?post=510"}],"curies":[{"name":"wp","href":"https:\/\/api.w.org\/{rel}","templated":true}]}}