{"id":508,"date":"2026-04-28T08:15:39","date_gmt":"2026-04-28T08:15:39","guid":{"rendered":"https:\/\/coresparkbattery.com\/customized-lifepo4-24v-36v-70v-80v-forklift-battery-with-200ah-400ah-500ah-600ah-lithium-ion-forklift-battery-2\/"},"modified":"2026-04-28T10:52:57","modified_gmt":"2026-04-28T10:52:57","slug":"customized-lifepo4-24v-36v-70v-80v-forklift-battery-with-200ah-400ah-500ah-600ah-lithium-ion-forklift-battery-2","status":"publish","type":"product","link":"https:\/\/coresparkbattery.com\/fr\/customized-lifepo4-24v-36v-70v-80v-forklift-battery-with-200ah-400ah-500ah-600ah-lithium-ion-forklift-battery-2\/","title":{"rendered":"Batterie pour chariot \u00e9l\u00e9vateur Lifepo4 24V 36v 70V 80v avec 200Ah 400Ah 500Ah 600Ah Batterie pour chariot \u00e9l\u00e9vateur au lithium-ion"},"content":{"rendered":"<p>Batterie LiFePO4 robuste et personnalisable<br \/>\nNous proposons des solutions de batteries polyvalentes avec des tensions de 24V\/36V\/48V\/60V\/70V\/72V\/80V, une capacit\u00e9 de 100Ah-1000Ah, et une \u00e9nergie allant jusqu'\u00e0 80000Wh. La taille et le poids sont enti\u00e8rement personnalisables. Construite pour durer plus de 5000 cycles, elle supporte un courant de d\u00e9charge continu et de pointe \u00e9lev\u00e9. Il fonctionne de mani\u00e8re fiable de -20\u00b0C \u00e0 55\u00b0C et prend en charge les communications CAN, 485 et sans fil pour une int\u00e9gration intelligente du syst\u00e8me.<br \/>\nPourquoi s'associer \u00e0 nous ?<br \/>\nUsine certifi\u00e9e ISO 9001. \u00c9quipe d'experts en R&amp;D avec des ann\u00e9es d'exp\u00e9rience. Support OEM et ODM complet. Plusieurs lignes de production pour la production de masse. Contr\u00f4le strict de la qualit\u00e9 pour garantir des performances de premier ordre. Production enti\u00e8rement int\u00e9gr\u00e9e pour une qualit\u00e9 constante et une livraison dans les d\u00e9lais.<\/p>","protected":false},"excerpt":{"rendered":"<p>Batterie 24V 300Ah pour chariot \u00e9l\u00e9vateur, Batterie LiFePO4 pour chariot \u00e9l\u00e9vateur, Batterie longue dur\u00e9e pour chariot \u00e9l\u00e9vateur, Batterie pour chariot \u00e9l\u00e9vateur \u00e0 conducteur assis<\/p>","protected":false},"featured_media":910,"template":"","meta":{"_gspb_post_css":""},"product_brand":[],"product_cat":[491],"product_tag":[319,322,321,320],"class_list":{"0":"post-508","1":"product","2":"type-product","3":"status-publish","4":"has-post-thumbnail","6":"product_cat-forklift-battery-pack","7":"product_tag-24v-300ah-forklift-battery-pack","8":"product_tag-forklift-battery-pack-for-sit-down-rider","9":"product_tag-forklift-battery-pack-long-life","10":"product_tag-lifepo4-forklift-battery-pack","12":"first","13":"instock","14":"featured","15":"shipping-taxable","16":"product-type-simple"},"_links":{"self":[{"href":"https:\/\/coresparkbattery.com\/fr\/wp-json\/wp\/v2\/product\/508","targetHints":{"allow":["GET"]}}],"collection":[{"href":"https:\/\/coresparkbattery.com\/fr\/wp-json\/wp\/v2\/product"}],"about":[{"href":"https:\/\/coresparkbattery.com\/fr\/wp-json\/wp\/v2\/types\/product"}],"wp:featuredmedia":[{"embeddable":true,"href":"https:\/\/coresparkbattery.com\/fr\/wp-json\/wp\/v2\/media\/910"}],"wp:attachment":[{"href":"https:\/\/coresparkbattery.com\/fr\/wp-json\/wp\/v2\/media?parent=508"}],"wp:term":[{"taxonomy":"product_brand","embeddable":true,"href":"https:\/\/coresparkbattery.com\/fr\/wp-json\/wp\/v2\/product_brand?post=508"},{"taxonomy":"product_cat","embeddable":true,"href":"https:\/\/coresparkbattery.com\/fr\/wp-json\/wp\/v2\/product_cat?post=508"},{"taxonomy":"product_tag","embeddable":true,"href":"https:\/\/coresparkbattery.com\/fr\/wp-json\/wp\/v2\/product_tag?post=508"}],"curies":[{"name":"wp","href":"https:\/\/api.w.org\/{rel}","templated":true}]}}