{"id":507,"date":"2026-04-28T08:15:39","date_gmt":"2026-04-28T08:15:39","guid":{"rendered":"https:\/\/coresparkbattery.com\/customized-lifepo4-24v-36v-70v-80v-forklift-battery-with-200ah-400ah-500ah-600ah-lithium-ion-forklift-battery\/"},"modified":"2026-04-28T10:51:48","modified_gmt":"2026-04-28T10:51:48","slug":"customized-lifepo4-24v-36v-70v-80v-forklift-battery-with-200ah-400ah-500ah-600ah-lithium-ion-forklift-battery","status":"publish","type":"product","link":"https:\/\/coresparkbattery.com\/fr\/customized-lifepo4-24v-36v-70v-80v-forklift-battery-with-200ah-400ah-500ah-600ah-lithium-ion-forklift-battery\/","title":{"rendered":"Batterie pour chariot \u00e9l\u00e9vateur Lifepo4 24V 36v 70V 80v avec 200Ah 400Ah 500Ah 600Ah Batterie pour chariot \u00e9l\u00e9vateur au lithium-ion"},"content":{"rendered":"<p>Sp\u00e9cification du produit<br \/>\nTension nominale : 24V\/36V\/48V\/60V\/70V\/72V\/80V<br \/>\nCapacit\u00e9 nominale : 100Ah-1000Ah<br \/>\n\u00c9nergie nominale : 2560Wh-80000Wh<br \/>\nDur\u00e9e de vie : \u22655000 cycles<br \/>\nTemp\u00e9rature de charge\/d\u00e9charge\/stockage : 0~45\u00b0C \/ -20~55\u00b0C \/ -10~45\u00b0C<br \/>\nCourant de charge et de d\u00e9charge : personnalisable jusqu'\u00e0 300 A en continu, 600 A en pointe<br \/>\nCommunication : CAN v\u00e9hicule, CAN charge, CAN intranet, 485, sans fil<br \/>\nDimension et poids : Personnalis\u00e9<br \/>\nPoints forts de l'entreprise<br \/>\nFabricant certifi\u00e9 ISO 9001. Forte capacit\u00e9 de R&amp;D avec une \u00e9quipe technique exp\u00e9riment\u00e9e. Service professionnel OEM et ODM. Plusieurs lignes de production et une main-d'\u0153uvre suffisante. Un syst\u00e8me strict de contr\u00f4le de la qualit\u00e9 garantit une qualit\u00e9 \u00e9lev\u00e9e et constante. Production int\u00e9gr\u00e9e pour un approvisionnement rentable et stable.<\/p>","protected":false},"excerpt":{"rendered":"<p>Batterie 24V 200Ah pour chariot \u00e9l\u00e9vateur, Batterie lithium pour chariot \u00e9l\u00e9vateur, Batterie pour chariot \u00e9l\u00e9vateur sans entretien, Batterie pour chariot \u00e9l\u00e9vateur \u00e0 contrepoids<\/p>","protected":false},"featured_media":905,"template":"","meta":{"_gspb_post_css":""},"product_brand":[],"product_cat":[491],"product_tag":[315,318,317,316],"class_list":{"0":"post-507","1":"product","2":"type-product","3":"status-publish","4":"has-post-thumbnail","6":"product_cat-forklift-battery-pack","7":"product_tag-24v-200ah-forklift-battery-pack","8":"product_tag-forklift-battery-pack-for-counterbalance","9":"product_tag-forklift-battery-pack-maintenance-free","10":"product_tag-lithium-forklift-battery-pack","12":"first","13":"instock","14":"featured","15":"shipping-taxable","16":"product-type-simple"},"_links":{"self":[{"href":"https:\/\/coresparkbattery.com\/fr\/wp-json\/wp\/v2\/product\/507","targetHints":{"allow":["GET"]}}],"collection":[{"href":"https:\/\/coresparkbattery.com\/fr\/wp-json\/wp\/v2\/product"}],"about":[{"href":"https:\/\/coresparkbattery.com\/fr\/wp-json\/wp\/v2\/types\/product"}],"wp:featuredmedia":[{"embeddable":true,"href":"https:\/\/coresparkbattery.com\/fr\/wp-json\/wp\/v2\/media\/905"}],"wp:attachment":[{"href":"https:\/\/coresparkbattery.com\/fr\/wp-json\/wp\/v2\/media?parent=507"}],"wp:term":[{"taxonomy":"product_brand","embeddable":true,"href":"https:\/\/coresparkbattery.com\/fr\/wp-json\/wp\/v2\/product_brand?post=507"},{"taxonomy":"product_cat","embeddable":true,"href":"https:\/\/coresparkbattery.com\/fr\/wp-json\/wp\/v2\/product_cat?post=507"},{"taxonomy":"product_tag","embeddable":true,"href":"https:\/\/coresparkbattery.com\/fr\/wp-json\/wp\/v2\/product_tag?post=507"}],"curies":[{"name":"wp","href":"https:\/\/api.w.org\/{rel}","templated":true}]}}