{"id":505,"date":"2026-04-28T08:15:39","date_gmt":"2026-04-28T08:15:39","guid":{"rendered":"https:\/\/coresparkbattery.com\/48v-deep-cycle-forklift-battery-48v-300ah-lithium-72v-100ah-150ah-200ah-300ah-400ah-500ah-lithium-lifepo4-battery-for-forklifts\/"},"modified":"2026-04-28T10:49:31","modified_gmt":"2026-04-28T10:49:31","slug":"48v-deep-cycle-forklift-battery-48v-300ah-lithium-72v-100ah-150ah-200ah-300ah-400ah-500ah-lithium-lifepo4-battery-for-forklifts","status":"publish","type":"product","link":"https:\/\/coresparkbattery.com\/fr\/48v-deep-cycle-forklift-battery-48v-300ah-lithium-72v-100ah-150ah-200ah-300ah-400ah-500ah-lithium-lifepo4-battery-for-forklifts\/","title":{"rendered":"48V Deep Cycle Forklift Battery 48V 300Ah Lithium 72V 100ah 150ah 200Ah 300Ah 400Ah 500Ah Lithium Lifepo4 Battery for Forklifts"},"content":{"rendered":"<p>Sp\u00e9cifications de la batterie LiFePO4<br \/>\nCette batterie au lithium prend en charge des tensions nominales de 24V\/36V\/48V\/60V\/70V\/72V\/80V, avec une capacit\u00e9 nominale allant de 100Ah \u00e0 1000Ah et une \u00e9nergie nominale de 2560Wh \u00e0 80000Wh. Les dimensions et le poids sont enti\u00e8rement personnalis\u00e9s pour r\u00e9pondre aux besoins des diff\u00e9rentes applications. Elle offre \u22655000 cycles profonds pour une longue dur\u00e9e de vie. La tension de charge varie de 29,3V \u00e0 91,3V, et la tension de coupure de d\u00e9charge de 20V \u00e0 62,5V. Le courant de charge continu maximum atteint 100A (personnalisable), le courant de d\u00e9charge continu maximum est de 100A\/200A\/300A (personnalisable), et le courant de d\u00e9charge de pointe peut atteindre 600A (personnalisable).<br \/>\nIl se caract\u00e9rise par une large plage de temp\u00e9ratures : charge \u00e0 0~45\u00b0C, d\u00e9charge \u00e0 -20~55\u00b0C et stockage \u00e0 -10~45\u00b0C. Plusieurs modes de communication sont pris en charge, notamment Vehicle CAN, Charge CAN, Intranet CAN, RS485 et communication sans fil.<br \/>\nPourquoi nous choisir ?<br \/>\nNous sommes une usine certifi\u00e9e ISO 9001 et disposons d'une \u00e9quipe de R&amp;D professionnelle compos\u00e9e d'ing\u00e9nieurs et de concepteurs exp\u00e9riment\u00e9s. Nous sommes sp\u00e9cialis\u00e9s dans les services OEM et ODM et disposons de plusieurs lignes de production et d'une main-d'\u0153uvre qualifi\u00e9e. Gr\u00e2ce \u00e0 des syst\u00e8mes de contr\u00f4le de la qualit\u00e9 stricts tout au long de la production, nous garantissons des produits stables et performants par le biais d'une fabrication int\u00e9gr\u00e9e, des mati\u00e8res premi\u00e8res aux produits finis.<\/p>","protected":false},"excerpt":{"rendered":"<p>Batterie 80V pour chariot \u00e9l\u00e9vateur, Batterie pour chariot \u00e9l\u00e9vateur, Batterie haute capacit\u00e9 pour chariot \u00e9l\u00e9vateur, Batterie pour chariot \u00e9l\u00e9vateur pour transpalette<\/p>","protected":false},"featured_media":897,"template":"","meta":{"_gspb_post_css":""},"product_brand":[],"product_cat":[491],"product_tag":[307,308,310,309],"class_list":{"0":"post-505","1":"product","2":"type-product","3":"status-publish","4":"has-post-thumbnail","6":"product_cat-forklift-battery-pack","7":"product_tag-80v-forklift-battery-pack","8":"product_tag-forklift-battery-pack","9":"product_tag-forklift-battery-pack-for-pallet-jack","10":"product_tag-high-capacity-forklift-battery-pack","12":"first","13":"instock","14":"featured","15":"shipping-taxable","16":"product-type-simple"},"_links":{"self":[{"href":"https:\/\/coresparkbattery.com\/fr\/wp-json\/wp\/v2\/product\/505","targetHints":{"allow":["GET"]}}],"collection":[{"href":"https:\/\/coresparkbattery.com\/fr\/wp-json\/wp\/v2\/product"}],"about":[{"href":"https:\/\/coresparkbattery.com\/fr\/wp-json\/wp\/v2\/types\/product"}],"wp:featuredmedia":[{"embeddable":true,"href":"https:\/\/coresparkbattery.com\/fr\/wp-json\/wp\/v2\/media\/897"}],"wp:attachment":[{"href":"https:\/\/coresparkbattery.com\/fr\/wp-json\/wp\/v2\/media?parent=505"}],"wp:term":[{"taxonomy":"product_brand","embeddable":true,"href":"https:\/\/coresparkbattery.com\/fr\/wp-json\/wp\/v2\/product_brand?post=505"},{"taxonomy":"product_cat","embeddable":true,"href":"https:\/\/coresparkbattery.com\/fr\/wp-json\/wp\/v2\/product_cat?post=505"},{"taxonomy":"product_tag","embeddable":true,"href":"https:\/\/coresparkbattery.com\/fr\/wp-json\/wp\/v2\/product_tag?post=505"}],"curies":[{"name":"wp","href":"https:\/\/api.w.org\/{rel}","templated":true}]}}