{"id":504,"date":"2026-04-28T08:15:39","date_gmt":"2026-04-28T08:15:39","guid":{"rendered":"https:\/\/coresparkbattery.com\/lithium-iron-phosphate-battery-for-forklift-72v-100ah-150ah-200ah-300ah-400ah-500ah-lithium-lifepo4-battery-for-forklifts\/"},"modified":"2026-04-28T10:48:36","modified_gmt":"2026-04-28T10:48:36","slug":"lithium-iron-phosphate-battery-for-forklift-72v-100ah-150ah-200ah-300ah-400ah-500ah-lithium-lifepo4-battery-for-forklifts","status":"publish","type":"product","link":"https:\/\/coresparkbattery.com\/fr\/lithium-iron-phosphate-battery-for-forklift-72v-100ah-150ah-200ah-300ah-400ah-500ah-lithium-lifepo4-battery-for-forklifts\/","title":{"rendered":"Batterie Lithium Fer Phosphate pour chariot \u00e9l\u00e9vateur 72V 100ah 150ah 200Ah 300Ah 400Ah 500Ah Batterie Lithium Lifepo4 pour chariot \u00e9l\u00e9vateur"},"content":{"rendered":"<p>Batterie LiFePO4 pour chariot \u00e9l\u00e9vateur<br \/>\nLiFePO4 mat\u00e9riau de cathode | 4000-5000 cycles | Temp\u00e9rature de fonctionnement -20\u2103 ~ 55\u2103 | Max 32 cellules | Voltages : 24V,36V,48V,60V,70V,72V,80V | Marque, dimension, taille et poids personnalis\u00e9s | OEM\/ODM acceptable | MOQ:10pcs | Rechargeable | 5 ans de garantie | Fabriqu\u00e9 \u00e0 Guangdong, Chine.<\/p>","protected":false},"excerpt":{"rendered":"<p>Batterie 72V pour chariot \u00e9l\u00e9vateur, Batterie pour chariot \u00e9l\u00e9vateur \u00e0 vendre, Batterie pour chariot \u00e9l\u00e9vateur \u00e0 usage intensif, Batterie pour chariot \u00e9l\u00e9vateur \u00e0 m\u00e2t r\u00e9tractable<\/p>","protected":false},"featured_media":892,"template":"","meta":{"_gspb_post_css":""},"product_brand":[],"product_cat":[491],"product_tag":[303,306,304,305],"class_list":{"0":"post-504","1":"product","2":"type-product","3":"status-publish","4":"has-post-thumbnail","6":"product_cat-forklift-battery-pack","7":"product_tag-72v-forklift-battery-pack","8":"product_tag-forklift-battery-pack-for-reach-truck","9":"product_tag-forklift-battery-pack-for-sale","10":"product_tag-heavy-duty-forklift-battery-pack","12":"first","13":"instock","14":"featured","15":"shipping-taxable","16":"product-type-simple"},"_links":{"self":[{"href":"https:\/\/coresparkbattery.com\/fr\/wp-json\/wp\/v2\/product\/504","targetHints":{"allow":["GET"]}}],"collection":[{"href":"https:\/\/coresparkbattery.com\/fr\/wp-json\/wp\/v2\/product"}],"about":[{"href":"https:\/\/coresparkbattery.com\/fr\/wp-json\/wp\/v2\/types\/product"}],"wp:featuredmedia":[{"embeddable":true,"href":"https:\/\/coresparkbattery.com\/fr\/wp-json\/wp\/v2\/media\/892"}],"wp:attachment":[{"href":"https:\/\/coresparkbattery.com\/fr\/wp-json\/wp\/v2\/media?parent=504"}],"wp:term":[{"taxonomy":"product_brand","embeddable":true,"href":"https:\/\/coresparkbattery.com\/fr\/wp-json\/wp\/v2\/product_brand?post=504"},{"taxonomy":"product_cat","embeddable":true,"href":"https:\/\/coresparkbattery.com\/fr\/wp-json\/wp\/v2\/product_cat?post=504"},{"taxonomy":"product_tag","embeddable":true,"href":"https:\/\/coresparkbattery.com\/fr\/wp-json\/wp\/v2\/product_tag?post=504"}],"curies":[{"name":"wp","href":"https:\/\/api.w.org\/{rel}","templated":true}]}}