{"id":503,"date":"2026-04-28T08:15:39","date_gmt":"2026-04-28T08:15:39","guid":{"rendered":"https:\/\/coresparkbattery.com\/factory-custom-lithium-battery-for-forklift-24v-36v-48v-300ah-800ah-high-capacity-forklift-battery-lifepo4-battery-for-forklifts\/"},"modified":"2026-04-28T10:47:42","modified_gmt":"2026-04-28T10:47:42","slug":"factory-custom-lithium-battery-for-forklift-24v-36v-48v-300ah-800ah-high-capacity-forklift-battery-lifepo4-battery-for-forklifts","status":"publish","type":"product","link":"https:\/\/coresparkbattery.com\/fr\/factory-custom-lithium-battery-for-forklift-24v-36v-48v-300ah-800ah-high-capacity-forklift-battery-lifepo4-battery-for-forklifts\/","title":{"rendered":"Batterie au lithium pour chariot \u00e9l\u00e9vateur 24V 36V 48V 300Ah 800Ah Batterie pour chariot \u00e9l\u00e9vateur Lifepo4 Batterie pour chariot \u00e9l\u00e9vateur \u00e0 grande capacit\u00e9"},"content":{"rendered":"<p>Batterie LiFePO4 pour chariot \u00e9l\u00e9vateur<br \/>\nCon\u00e7ue pour les applications de chariots \u00e9l\u00e9vateurs lourds, cette batterie LiFePO4 offre une dur\u00e9e de vie ultra-longue de 4 000 \u00e0 5 000 cycles et une excellente tol\u00e9rance \u00e0 la temp\u00e9rature de -20\u2103 \u00e0 55\u2103. Avec jusqu'\u00e0 32 cellules et des options de tension compl\u00e8tes (24V\/36V\/48V\/60V\/70V\/72V\/80V), elle est enti\u00e8rement personnalisable en termes de marque, de taille, de dimension et de poids. Les OEM et ODM sont pris en charge avec un faible MOQ de 10. Fabriqu\u00e9 \u00e0 Guangdong, en Chine, il est rechargeable et b\u00e9n\u00e9ficie d'une garantie de 5 ans.<\/p>","protected":false},"excerpt":{"rendered":"<p>Batterie pour chariot \u00e9l\u00e9vateur 60V, Batterie pour chariot \u00e9l\u00e9vateur de remplacement, Batterie pour chariot \u00e9l\u00e9vateur fournisseur, Batterie pour chariot \u00e9l\u00e9vateur pour le port<\/p>","protected":false},"featured_media":887,"template":"","meta":{"_gspb_post_css":""},"product_brand":[],"product_cat":[491],"product_tag":[299,302,300,301],"class_list":{"0":"post-503","1":"product","2":"type-product","3":"status-publish","4":"has-post-thumbnail","6":"product_cat-forklift-battery-pack","7":"product_tag-60v-forklift-battery-pack","8":"product_tag-forklift-battery-pack-for-port","9":"product_tag-forklift-battery-pack-replacement","10":"product_tag-forklift-battery-pack-supplier","12":"first","13":"instock","14":"featured","15":"shipping-taxable","16":"product-type-simple"},"_links":{"self":[{"href":"https:\/\/coresparkbattery.com\/fr\/wp-json\/wp\/v2\/product\/503","targetHints":{"allow":["GET"]}}],"collection":[{"href":"https:\/\/coresparkbattery.com\/fr\/wp-json\/wp\/v2\/product"}],"about":[{"href":"https:\/\/coresparkbattery.com\/fr\/wp-json\/wp\/v2\/types\/product"}],"wp:featuredmedia":[{"embeddable":true,"href":"https:\/\/coresparkbattery.com\/fr\/wp-json\/wp\/v2\/media\/887"}],"wp:attachment":[{"href":"https:\/\/coresparkbattery.com\/fr\/wp-json\/wp\/v2\/media?parent=503"}],"wp:term":[{"taxonomy":"product_brand","embeddable":true,"href":"https:\/\/coresparkbattery.com\/fr\/wp-json\/wp\/v2\/product_brand?post=503"},{"taxonomy":"product_cat","embeddable":true,"href":"https:\/\/coresparkbattery.com\/fr\/wp-json\/wp\/v2\/product_cat?post=503"},{"taxonomy":"product_tag","embeddable":true,"href":"https:\/\/coresparkbattery.com\/fr\/wp-json\/wp\/v2\/product_tag?post=503"}],"curies":[{"name":"wp","href":"https:\/\/api.w.org\/{rel}","templated":true}]}}