{"id":502,"date":"2026-04-28T08:15:39","date_gmt":"2026-04-28T08:15:39","guid":{"rendered":"https:\/\/coresparkbattery.com\/24v-210ah-forklift-battery-24v-36v-48v-300ah-800ah-high-capacity-forklift-battery-lifepo4-battery-for-forklifts\/"},"modified":"2026-04-28T10:46:43","modified_gmt":"2026-04-28T10:46:43","slug":"24v-210ah-forklift-battery-24v-36v-48v-300ah-800ah-high-capacity-forklift-battery-lifepo4-battery-for-forklifts","status":"publish","type":"product","link":"https:\/\/coresparkbattery.com\/fr\/24v-210ah-forklift-battery-24v-36v-48v-300ah-800ah-high-capacity-forklift-battery-lifepo4-battery-for-forklifts\/","title":{"rendered":"24v 210ah Forklift Battery 24V 36V 48V 300Ah 800Ah High Capacity Forklift Battery Lifepo4 Battery for Forklifts"},"content":{"rendered":"<p>Batterie LiFePO4 pour chariot \u00e9l\u00e9vateur<br \/>\nNotre batterie de chariot \u00e9l\u00e9vateur au phosphate de fer lithi\u00e9 adopte des mat\u00e9riaux cathodiques LiFePO4 avec une dur\u00e9e de vie de 4000 \u00e0 5000 cycles. Il fonctionne de mani\u00e8re stable dans -20\u2103 ~ 55\u2103 et prend en charge jusqu'\u00e0 32 cellules. Mod\u00e8les de tension : 24V, 36V, 48V, 60V, 70V, 72V, 80V. La marque, la dimension, la taille et le poids personnalisables sont pris en charge. Le service OEM et ODM est disponible avec un MOQ de 10 unit\u00e9s. Produite \u00e0 Guangdong, en Chine, la batterie rechargeable b\u00e9n\u00e9ficie d'une garantie de 5 ans.<\/p>","protected":false},"excerpt":{"rendered":"<p>Batterie 51.2V pour chariot \u00e9l\u00e9vateur, Batterie lithium pour chariot \u00e9l\u00e9vateur, Batterie pour chariot \u00e9l\u00e9vateur, Batterie pour chariot \u00e9l\u00e9vateur, Batterie pour chariot \u00e9l\u00e9vateur, Batterie pour chariot \u00e9l\u00e9vateur pour l'usine<\/p>","protected":false},"featured_media":882,"template":"","meta":{"_gspb_post_css":""},"product_brand":[],"product_cat":[491],"product_tag":[295,298,297,296],"class_list":{"0":"post-502","1":"product","2":"type-product","3":"status-publish","4":"has-post-thumbnail","6":"product_cat-forklift-battery-pack","7":"product_tag-51-2v-forklift-battery-pack","8":"product_tag-forklift-battery-pack-for-factory","9":"product_tag-forklift-battery-pack-manufacturer","10":"product_tag-forklift-lithium-battery-pack","12":"first","13":"instock","14":"featured","15":"shipping-taxable","16":"product-type-simple"},"_links":{"self":[{"href":"https:\/\/coresparkbattery.com\/fr\/wp-json\/wp\/v2\/product\/502","targetHints":{"allow":["GET"]}}],"collection":[{"href":"https:\/\/coresparkbattery.com\/fr\/wp-json\/wp\/v2\/product"}],"about":[{"href":"https:\/\/coresparkbattery.com\/fr\/wp-json\/wp\/v2\/types\/product"}],"wp:featuredmedia":[{"embeddable":true,"href":"https:\/\/coresparkbattery.com\/fr\/wp-json\/wp\/v2\/media\/882"}],"wp:attachment":[{"href":"https:\/\/coresparkbattery.com\/fr\/wp-json\/wp\/v2\/media?parent=502"}],"wp:term":[{"taxonomy":"product_brand","embeddable":true,"href":"https:\/\/coresparkbattery.com\/fr\/wp-json\/wp\/v2\/product_brand?post=502"},{"taxonomy":"product_cat","embeddable":true,"href":"https:\/\/coresparkbattery.com\/fr\/wp-json\/wp\/v2\/product_cat?post=502"},{"taxonomy":"product_tag","embeddable":true,"href":"https:\/\/coresparkbattery.com\/fr\/wp-json\/wp\/v2\/product_tag?post=502"}],"curies":[{"name":"wp","href":"https:\/\/api.w.org\/{rel}","templated":true}]}}