{"id":501,"date":"2026-04-28T08:15:39","date_gmt":"2026-04-28T08:15:39","guid":{"rendered":"https:\/\/coresparkbattery.com\/lithium-battery-for-forklift-24v-36v-48v-300ah-600ah-high-capacity-forklift-battery-lifepo4-battery-for-forklifts\/"},"modified":"2026-04-28T10:45:46","modified_gmt":"2026-04-28T10:45:46","slug":"lithium-battery-for-forklift-24v-36v-48v-300ah-600ah-high-capacity-forklift-battery-lifepo4-battery-for-forklifts","status":"publish","type":"product","link":"https:\/\/coresparkbattery.com\/fr\/lithium-battery-for-forklift-24v-36v-48v-300ah-600ah-high-capacity-forklift-battery-lifepo4-battery-for-forklifts\/","title":{"rendered":"Batterie au lithium pour chariot \u00e9l\u00e9vateur 24V 36V 48V 300Ah 600Ah Batterie haute capacit\u00e9 pour chariot \u00e9l\u00e9vateur Lifepo4 Batterie pour chariot \u00e9l\u00e9vateur"},"content":{"rendered":"<p>Batterie LiFePO4 pour chariot \u00e9l\u00e9vateur<br \/>\nConstruite avec un mat\u00e9riau de cathode LiFePO4 de premi\u00e8re qualit\u00e9, cette batterie pour chariot \u00e9l\u00e9vateur offre 4000-5000 cycles et des performances fiables de -20\u2103 \u00e0 55\u2103. Elle prend en charge un maximum de 32 cellules et plusieurs configurations de tension : 24V, 36V, 48V, 60V, 70V, 72V, 80V. Les dimensions, la taille et le poids personnalis\u00e9s sont fournis. OEM et ODM sont accept\u00e9s avec MOQ 10. Fabriqu\u00e9e \u00e0 Guangdong, en Chine, la batterie rechargeable est assortie d'une garantie de 5 ans.<\/p>","protected":false},"excerpt":{"rendered":"<p>Batterie pour chariot \u00e9l\u00e9vateur 48V, Batterie de traction pour chariot \u00e9l\u00e9vateur, Batterie pour chariot \u00e9l\u00e9vateur sur mesure, Batterie pour chariot \u00e9l\u00e9vateur pour la logistique<\/p>","protected":false},"featured_media":878,"template":"","meta":{"_gspb_post_css":""},"product_brand":[],"product_cat":[491],"product_tag":[291,293,294,292],"class_list":{"0":"post-501","1":"product","2":"type-product","3":"status-publish","4":"has-post-thumbnail","6":"product_cat-forklift-battery-pack","7":"product_tag-48v-forklift-battery-pack","8":"product_tag-custom-forklift-battery-pack","9":"product_tag-forklift-battery-pack-for-logistics","10":"product_tag-forklift-traction-battery-pack","12":"first","13":"instock","14":"featured","15":"shipping-taxable","16":"product-type-simple"},"_links":{"self":[{"href":"https:\/\/coresparkbattery.com\/fr\/wp-json\/wp\/v2\/product\/501","targetHints":{"allow":["GET"]}}],"collection":[{"href":"https:\/\/coresparkbattery.com\/fr\/wp-json\/wp\/v2\/product"}],"about":[{"href":"https:\/\/coresparkbattery.com\/fr\/wp-json\/wp\/v2\/types\/product"}],"wp:featuredmedia":[{"embeddable":true,"href":"https:\/\/coresparkbattery.com\/fr\/wp-json\/wp\/v2\/media\/878"}],"wp:attachment":[{"href":"https:\/\/coresparkbattery.com\/fr\/wp-json\/wp\/v2\/media?parent=501"}],"wp:term":[{"taxonomy":"product_brand","embeddable":true,"href":"https:\/\/coresparkbattery.com\/fr\/wp-json\/wp\/v2\/product_brand?post=501"},{"taxonomy":"product_cat","embeddable":true,"href":"https:\/\/coresparkbattery.com\/fr\/wp-json\/wp\/v2\/product_cat?post=501"},{"taxonomy":"product_tag","embeddable":true,"href":"https:\/\/coresparkbattery.com\/fr\/wp-json\/wp\/v2\/product_tag?post=501"}],"curies":[{"name":"wp","href":"https:\/\/api.w.org\/{rel}","templated":true}]}}