{"id":500,"date":"2026-04-28T08:15:39","date_gmt":"2026-04-28T08:15:39","guid":{"rendered":"https:\/\/coresparkbattery.com\/lithium-battery-for-forklift-24v-200ah-36v-48v-300ah-600ah-800ah-high-capacity-forklift-battery-lifepo4-battery-for-forklifts\/"},"modified":"2026-04-28T10:06:31","modified_gmt":"2026-04-28T10:06:31","slug":"lithium-battery-for-forklift-24v-200ah-36v-48v-300ah-600ah-800ah-high-capacity-forklift-battery-lifepo4-battery-for-forklifts","status":"publish","type":"product","link":"https:\/\/coresparkbattery.com\/fr\/lithium-battery-for-forklift-24v-200ah-36v-48v-300ah-600ah-800ah-high-capacity-forklift-battery-lifepo4-battery-for-forklifts\/","title":{"rendered":"Batterie au lithium pour chariot \u00e9l\u00e9vateur 24V 200Ah 36V 48V 300Ah 600Ah 800Ah Batterie haute capacit\u00e9 pour chariot \u00e9l\u00e9vateur Lifepo4 Batterie pour chariot \u00e9l\u00e9vateur"},"content":{"rendered":"<p>Batterie LiFePO4 pour chariot \u00e9l\u00e9vateur<br \/>\nCette batterie de chariot \u00e9l\u00e9vateur au lithium fer phosphate est dot\u00e9e de mat\u00e9riaux cathodiques LiFePO4 pour une stabilit\u00e9 exceptionnelle et une longue dur\u00e9e de vie de 4000 \u00e0 5000 cycles. Elle prend en charge une large plage de temp\u00e9rature de fonctionnement de -20\u2103 \u00e0 55\u2103 (-4\u2109 \u00e0 131\u2109) et peut accueillir jusqu'\u00e0 32 cellules. Les tensions disponibles comprennent 24V, 36V, 48V, 60V, 70V, 72V et 80V. Toutes les dimensions, la taille et le poids sont enti\u00e8rement personnalis\u00e9s pour r\u00e9pondre aux diverses exigences des chariots \u00e9l\u00e9vateurs. Les services OEM et ODM sont disponibles avec un MOQ de 10 pi\u00e8ces. La batterie rechargeable est fabriqu\u00e9e \u00e0 Guangdong, en Chine, et b\u00e9n\u00e9ficie d'une garantie de 5 ans.<\/p>","protected":false},"excerpt":{"rendered":"<p>Batterie pour chariot \u00e9l\u00e9vateur 36V, Batterie rechargeable pour chariot \u00e9l\u00e9vateur, Batterie OEM pour chariot \u00e9l\u00e9vateur, Batterie pour chariot \u00e9l\u00e9vateur pour entrep\u00f4t<\/p>","protected":false},"featured_media":873,"template":"","meta":{"_gspb_post_css":""},"product_brand":[],"product_cat":[491],"product_tag":[287,290,289,288],"class_list":{"0":"post-500","1":"product","2":"type-product","3":"status-publish","4":"has-post-thumbnail","6":"product_cat-forklift-battery-pack","7":"product_tag-36v-forklift-battery-pack","8":"product_tag-forklift-battery-pack-for-warehouse","9":"product_tag-oem-forklift-battery-pack","10":"product_tag-rechargeable-forklift-battery-pack","12":"first","13":"instock","14":"featured","15":"shipping-taxable","16":"product-type-simple"},"_links":{"self":[{"href":"https:\/\/coresparkbattery.com\/fr\/wp-json\/wp\/v2\/product\/500","targetHints":{"allow":["GET"]}}],"collection":[{"href":"https:\/\/coresparkbattery.com\/fr\/wp-json\/wp\/v2\/product"}],"about":[{"href":"https:\/\/coresparkbattery.com\/fr\/wp-json\/wp\/v2\/types\/product"}],"wp:featuredmedia":[{"embeddable":true,"href":"https:\/\/coresparkbattery.com\/fr\/wp-json\/wp\/v2\/media\/873"}],"wp:attachment":[{"href":"https:\/\/coresparkbattery.com\/fr\/wp-json\/wp\/v2\/media?parent=500"}],"wp:term":[{"taxonomy":"product_brand","embeddable":true,"href":"https:\/\/coresparkbattery.com\/fr\/wp-json\/wp\/v2\/product_brand?post=500"},{"taxonomy":"product_cat","embeddable":true,"href":"https:\/\/coresparkbattery.com\/fr\/wp-json\/wp\/v2\/product_cat?post=500"},{"taxonomy":"product_tag","embeddable":true,"href":"https:\/\/coresparkbattery.com\/fr\/wp-json\/wp\/v2\/product_tag?post=500"}],"curies":[{"name":"wp","href":"https:\/\/api.w.org\/{rel}","templated":true}]}}