{"id":498,"date":"2026-04-28T08:15:39","date_gmt":"2026-04-28T08:15:39","guid":{"rendered":"https:\/\/coresparkbattery.com\/12v-460ah-12v-230ah-lifepo4-battery-pack-12-8v-230ah-lithium-battery-pack-for-rv-for-uninterruptible-power-supplies\/"},"modified":"2026-04-28T10:00:18","modified_gmt":"2026-04-28T10:00:18","slug":"12v-460ah-12v-230ah-lifepo4-battery-pack-12-8v-230ah-lithium-battery-pack-for-rv-for-uninterruptible-power-supplies","status":"publish","type":"product","link":"https:\/\/coresparkbattery.com\/fr\/12v-460ah-12v-230ah-lifepo4-battery-pack-12-8v-230ah-lithium-battery-pack-for-rv-for-uninterruptible-power-supplies\/","title":{"rendered":"12V 460Ah 12V 230AH Lifepo4 Battery Pack 12.8V 230AH Lithium Battery Pack for RV for Uninterruptible Power Supplies"},"content":{"rendered":"<p>Un tout nouveau design, une s\u00e9curit\u00e9 \u00e0 toute \u00e9preuve<br \/>\nLa batterie RV au lithium 460Ah est r\u00e9sistante \u00e0 l'usure et durable gr\u00e2ce au nouveau bo\u00eetier de batterie SPCC de haute qualit\u00e9, et nous optimisons la disposition interne et la construction. La batterie est \u00e9galement \u00e9quip\u00e9e d'un interrupteur principal qui permet de l'allumer ou de l'\u00e9teindre d'une simple pression sur un bouton. Un thermom\u00e8tre et un hygrom\u00e8tre se trouvent sur le dessus pour afficher la temp\u00e9rature et l'humidit\u00e9 de la batterie en temps r\u00e9el.<\/p>\n<p>Taille compacte Puissance maximale<br \/>\nLa batterie 12V 460Ah LiFePO4 RV est \u00e9quivalente \u00e0 l'\u00e9nergie de 5 batteries 100Ah, mais ne prend que 1.1ft\u00b3 d'espace et est plus petite que 5x100ah batteries. De plus, elle sera plus facile \u00e0 entretenir et \u00e0 installer sans avoir besoin de fils excessifs et sans d\u00e9penser d'argent. Il vous aide \u00e0 \u00e9conomiser de l'argent et de l'espace.<\/p>","protected":false},"excerpt":{"rendered":"<p>Batterie 12V LiFePO4 pour caravane \u00e0 sellette, Batterie 12V LiFePO4 pour chalet et VR hors r\u00e9seau, Batterie 12V LiFePO4 pour appareils de grande puissance, Batterie 12V LiFePO4 pour VR \u00e0 vendre<\/p>","protected":false},"featured_media":863,"template":"","meta":{"_gspb_post_css":""},"product_brand":[],"product_cat":[494,493,492],"product_tag":[279,281,280,282],"class_list":{"0":"post-498","1":"product","2":"type-product","3":"status-publish","4":"has-post-thumbnail","6":"product_cat-12v-lifepo4-battery","7":"product_cat-12v-rv-lifepo4-battery","8":"product_cat-rv-lifepo4-battery","9":"product_tag-12v-lifepo4-rv-battery-for-fifth-wheel-trailer","10":"product_tag-12v-lifepo4-rv-battery-for-high-power-appliances","11":"product_tag-12v-lifepo4-rv-battery-for-off-grid-cabin-and-rv","12":"product_tag-12v-lifepo4-rv-battery-for-sale","14":"first","15":"instock","16":"featured","17":"shipping-taxable","18":"product-type-simple"},"_links":{"self":[{"href":"https:\/\/coresparkbattery.com\/fr\/wp-json\/wp\/v2\/product\/498","targetHints":{"allow":["GET"]}}],"collection":[{"href":"https:\/\/coresparkbattery.com\/fr\/wp-json\/wp\/v2\/product"}],"about":[{"href":"https:\/\/coresparkbattery.com\/fr\/wp-json\/wp\/v2\/types\/product"}],"wp:featuredmedia":[{"embeddable":true,"href":"https:\/\/coresparkbattery.com\/fr\/wp-json\/wp\/v2\/media\/863"}],"wp:attachment":[{"href":"https:\/\/coresparkbattery.com\/fr\/wp-json\/wp\/v2\/media?parent=498"}],"wp:term":[{"taxonomy":"product_brand","embeddable":true,"href":"https:\/\/coresparkbattery.com\/fr\/wp-json\/wp\/v2\/product_brand?post=498"},{"taxonomy":"product_cat","embeddable":true,"href":"https:\/\/coresparkbattery.com\/fr\/wp-json\/wp\/v2\/product_cat?post=498"},{"taxonomy":"product_tag","embeddable":true,"href":"https:\/\/coresparkbattery.com\/fr\/wp-json\/wp\/v2\/product_tag?post=498"}],"curies":[{"name":"wp","href":"https:\/\/api.w.org\/{rel}","templated":true}]}}