{"id":496,"date":"2026-04-28T08:15:38","date_gmt":"2026-04-28T08:15:38","guid":{"rendered":"https:\/\/coresparkbattery.com\/deep-cycle-12v-460ah-lifepo4-100ah-200ah-300ah-400ah-12volt-solar-lithium-lifepo4-battery-with-smart-bms-for-rv-camper-boat\/"},"modified":"2026-04-28T09:58:05","modified_gmt":"2026-04-28T09:58:05","slug":"deep-cycle-12v-460ah-lifepo4-100ah-200ah-300ah-400ah-12volt-solar-lithium-lifepo4-battery-with-smart-bms-for-rv-camper-boat","status":"publish","type":"product","link":"https:\/\/coresparkbattery.com\/fr\/deep-cycle-12v-460ah-lifepo4-100ah-200ah-300ah-400ah-12volt-solar-lithium-lifepo4-battery-with-smart-bms-for-rv-camper-boat\/","title":{"rendered":"Batterie Deep Cycle 12v 460ah Lifepo4 100ah 200ah 300ah 400ah 12volt Solaire Lithium Lifepo4 avec Smart Bms pour Rv Camper Boat"},"content":{"rendered":"<p>Max. 51.2V 1840Ah Capacit\u00e9 extensible &amp; Garantie 5 ans<br \/>\nBatterie au phosphate de fer lithi\u00e9 12V 460Ah Les batteries LiFePO4 peuvent \u00eatre \u00e9tendues jusqu'\u00e0 un maximum de 4P4S en tant que syst\u00e8me de batterie 51,2V 1840Ah pour obtenir une puissance de sortie de 51,2 kW et une \u00e9nergie utilisable de 94,2 kW. 4P4S comme un syst\u00e8me de batterie 51.2V 1840Ah pour obtenir 51.2kW de puissance de sortie et 94.2kWh d'\u00e9nergie utilisable.Vatrer Power fournit une garantie de cinq ans pour toutes les batteries. Vatrer Power offre une garantie de cinq ans sur toutes les batteries. Le service client\u00e8le est disponible 24 heures sur 24, n'h\u00e9sitez pas \u00e0 nous contacter si vous avez des questions.<\/p>\n<p>Surveillance des applications mobiles<br \/>\nLa batterie 12V 460Ah RV a ajout\u00e9 une fonction APP. Les clients peuvent connecter la batterie via l'application mobile, surveiller ou contr\u00f4ler les diff\u00e9rentes donn\u00e9es de la batterie (SOC) en temps r\u00e9el.<\/p>","protected":false},"excerpt":{"rendered":"<p>Batterie 12V LiFePO4 RV \u00e9tanche IP65, Batterie 12V LiFePO4 RV \u00e0 faible taux d'auto-d\u00e9charge, Batterie 12V LiFePO4 RV s\u00fbre pour une utilisation en int\u00e9rieur, Batterie 12V LiFePO4 RV \u00e9cologique sans m\u00e9taux lourds<\/p>","protected":false},"featured_media":853,"template":"","meta":{"_gspb_post_css":""},"product_brand":[],"product_cat":[494,493,492],"product_tag":[274,272,273,271],"class_list":{"0":"post-496","1":"product","2":"type-product","3":"status-publish","4":"has-post-thumbnail","6":"product_cat-12v-lifepo4-battery","7":"product_cat-12v-rv-lifepo4-battery","8":"product_cat-rv-lifepo4-battery","9":"product_tag-12v-lifepo4-rv-battery-eco-friendly-no-heavy-metals","10":"product_tag-12v-lifepo4-rv-battery-low-self-discharge-rate","11":"product_tag-12v-lifepo4-rv-battery-safe-for-indoor-use","12":"product_tag-12v-lifepo4-rv-battery-waterproof-ip65","14":"first","15":"instock","16":"featured","17":"shipping-taxable","18":"product-type-simple"},"_links":{"self":[{"href":"https:\/\/coresparkbattery.com\/fr\/wp-json\/wp\/v2\/product\/496","targetHints":{"allow":["GET"]}}],"collection":[{"href":"https:\/\/coresparkbattery.com\/fr\/wp-json\/wp\/v2\/product"}],"about":[{"href":"https:\/\/coresparkbattery.com\/fr\/wp-json\/wp\/v2\/types\/product"}],"wp:featuredmedia":[{"embeddable":true,"href":"https:\/\/coresparkbattery.com\/fr\/wp-json\/wp\/v2\/media\/853"}],"wp:attachment":[{"href":"https:\/\/coresparkbattery.com\/fr\/wp-json\/wp\/v2\/media?parent=496"}],"wp:term":[{"taxonomy":"product_brand","embeddable":true,"href":"https:\/\/coresparkbattery.com\/fr\/wp-json\/wp\/v2\/product_brand?post=496"},{"taxonomy":"product_cat","embeddable":true,"href":"https:\/\/coresparkbattery.com\/fr\/wp-json\/wp\/v2\/product_cat?post=496"},{"taxonomy":"product_tag","embeddable":true,"href":"https:\/\/coresparkbattery.com\/fr\/wp-json\/wp\/v2\/product_tag?post=496"}],"curies":[{"name":"wp","href":"https:\/\/api.w.org\/{rel}","templated":true}]}}