{"id":495,"date":"2026-04-28T08:15:38","date_gmt":"2026-04-28T08:15:38","guid":{"rendered":"https:\/\/coresparkbattery.com\/12v-460ah-camper-van-lifepo4-battery-24v-100ah-200ah-300ah-lithium-ion-battery-with-smart-bms-for-rv-motorhomes\/"},"modified":"2026-04-28T09:56:47","modified_gmt":"2026-04-28T09:56:47","slug":"12v-460ah-camper-van-lifepo4-battery-24v-100ah-200ah-300ah-lithium-ion-battery-with-smart-bms-for-rv-motorhomes","status":"publish","type":"product","link":"https:\/\/coresparkbattery.com\/fr\/12v-460ah-camper-van-lifepo4-battery-24v-100ah-200ah-300ah-lithium-ion-battery-with-smart-bms-for-rv-motorhomes\/","title":{"rendered":"12V 460ah Camper Van Lifepo4 Battery 24V 100ah 200ah 300ah Lithium Ion Battery with Smart BMS for RV Motorhomes"},"content":{"rendered":"<p>BMS 250A am\u00e9lior\u00e9 et coupure \u00e0 basse temp\u00e9rature<br \/>\nApr\u00e8s des ann\u00e9es de recherche et de tests, nous avons adopt\u00e9 des cellules de qualit\u00e9 A qui conviennent mieux \u00e0 l'utilisation en camping-car, ce qui donne \u00e0 la batterie des performances puissantes et stables tout au long du cycle. Votre voyage se d\u00e9roulera sans probl\u00e8me. La protection contre la coupure \u00e0 basse temp\u00e9rature permet d'\u00e9viter d'endommager la batterie dans un environnement \u00e0 basse temp\u00e9rature.<\/p>\n<p>S\u00e9curit\u00e9 et respect de l'environnement<br \/>\nLa structure chimique stable du phosphate de fer lithi\u00e9 fait que la batterie LiFePO4 460Ah ne br\u00fble pas et n'explose pas, m\u00eame \u00e0 haute temp\u00e9rature, en cas de court-circuit, d'impact et de chute. Le niveau de s\u00e9curit\u00e9 le plus \u00e9lev\u00e9 est bas\u00e9 sur le certificat de test UL pour la cellule \u00e0 l'int\u00e9rieur de la batterie. Elle ne contient pas de m\u00e9taux lourds ni de m\u00e9taux rares et est plus respectueuse de l'environnement, c'est ce qu'on appelle une batterie verte.<\/p>","protected":false},"excerpt":{"rendered":"<p>Batterie 12V LiFePO4 pour r\u00e9frig\u00e9rateur 12V, Batterie 12V LiFePO4 pour la vie en camping-car, Batterie 12V LiFePO4 sans entretien, Batterie 12V LiFePO4 pour la vie en camping-car, Dur\u00e9e de vie de 10 ans<\/p>","protected":false},"featured_media":848,"template":"","meta":{"_gspb_post_css":""},"product_brand":[],"product_cat":[494,493,499,498,492],"product_tag":[270,269,268,236],"class_list":{"0":"post-495","1":"product","2":"type-product","3":"status-publish","4":"has-post-thumbnail","6":"product_cat-12v-lifepo4-battery","7":"product_cat-12v-rv-lifepo4-battery","8":"product_cat-24v-lifepo4-battery","9":"product_cat-24v-rv-lifepo4-battery","10":"product_cat-rv-lifepo4-battery","11":"product_tag-12v-lifepo4-rv-battery-10-year-life","12":"product_tag-12v-lifepo4-rv-battery-for-full-time-rv-living","13":"product_tag-12v-lifepo4-rv-battery-for-rv-fridge-12v","14":"product_tag-12v-lifepo4-rv-battery-maintenance-free","16":"first","17":"instock","18":"featured","19":"shipping-taxable","20":"product-type-simple"},"_links":{"self":[{"href":"https:\/\/coresparkbattery.com\/fr\/wp-json\/wp\/v2\/product\/495","targetHints":{"allow":["GET"]}}],"collection":[{"href":"https:\/\/coresparkbattery.com\/fr\/wp-json\/wp\/v2\/product"}],"about":[{"href":"https:\/\/coresparkbattery.com\/fr\/wp-json\/wp\/v2\/types\/product"}],"wp:featuredmedia":[{"embeddable":true,"href":"https:\/\/coresparkbattery.com\/fr\/wp-json\/wp\/v2\/media\/848"}],"wp:attachment":[{"href":"https:\/\/coresparkbattery.com\/fr\/wp-json\/wp\/v2\/media?parent=495"}],"wp:term":[{"taxonomy":"product_brand","embeddable":true,"href":"https:\/\/coresparkbattery.com\/fr\/wp-json\/wp\/v2\/product_brand?post=495"},{"taxonomy":"product_cat","embeddable":true,"href":"https:\/\/coresparkbattery.com\/fr\/wp-json\/wp\/v2\/product_cat?post=495"},{"taxonomy":"product_tag","embeddable":true,"href":"https:\/\/coresparkbattery.com\/fr\/wp-json\/wp\/v2\/product_tag?post=495"}],"curies":[{"name":"wp","href":"https:\/\/api.w.org\/{rel}","templated":true}]}}