{"id":490,"date":"2026-04-28T08:15:37","date_gmt":"2026-04-28T08:15:37","guid":{"rendered":"https:\/\/coresparkbattery.com\/deep-cycle-12v-24v-100ah-200ah-lifepo4-battery-pack-with-100a-200a-discharge-rate-lithium-iron-phosphate-energy-storage\/"},"modified":"2026-04-28T09:51:39","modified_gmt":"2026-04-28T09:51:39","slug":"deep-cycle-12v-24v-100ah-200ah-lifepo4-battery-pack-with-100a-200a-discharge-rate-lithium-iron-phosphate-energy-storage","status":"publish","type":"product","link":"https:\/\/coresparkbattery.com\/fr\/deep-cycle-12v-24v-100ah-200ah-lifepo4-battery-pack-with-100a-200a-discharge-rate-lithium-iron-phosphate-energy-storage\/","title":{"rendered":"Batterie \u00e0 cycle profond 12v 24v 100ah 200ah Lifepo4 avec taux de d\u00e9charge 100A 200A Lithium Iron Phosphate Stockage d'\u00e9nergie"},"content":{"rendered":"<p>Technologie avanc\u00e9e du lithium-fer<br \/>\nBatterie au lithium 24V 100Ah fabriqu\u00e9e \u00e0 partir de cellules LiFePO4 de qualit\u00e9 automobile avec une densit\u00e9 \u00e9nerg\u00e9tique plus \u00e9lev\u00e9e, des performances plus stables et une meilleure r\u00e9sistance \u00e0 l'usure.<br \/>\nune plus grande puissance. Excellente performance cyclique, charge et d\u00e9charge rapides, efficacit\u00e9 de charge jusqu'\u00e0 100% et puissance de sortie \u00e9lev\u00e9e. Sans effet de m\u00e9moire, quel que soit l'\u00e9tat de la batterie, elle peut \u00eatre utilis\u00e9e d\u00e8s qu'elle est charg\u00e9e. Possibilit\u00e9 d'extension jusqu'\u00e0 2 s\u00e9ries et 4 parall\u00e8les et convient au stockage de l'\u00e9nergie \u00e9lectrique.<\/p>\n<p>Long\u00e9vit\u00e9 et l\u00e9g\u00e8ret\u00e9 exceptionnelles<br \/>\nNos batteries lithium-fer LiFePO4 offrent plus de 5000 cycles, contre 300~500 cycles pour les batteries plomb-acide. La dur\u00e9e de vie des batteries LiFePO4 est 8 \u00e0 10 fois sup\u00e9rieure \u00e0 celle des batteries plomb-acide standard. Cela permet de minimiser les co\u00fbts de remplacement et de r\u00e9duire le co\u00fbt total de possession. Le poids de la batterie au phosphate de fer lithi\u00e9 est 30% plus l\u00e9ger que celui de la batterie au plomb-acide de m\u00eame capacit\u00e9, ce qui permet de la transporter plus facilement.<\/p>","protected":false},"excerpt":{"rendered":"<p>Batterie lithium 24V pour remorque de voyage, batterie auxiliaire 24V pour VR, batterie 24V 200Ah LiFePO4 pour VR, batterie 24V 50Ah LiFePO4 pour VR<\/p>","protected":false},"featured_media":823,"template":"","meta":{"_gspb_post_css":""},"product_brand":[],"product_cat":[494,493,499,498,492],"product_tag":[250,251,249,248],"class_list":{"0":"post-490","1":"product","2":"type-product","3":"status-publish","4":"has-post-thumbnail","6":"product_cat-12v-lifepo4-battery","7":"product_cat-12v-rv-lifepo4-battery","8":"product_cat-24v-lifepo4-battery","9":"product_cat-24v-rv-lifepo4-battery","10":"product_cat-rv-lifepo4-battery","11":"product_tag-24v-200ah-lifepo4-rv-battery","12":"product_tag-24v-50ah-lifepo4-rv-battery","13":"product_tag-24v-rv-auxiliary-battery","14":"product_tag-24v-travel-trailer-lithium-battery","16":"first","17":"instock","18":"featured","19":"shipping-taxable","20":"product-type-simple"},"_links":{"self":[{"href":"https:\/\/coresparkbattery.com\/fr\/wp-json\/wp\/v2\/product\/490","targetHints":{"allow":["GET"]}}],"collection":[{"href":"https:\/\/coresparkbattery.com\/fr\/wp-json\/wp\/v2\/product"}],"about":[{"href":"https:\/\/coresparkbattery.com\/fr\/wp-json\/wp\/v2\/types\/product"}],"wp:featuredmedia":[{"embeddable":true,"href":"https:\/\/coresparkbattery.com\/fr\/wp-json\/wp\/v2\/media\/823"}],"wp:attachment":[{"href":"https:\/\/coresparkbattery.com\/fr\/wp-json\/wp\/v2\/media?parent=490"}],"wp:term":[{"taxonomy":"product_brand","embeddable":true,"href":"https:\/\/coresparkbattery.com\/fr\/wp-json\/wp\/v2\/product_brand?post=490"},{"taxonomy":"product_cat","embeddable":true,"href":"https:\/\/coresparkbattery.com\/fr\/wp-json\/wp\/v2\/product_cat?post=490"},{"taxonomy":"product_tag","embeddable":true,"href":"https:\/\/coresparkbattery.com\/fr\/wp-json\/wp\/v2\/product_tag?post=490"}],"curies":[{"name":"wp","href":"https:\/\/api.w.org\/{rel}","templated":true}]}}