{"id":487,"date":"2026-04-28T08:15:37","date_gmt":"2026-04-28T08:15:37","guid":{"rendered":"https:\/\/coresparkbattery.com\/deep-cycle-lifepo4-battery-12v-12-8v-100ah-200ah-300ah-400ah-460ah-lithium-iron-phosphate-battery-lifepo4-battery-pack-for-rv\/"},"modified":"2026-04-28T11:59:58","modified_gmt":"2026-04-28T11:59:58","slug":"deep-cycle-lifepo4-battery-12v-12-8v-100ah-200ah-300ah-400ah-460ah-lithium-iron-phosphate-battery-lifepo4-battery-pack-for-rv","status":"publish","type":"product","link":"https:\/\/coresparkbattery.com\/fr\/deep-cycle-lifepo4-battery-12v-12-8v-100ah-200ah-300ah-400ah-460ah-lithium-iron-phosphate-battery-lifepo4-battery-pack-for-rv\/","title":{"rendered":"Batterie Lifepo4 \u00e0 cycle profond 12v 12.8V 100ah 200ah 300ah 400ah 460ah Batterie Lithium Fer Phosphate Batterie Lifepo4 pour RV"},"content":{"rendered":"<p>BMS 250A am\u00e9lior\u00e9 et coupure \u00e0 basse temp\u00e9rature<br \/>\nApr\u00e8s des ann\u00e9es de recherche et de tests, nous avons adopt\u00e9 des cellules de qualit\u00e9 A qui conviennent mieux \u00e0 l'utilisation en camping-car, ce qui donne \u00e0 la batterie des performances puissantes et stables tout au long du cycle. Votre voyage se d\u00e9roulera sans probl\u00e8me. La protection contre la coupure \u00e0 basse temp\u00e9rature permet d'\u00e9viter d'endommager la batterie dans un environnement \u00e0 basse temp\u00e9rature.<\/p>\n<p>Max. 51.2V 1840Ah Capacit\u00e9 extensible &amp; Garantie 5 ans<br \/>\nBatterie au phosphate de fer lithi\u00e9 12V 460Ah Les batteries LiFePO4 peuvent \u00eatre \u00e9tendues jusqu'\u00e0 un maximum de 4P4S en tant que syst\u00e8me de batterie 51,2V 1840Ah pour obtenir une puissance de sortie de 51,2 kW et une \u00e9nergie utilisable de 94,2 kW. 4P4S comme un syst\u00e8me de batterie 51.2V 1840Ah pour obtenir 51.2kW de puissance de sortie et 94.2kWh d'\u00e9nergie utilisable.Vatrer Power fournit une garantie de cinq ans pour toutes les batteries. Vatrer Power offre une garantie de cinq ans sur toutes les batteries. Le service client\u00e8le est disponible 24 heures sur 24, n'h\u00e9sitez pas \u00e0 nous contacter si vous avez des questions.<\/p>\n<p>Surveillance des applications mobiles<br \/>\nLa batterie 12V 460Ah RV a ajout\u00e9 une fonction APP. Les clients peuvent connecter la batterie via l'application mobile, surveiller ou contr\u00f4ler les diff\u00e9rentes donn\u00e9es de la batterie (SOC) en temps r\u00e9el.<\/p>","protected":false},"excerpt":{"rendered":"<p>Batterie 12V LiFePO4 RV l\u00e9g\u00e8re, Batterie 12V LiFePO4 RV fine, Batterie 12V LiFePO4 RV compacte, Batterie 12V LiFePO4 RV sans entretien, Batterie 12V LiFePO4 RV s\u00fbre<\/p>","protected":false},"featured_media":1120,"template":"","meta":{"_gspb_post_css":""},"product_brand":[],"product_cat":[494,493,492],"product_tag":[235,529,236,237,530],"class_list":{"0":"post-487","1":"product","2":"type-product","3":"status-publish","4":"has-post-thumbnail","6":"product_cat-12v-lifepo4-battery","7":"product_cat-12v-rv-lifepo4-battery","8":"product_cat-rv-lifepo4-battery","9":"product_tag-12v-lifepo4-rv-battery-compact","10":"product_tag-12v-lifepo4-rv-battery-lightweight","11":"product_tag-12v-lifepo4-rv-battery-maintenance-free","12":"product_tag-12v-lifepo4-rv-battery-safe","13":"product_tag-12v-lifepo4-rv-battery-slim-design","15":"first","16":"instock","17":"featured","18":"shipping-taxable","19":"product-type-simple"},"_links":{"self":[{"href":"https:\/\/coresparkbattery.com\/fr\/wp-json\/wp\/v2\/product\/487","targetHints":{"allow":["GET"]}}],"collection":[{"href":"https:\/\/coresparkbattery.com\/fr\/wp-json\/wp\/v2\/product"}],"about":[{"href":"https:\/\/coresparkbattery.com\/fr\/wp-json\/wp\/v2\/types\/product"}],"wp:featuredmedia":[{"embeddable":true,"href":"https:\/\/coresparkbattery.com\/fr\/wp-json\/wp\/v2\/media\/1120"}],"wp:attachment":[{"href":"https:\/\/coresparkbattery.com\/fr\/wp-json\/wp\/v2\/media?parent=487"}],"wp:term":[{"taxonomy":"product_brand","embeddable":true,"href":"https:\/\/coresparkbattery.com\/fr\/wp-json\/wp\/v2\/product_brand?post=487"},{"taxonomy":"product_cat","embeddable":true,"href":"https:\/\/coresparkbattery.com\/fr\/wp-json\/wp\/v2\/product_cat?post=487"},{"taxonomy":"product_tag","embeddable":true,"href":"https:\/\/coresparkbattery.com\/fr\/wp-json\/wp\/v2\/product_tag?post=487"}],"curies":[{"name":"wp","href":"https:\/\/api.w.org\/{rel}","templated":true}]}}