{"id":486,"date":"2026-04-28T08:15:37","date_gmt":"2026-04-28T08:15:37","guid":{"rendered":"https:\/\/coresparkbattery.com\/hot-sale-12v-400ah-460ah-bluetooth-version-lifepo4-battery-pack-built-in-250a-bms-lithium-battery-for-power-backup-rv-camper\/"},"modified":"2026-04-28T09:47:57","modified_gmt":"2026-04-28T09:47:57","slug":"hot-sale-12v-400ah-460ah-bluetooth-version-lifepo4-battery-pack-built-in-250a-bms-lithium-battery-for-power-backup-rv-camper","status":"publish","type":"product","link":"https:\/\/coresparkbattery.com\/fr\/hot-sale-12v-400ah-460ah-bluetooth-version-lifepo4-battery-pack-built-in-250a-bms-lithium-battery-for-power-backup-rv-camper\/","title":{"rendered":"Hot Sale 12v 400ah 460ah Bluetooth Version Lifepo4 Battery Pack Built-in 250A BMS Lithium Battery for Power Backup Rv Camper"},"content":{"rendered":"<p>Un tout nouveau design, une s\u00e9curit\u00e9 \u00e0 toute \u00e9preuve<br \/>\nLa batterie RV au lithium 460Ah est r\u00e9sistante \u00e0 l'usure et durable gr\u00e2ce au nouveau bo\u00eetier de batterie SPCC de haute qualit\u00e9, et nous optimisons la disposition interne et la construction. La batterie est \u00e9galement \u00e9quip\u00e9e d'un interrupteur principal qui permet de l'allumer ou de l'\u00e9teindre d'une simple pression sur un bouton. Un thermom\u00e8tre et un hygrom\u00e8tre se trouvent sur le dessus pour afficher la temp\u00e9rature et l'humidit\u00e9 de la batterie en temps r\u00e9el.<\/p>\n<p>Taille compacte Puissance maximale<br \/>\nLa batterie 12V 460Ah LiFePO4 RV est \u00e9quivalente \u00e0 l'\u00e9nergie de 5 batteries 100Ah, mais ne prend que 1.1ft\u00b3 d'espace et est plus petite que 5x100ah batteries. De plus, elle sera plus facile \u00e0 entretenir et \u00e0 installer sans avoir besoin de fils excessifs et sans d\u00e9penser d'argent. Il vous aide \u00e0 \u00e9conomiser de l'argent et de l'espace.<\/p>\n<p>Surveillance des applications mobiles<br \/>\nLa batterie 12V 460Ah RV a ajout\u00e9 une fonction APP. Les clients peuvent connecter la batterie via l'application mobile, surveiller ou contr\u00f4ler les diff\u00e9rentes donn\u00e9es de la batterie (SOC) en temps r\u00e9el.<\/p>","protected":false},"excerpt":{"rendered":"<p>Batterie 12V LiFePO4 RV parall\u00e8le, Batterie 12V LiFePO4 RV s\u00e9rie, Batterie 12V LiFePO4 RV extensible, Batterie 12V LiFePO4 RV longue dur\u00e9e de vie.<\/p>","protected":false},"featured_media":808,"template":"","meta":{"_gspb_post_css":""},"product_brand":[],"product_cat":[494,493,492],"product_tag":[232,233,230,231],"class_list":{"0":"post-486","1":"product","2":"type-product","3":"status-publish","4":"has-post-thumbnail","6":"product_cat-12v-lifepo4-battery","7":"product_cat-12v-rv-lifepo4-battery","8":"product_cat-rv-lifepo4-battery","9":"product_tag-12v-lifepo4-rv-battery-expandable","10":"product_tag-12v-lifepo4-rv-battery-long-cycle-life","11":"product_tag-12v-lifepo4-rv-battery-parallel-capable","12":"product_tag-12v-lifepo4-rv-battery-series-capable","14":"first","15":"instock","16":"featured","17":"shipping-taxable","18":"product-type-simple"},"_links":{"self":[{"href":"https:\/\/coresparkbattery.com\/fr\/wp-json\/wp\/v2\/product\/486","targetHints":{"allow":["GET"]}}],"collection":[{"href":"https:\/\/coresparkbattery.com\/fr\/wp-json\/wp\/v2\/product"}],"about":[{"href":"https:\/\/coresparkbattery.com\/fr\/wp-json\/wp\/v2\/types\/product"}],"wp:featuredmedia":[{"embeddable":true,"href":"https:\/\/coresparkbattery.com\/fr\/wp-json\/wp\/v2\/media\/808"}],"wp:attachment":[{"href":"https:\/\/coresparkbattery.com\/fr\/wp-json\/wp\/v2\/media?parent=486"}],"wp:term":[{"taxonomy":"product_brand","embeddable":true,"href":"https:\/\/coresparkbattery.com\/fr\/wp-json\/wp\/v2\/product_brand?post=486"},{"taxonomy":"product_cat","embeddable":true,"href":"https:\/\/coresparkbattery.com\/fr\/wp-json\/wp\/v2\/product_cat?post=486"},{"taxonomy":"product_tag","embeddable":true,"href":"https:\/\/coresparkbattery.com\/fr\/wp-json\/wp\/v2\/product_tag?post=486"}],"curies":[{"name":"wp","href":"https:\/\/api.w.org\/{rel}","templated":true}]}}