{"id":485,"date":"2026-04-28T08:15:37","date_gmt":"2026-04-28T08:15:37","guid":{"rendered":"https:\/\/coresparkbattery.com\/12v-lithium-battery-300ah-460ah-560ah-600ah-12-8v-lifepo4-bluetooth-battery-for-rv-solar-off-grid-air-conditioner\/"},"modified":"2026-04-28T09:46:40","modified_gmt":"2026-04-28T09:46:40","slug":"12v-lithium-battery-300ah-460ah-560ah-600ah-12-8v-lifepo4-bluetooth-battery-for-rv-solar-off-grid-air-conditioner","status":"publish","type":"product","link":"https:\/\/coresparkbattery.com\/fr\/12v-lithium-battery-300ah-460ah-560ah-600ah-12-8v-lifepo4-bluetooth-battery-for-rv-solar-off-grid-air-conditioner\/","title":{"rendered":"12V Lithium Battery 300ah 460ah 560ah 600ah 12.8v Lifepo4 Bluetooth Battery for RV Solar Off-grid air Conditioner"},"content":{"rendered":"<p>Dur\u00e9e de vie 5000 cycles<br \/>\nMat\u00e9riaux de la cathode LiFePO4<br \/>\nQuantit\u00e9 de charge maximale (cellules) 3840W<br \/>\nTemp\u00e9rature de fonctionnement (\u2103) -20~60<br \/>\nDimension (L*L*H) 477*273*252mm 18.78*10.75*9.92in<br \/>\nLieu d'origine Guangdong, Chine<br \/>\nPoids 47.5KG \/ 104.7LB<br \/>\nGarantie 5 ans<br \/>\nCourant de d\u00e9charge 300A<br \/>\nTension nominale 12,8V<br \/>\n\u00c9nergie 5,888Wh<br \/>\nPuissance de sortie 3840W<\/p>","protected":false},"excerpt":{"rendered":"<p>Batterie 12V LiFePO4 RV basse temp\u00e9rature, Batterie 12V LiFePO4 RV charge rapide, Batterie 12V LiFePO4 RV haute d\u00e9charge, Batterie 12V LiFePO4 RV \u00e9tanche<\/p>","protected":false},"featured_media":803,"template":"","meta":{"_gspb_post_css":""},"product_brand":[],"product_cat":[494,493,492],"product_tag":[227,228,226,229],"class_list":{"0":"post-485","1":"product","2":"type-product","3":"status-publish","4":"has-post-thumbnail","6":"product_cat-12v-lifepo4-battery","7":"product_cat-12v-rv-lifepo4-battery","8":"product_cat-rv-lifepo4-battery","9":"product_tag-12v-lifepo4-rv-battery-fast-charging","10":"product_tag-12v-lifepo4-rv-battery-high-discharge","11":"product_tag-12v-lifepo4-rv-battery-low-temperature","12":"product_tag-12v-lifepo4-rv-battery-waterproof","14":"first","15":"instock","16":"featured","17":"shipping-taxable","18":"product-type-simple"},"_links":{"self":[{"href":"https:\/\/coresparkbattery.com\/fr\/wp-json\/wp\/v2\/product\/485","targetHints":{"allow":["GET"]}}],"collection":[{"href":"https:\/\/coresparkbattery.com\/fr\/wp-json\/wp\/v2\/product"}],"about":[{"href":"https:\/\/coresparkbattery.com\/fr\/wp-json\/wp\/v2\/types\/product"}],"wp:featuredmedia":[{"embeddable":true,"href":"https:\/\/coresparkbattery.com\/fr\/wp-json\/wp\/v2\/media\/803"}],"wp:attachment":[{"href":"https:\/\/coresparkbattery.com\/fr\/wp-json\/wp\/v2\/media?parent=485"}],"wp:term":[{"taxonomy":"product_brand","embeddable":true,"href":"https:\/\/coresparkbattery.com\/fr\/wp-json\/wp\/v2\/product_brand?post=485"},{"taxonomy":"product_cat","embeddable":true,"href":"https:\/\/coresparkbattery.com\/fr\/wp-json\/wp\/v2\/product_cat?post=485"},{"taxonomy":"product_tag","embeddable":true,"href":"https:\/\/coresparkbattery.com\/fr\/wp-json\/wp\/v2\/product_tag?post=485"}],"curies":[{"name":"wp","href":"https:\/\/api.w.org\/{rel}","templated":true}]}}