{"id":482,"date":"2026-04-28T08:15:37","date_gmt":"2026-04-28T08:15:37","guid":{"rendered":"https:\/\/coresparkbattery.com\/12v-24v-lifepo4-batteries-for-solar-100ah-200ah-280ah-300a-460ah-560ah-home-energy-system-lithium-ion-battery\/"},"modified":"2026-04-28T09:43:18","modified_gmt":"2026-04-28T09:43:18","slug":"12v-24v-lifepo4-batteries-for-solar-100ah-200ah-280ah-300a-460ah-560ah-home-energy-system-lithium-ion-battery","status":"publish","type":"product","link":"https:\/\/coresparkbattery.com\/fr\/12v-24v-lifepo4-batteries-for-solar-100ah-200ah-280ah-300a-460ah-560ah-home-energy-system-lithium-ion-battery\/","title":{"rendered":"Batteries 12V 24V Lifepo4 pour syst\u00e8me d'\u00e9nergie solaire 100Ah 200Ah 280Ah 300A 460Ah 560Ah Syst\u00e8me d'\u00e9nergie domestique Batterie Lithium Ion"},"content":{"rendered":"<p>Dur\u00e9e de vie 5000 cycles<br \/>\nMat\u00e9riaux de la cathode LiFePO4<br \/>\nQuantit\u00e9 de charge maximale (cellules) 2560<br \/>\nTemp\u00e9rature de fonctionnement (\u2103) JUSQU'\u00c0 60<br \/>\nDimension (L*L*H) 522 * 240 * 218<br \/>\nLieu d'origine Guangdong, Chine<br \/>\nPoids 22KG<br \/>\nNom du produit Lifepo4 Battery Pack 12v 200ah<br \/>\nDur\u00e9e de vie 5000 fois<br \/>\nPoids 22KG<br \/>\nOEM\/ODM accept\u00e9<br \/>\nType de phosphate de fer lithi\u00e9<br \/>\nOEM disponible<br \/>\nPayant oui<br \/>\nGarantie 5 ans<br \/>\nTaille 522*240*218mm<\/p>","protected":false},"excerpt":{"rendered":"<p>Batterie RV \u00e0 cycle profond 12V 100Ah, batterie RV \u00e0 cycle profond 12V 200Ah, batterie de camping 12V 100Ah, batterie de camping 12V 200Ah<\/p>","protected":false},"featured_media":780,"template":"","meta":{"_gspb_post_css":""},"product_brand":[],"product_cat":[494,493,499,498,492],"product_tag":[215,213,216,214],"class_list":{"0":"post-482","1":"product","2":"type-product","3":"status-publish","4":"has-post-thumbnail","6":"product_cat-12v-lifepo4-battery","7":"product_cat-12v-rv-lifepo4-battery","8":"product_cat-24v-lifepo4-battery","9":"product_cat-24v-rv-lifepo4-battery","10":"product_cat-rv-lifepo4-battery","11":"product_tag-12v-100ah-camper-battery","12":"product_tag-12v-100ah-deep-cycle-rv-battery","13":"product_tag-12v-200ah-camper-battery","14":"product_tag-12v-200ah-deep-cycle-rv-battery","16":"first","17":"instock","18":"featured","19":"shipping-taxable","20":"product-type-simple"},"_links":{"self":[{"href":"https:\/\/coresparkbattery.com\/fr\/wp-json\/wp\/v2\/product\/482","targetHints":{"allow":["GET"]}}],"collection":[{"href":"https:\/\/coresparkbattery.com\/fr\/wp-json\/wp\/v2\/product"}],"about":[{"href":"https:\/\/coresparkbattery.com\/fr\/wp-json\/wp\/v2\/types\/product"}],"wp:featuredmedia":[{"embeddable":true,"href":"https:\/\/coresparkbattery.com\/fr\/wp-json\/wp\/v2\/media\/780"}],"wp:attachment":[{"href":"https:\/\/coresparkbattery.com\/fr\/wp-json\/wp\/v2\/media?parent=482"}],"wp:term":[{"taxonomy":"product_brand","embeddable":true,"href":"https:\/\/coresparkbattery.com\/fr\/wp-json\/wp\/v2\/product_brand?post=482"},{"taxonomy":"product_cat","embeddable":true,"href":"https:\/\/coresparkbattery.com\/fr\/wp-json\/wp\/v2\/product_cat?post=482"},{"taxonomy":"product_tag","embeddable":true,"href":"https:\/\/coresparkbattery.com\/fr\/wp-json\/wp\/v2\/product_tag?post=482"}],"curies":[{"name":"wp","href":"https:\/\/api.w.org\/{rel}","templated":true}]}}