{"id":479,"date":"2026-04-28T08:15:36","date_gmt":"2026-04-28T08:15:36","guid":{"rendered":"https:\/\/coresparkbattery.com\/deep-cycles-12v-100ah-solar-system-rechargeable-lithium-battery-12-8v-lifepo4-battery-pack-24v-100ah-lithium-ion-batteries\/"},"modified":"2026-04-28T09:40:12","modified_gmt":"2026-04-28T09:40:12","slug":"deep-cycles-12v-100ah-solar-system-rechargeable-lithium-battery-12-8v-lifepo4-battery-pack-24v-100ah-lithium-ion-batteries","status":"publish","type":"product","link":"https:\/\/coresparkbattery.com\/fr\/deep-cycles-12v-100ah-solar-system-rechargeable-lithium-battery-12-8v-lifepo4-battery-pack-24v-100ah-lithium-ion-batteries\/","title":{"rendered":"Deep Cycles 12v 100ah Solar System Rechargeable Lithium Battery 12.8v Lifepo4 Battery Pack 24v 100ah Lithium Ion Batteries"},"content":{"rendered":"<p>BMS 100A int\u00e9gr\u00e9 et coupure basse temp\u00e9rature<br \/>\nLa batterie \u00e0 d\u00e9charge profonde est dot\u00e9e d'un BMS int\u00e9gr\u00e9 de 100 A qui la prot\u00e8ge contre les surcharges, les surd\u00e9charges, les surintensit\u00e9s et les courts-circuits, avec un taux d'autod\u00e9charge tr\u00e8s faible. La protection contre les temp\u00e9ratures \u00e9lev\u00e9es emp\u00eache la charge \u00e0 plus de 75\u00b0C (167\u00b0F). Protection contre les basses temp\u00e9ratures<br \/>\n\u00e9vite d'endommager la batterie dans les environnements \u00e0 basse temp\u00e9rature.<\/p>\n<p>Technologie avanc\u00e9e du lithium-fer<br \/>\nBatterie au lithium de 100 Ah fabriqu\u00e9e \u00e0 partir de cellules LiFePO4 de qualit\u00e9 automobile avec une densit\u00e9 \u00e9nerg\u00e9tique plus \u00e9lev\u00e9e, des performances plus stables et une plus grande puissance. Excellente performance de cycle, charge et d\u00e9charge rapides, efficacit\u00e9 de charge jusqu'\u00e0 100%, et puissance de sortie \u00e9lev\u00e9e. Sans effet de m\u00e9moire, quel que soit l'\u00e9tat de la batterie, elle peut \u00eatre utilis\u00e9e d\u00e8s qu'elle est charg\u00e9e. Possibilit\u00e9 d'extension jusqu'\u00e0 4 s\u00e9ries et 4 parall\u00e8les et convient au stockage de l'\u00e9nergie \u00e9lectrique.<\/p>","protected":false},"excerpt":{"rendered":"<p>Batterie RV 12V 250Ah LiFePO4, Batterie RV 12V 350Ah LiFePO4, Batterie RV 12V 60Ah LiFePO4, Batterie RV 12V 70Ah LiFePO4<\/p>","protected":false},"featured_media":775,"template":"","meta":{"_gspb_post_css":""},"product_brand":[],"product_cat":[494,493,499,498,492],"product_tag":[201,202,203,204],"class_list":{"0":"post-479","1":"product","2":"type-product","3":"status-publish","4":"has-post-thumbnail","6":"product_cat-12v-lifepo4-battery","7":"product_cat-12v-rv-lifepo4-battery","8":"product_cat-24v-lifepo4-battery","9":"product_cat-24v-rv-lifepo4-battery","10":"product_cat-rv-lifepo4-battery","11":"product_tag-12v-250ah-lifepo4-rv-battery","12":"product_tag-12v-350ah-lifepo4-rv-battery","13":"product_tag-12v-60ah-lifepo4-rv-battery","14":"product_tag-12v-70ah-lifepo4-rv-battery","16":"first","17":"instock","18":"featured","19":"shipping-taxable","20":"product-type-simple"},"_links":{"self":[{"href":"https:\/\/coresparkbattery.com\/fr\/wp-json\/wp\/v2\/product\/479","targetHints":{"allow":["GET"]}}],"collection":[{"href":"https:\/\/coresparkbattery.com\/fr\/wp-json\/wp\/v2\/product"}],"about":[{"href":"https:\/\/coresparkbattery.com\/fr\/wp-json\/wp\/v2\/types\/product"}],"wp:featuredmedia":[{"embeddable":true,"href":"https:\/\/coresparkbattery.com\/fr\/wp-json\/wp\/v2\/media\/775"}],"wp:attachment":[{"href":"https:\/\/coresparkbattery.com\/fr\/wp-json\/wp\/v2\/media?parent=479"}],"wp:term":[{"taxonomy":"product_brand","embeddable":true,"href":"https:\/\/coresparkbattery.com\/fr\/wp-json\/wp\/v2\/product_brand?post=479"},{"taxonomy":"product_cat","embeddable":true,"href":"https:\/\/coresparkbattery.com\/fr\/wp-json\/wp\/v2\/product_cat?post=479"},{"taxonomy":"product_tag","embeddable":true,"href":"https:\/\/coresparkbattery.com\/fr\/wp-json\/wp\/v2\/product_tag?post=479"}],"curies":[{"name":"wp","href":"https:\/\/api.w.org\/{rel}","templated":true}]}}