{"id":476,"date":"2026-04-28T08:15:36","date_gmt":"2026-04-28T08:15:36","guid":{"rendered":"https:\/\/coresparkbattery.com\/12v-50ah-lithium-battery-lifepo4-lithium-ion-battery-deep-cycle-fot-solar-systems-12v-solar-battery\/"},"modified":"2026-04-28T09:36:56","modified_gmt":"2026-04-28T09:36:56","slug":"12v-50ah-lithium-battery-lifepo4-lithium-ion-battery-deep-cycle-fot-solar-systems-12v-solar-battery","status":"publish","type":"product","link":"https:\/\/coresparkbattery.com\/fr\/12v-50ah-lithium-battery-lifepo4-lithium-ion-battery-deep-cycle-fot-solar-systems-12v-solar-battery\/","title":{"rendered":"12V 50Ah Lithium Battery Lifepo4 Lithium Ion Battery Deep Cycle Fot Solar Systems 12v Solar Battery"},"content":{"rendered":"<p>BMS 50A int\u00e9gr\u00e9 et coupure en cas de temp\u00e9rature basse<br \/>\nLa batterie \u00e0 d\u00e9charge profonde est dot\u00e9e d'un BMS 100A int\u00e9gr\u00e9 qui la prot\u00e8ge contre les surcharges, les surd\u00e9charges, les surintensit\u00e9s et les courts-circuits, avec un taux d'autod\u00e9charge tr\u00e8s faible. La protection contre les temp\u00e9ratures \u00e9lev\u00e9es emp\u00eache la charge \u00e0 plus de 75\u00b0C (167\u00b0F). Protection contre les basses temp\u00e9ratures<br \/>\nemp\u00eache la batterie d'\u00eatre endommag\u00e9e dans un environnement \u00e0 basse temp\u00e9rature.<\/p>\n<p>Technologie avanc\u00e9e du lithium-fer<br \/>\nBatterie au lithium de 50 Ah fabriqu\u00e9e \u00e0 partir de cellules LiFePO4 de qualit\u00e9 automobile avec une densit\u00e9 \u00e9nerg\u00e9tique plus \u00e9lev\u00e9e, des performances plus stables et une plus grande puissance. Excellente performance de cycle, charge et d\u00e9charge rapides, efficacit\u00e9 de charge jusqu'\u00e0 100%, et puissance de sortie \u00e9lev\u00e9e. Sans effet de m\u00e9moire, quel que soit l'\u00e9tat de la batterie, elle peut \u00eatre utilis\u00e9e d\u00e8s qu'elle est charg\u00e9e. Possibilit\u00e9 d'extension jusqu'\u00e0 4 s\u00e9ries et 4 parall\u00e8les et convient au stockage de l'\u00e9nergie \u00e9lectrique.<\/p>\n<p>Long\u00e9vit\u00e9 et l\u00e9g\u00e8ret\u00e9 exceptionnelles<br \/>\nNos batteries lithium-fer LiFePO4 offrent plus de 5000 cycles, contre 300~500 cycles pour les batteries plomb-acide. La dur\u00e9e de vie des batteries LiFePO4 est 8 \u00e0 10 fois sup\u00e9rieure \u00e0 celle des batteries plomb-acide standard.<br \/>\nle co\u00fbt de possession. De plus, le poids de la batterie au phosphate de fer-lithium est 30% plus l\u00e9ger que celui de la batterie au plomb-acide de m\u00eame capacit\u00e9, ce qui permet de la transporter plus facilement.<\/p>","protected":false},"excerpt":{"rendered":"<p>Batterie RV 12V sans entretien, batterie RV 12V haute capacit\u00e9, batterie RV LiFePO4 12.8V, batterie RV rechargeable 12V<\/p>","protected":false},"featured_media":756,"template":"","meta":{"_gspb_post_css":""},"product_brand":[],"product_cat":[494,493,492],"product_tag":[186,185,188,187],"class_list":{"0":"post-476","1":"product","2":"type-product","3":"status-publish","4":"has-post-thumbnail","6":"product_cat-12v-lifepo4-battery","7":"product_cat-12v-rv-lifepo4-battery","8":"product_cat-rv-lifepo4-battery","9":"product_tag-12v-high-capacity-rv-battery","10":"product_tag-12v-maintenance-free-rv-battery","11":"product_tag-12v-rechargeable-rv-battery","12":"product_tag-rv-lifepo4-battery-12-8v","14":"first","15":"instock","16":"featured","17":"shipping-taxable","18":"product-type-simple"},"_links":{"self":[{"href":"https:\/\/coresparkbattery.com\/fr\/wp-json\/wp\/v2\/product\/476","targetHints":{"allow":["GET"]}}],"collection":[{"href":"https:\/\/coresparkbattery.com\/fr\/wp-json\/wp\/v2\/product"}],"about":[{"href":"https:\/\/coresparkbattery.com\/fr\/wp-json\/wp\/v2\/types\/product"}],"wp:featuredmedia":[{"embeddable":true,"href":"https:\/\/coresparkbattery.com\/fr\/wp-json\/wp\/v2\/media\/756"}],"wp:attachment":[{"href":"https:\/\/coresparkbattery.com\/fr\/wp-json\/wp\/v2\/media?parent=476"}],"wp:term":[{"taxonomy":"product_brand","embeddable":true,"href":"https:\/\/coresparkbattery.com\/fr\/wp-json\/wp\/v2\/product_brand?post=476"},{"taxonomy":"product_cat","embeddable":true,"href":"https:\/\/coresparkbattery.com\/fr\/wp-json\/wp\/v2\/product_cat?post=476"},{"taxonomy":"product_tag","embeddable":true,"href":"https:\/\/coresparkbattery.com\/fr\/wp-json\/wp\/v2\/product_tag?post=476"}],"curies":[{"name":"wp","href":"https:\/\/api.w.org\/{rel}","templated":true}]}}