{"id":475,"date":"2026-04-28T08:15:36","date_gmt":"2026-04-28T08:15:36","guid":{"rendered":"https:\/\/coresparkbattery.com\/12v-30ah-lifepo4-battery-pack-deep-cycles-lifepo4-12-8v-7ah-12ah-20ah-30ah-50ah-lithium-battery\/"},"modified":"2026-04-28T09:35:25","modified_gmt":"2026-04-28T09:35:25","slug":"12v-30ah-lifepo4-battery-pack-deep-cycles-lifepo4-12-8v-7ah-12ah-20ah-30ah-50ah-lithium-battery","status":"publish","type":"product","link":"https:\/\/coresparkbattery.com\/fr\/12v-30ah-lifepo4-battery-pack-deep-cycles-lifepo4-12-8v-7ah-12ah-20ah-30ah-50ah-lithium-battery\/","title":{"rendered":"12v 30ah Lifepo4 Battery Pack Deep Cycles Lifepo4 12.8v 7ah 12ah 20ah 30ah 50ah Lithium Battery"},"content":{"rendered":"<p>Application Toys, Syst\u00e8mes de stockage de l'\u00e9nergie solaire, Alimentations sans interruption<br \/>\nDur\u00e9e de vie 5000 cycles<br \/>\nMat\u00e9riaux de la cathode LiFePO4<br \/>\nQuantit\u00e9 de charge maximale (cellules) 384W<br \/>\nTemp\u00e9rature de fonctionnement (\u2103) JUSQU'\u00c0 60<br \/>\nDimension (L*L*H) 195*130*154mm<br \/>\nNum\u00e9ro de mod\u00e8le 12V 30AH<br \/>\nLieu d'origine Guangdong, Chine<br \/>\nPoids 4.2KG<br \/>\nNom du produit Batterie Lifepo4 12v 30ah<br \/>\nDur\u00e9e de vie 5000 fois<br \/>\nPoids 4.2KG<br \/>\nOEM\/ODM accept\u00e9<br \/>\nMOQ 2 Pcs<br \/>\nType de phosphate de fer lithi\u00e9<br \/>\nOEM disponible<br \/>\nPayant oui<br \/>\nGarantie 2 ans<br \/>\nTaille 195x130x154mm<\/p>","protected":false},"excerpt":{"rendered":"<p>Batterie 12V LiFePO4 \u00e0 d\u00e9charge profonde, Meilleure batterie 12V RV au lithium, Batterie 12V LiFePO4 RV avec BMS, L\u00e9g\u00e8re, Batterie 12V RV<\/p>","protected":false},"featured_media":756,"template":"","meta":{"_gspb_post_css":""},"product_brand":[],"product_cat":[494],"product_tag":[180,528,183,181,511],"class_list":{"0":"post-475","1":"product","2":"type-product","3":"status-publish","4":"has-post-thumbnail","6":"product_cat-12v-lifepo4-battery","7":"product_tag-12v-lifepo4-deep-cycle-battery","8":"product_tag-12v-lifepo4-rv-battery-with-bms","9":"product_tag-12v-rv-battery","10":"product_tag-best-12v-rv-lithium-battery","11":"product_tag-lightweight","13":"first","14":"instock","15":"featured","16":"shipping-taxable","17":"product-type-simple"},"_links":{"self":[{"href":"https:\/\/coresparkbattery.com\/fr\/wp-json\/wp\/v2\/product\/475","targetHints":{"allow":["GET"]}}],"collection":[{"href":"https:\/\/coresparkbattery.com\/fr\/wp-json\/wp\/v2\/product"}],"about":[{"href":"https:\/\/coresparkbattery.com\/fr\/wp-json\/wp\/v2\/types\/product"}],"wp:featuredmedia":[{"embeddable":true,"href":"https:\/\/coresparkbattery.com\/fr\/wp-json\/wp\/v2\/media\/756"}],"wp:attachment":[{"href":"https:\/\/coresparkbattery.com\/fr\/wp-json\/wp\/v2\/media?parent=475"}],"wp:term":[{"taxonomy":"product_brand","embeddable":true,"href":"https:\/\/coresparkbattery.com\/fr\/wp-json\/wp\/v2\/product_brand?post=475"},{"taxonomy":"product_cat","embeddable":true,"href":"https:\/\/coresparkbattery.com\/fr\/wp-json\/wp\/v2\/product_cat?post=475"},{"taxonomy":"product_tag","embeddable":true,"href":"https:\/\/coresparkbattery.com\/fr\/wp-json\/wp\/v2\/product_tag?post=475"}],"curies":[{"name":"wp","href":"https:\/\/api.w.org\/{rel}","templated":true}]}}