{"id":472,"date":"2026-04-28T08:15:36","date_gmt":"2026-04-28T08:15:36","guid":{"rendered":"https:\/\/coresparkbattery.com\/lifepo4-prismatic-12v-12ah-lithium-ion-12-volt-battery-12v-lithium-battery-lifepo4-battery-12v-12ah\/"},"modified":"2026-04-28T09:32:18","modified_gmt":"2026-04-28T09:32:18","slug":"lifepo4-prismatic-12v-12ah-lithium-ion-12-volt-battery-12v-lithium-battery-lifepo4-battery-12v-12ah","status":"publish","type":"product","link":"https:\/\/coresparkbattery.com\/fr\/lifepo4-prismatic-12v-12ah-lithium-ion-12-volt-battery-12v-lithium-battery-lifepo4-battery-12v-12ah\/","title":{"rendered":"LiFePO4 Prismatic 12V 12AH Batterie Lithium Ion 12 Volt Batterie Lithium 12v Lifepo4 Batterie 12v 12ah"},"content":{"rendered":"<p>Application Jouets, outils \u00e9lectriques, appareils m\u00e9nagers, \u00e9lectronique grand public, bateaux, sous-marins, bicyclettes et scooters \u00e9lectriques, v\u00e9hicules \u00e9lectriques, fauteuils roulants \u00e9lectriques, syst\u00e8mes d'alimentation \u00e9lectrique, syst\u00e8mes de stockage de l'\u00e9nergie solaire, alimentations sans interruption, chariots \u00e9l\u00e9vateurs \u00e9lectriques.<br \/>\nNom de la marque Logo personnalis\u00e9<br \/>\nNum\u00e9ro de mod\u00e8le 12V 12AH<br \/>\nPoids 1,5 kg<br \/>\nNom du produit lifepo4 battery 12v 12ah<br \/>\nDur\u00e9e de vie 5000 fois<br \/>\nPoids 0.9KG<br \/>\nOEM\/ODM acceptable<br \/>\nMOQ 1 Pcs<br \/>\nType de phosphate de fer lithi\u00e9<br \/>\nPayant oui<br \/>\nGarantie 5 ans<br \/>\nTaille 151*99*97mm<br \/>\nCaract\u00e9ristiques Largement utilis\u00e9 par les UPS<\/p>","protected":false},"excerpt":{"rendered":"<p>Batterie 12V pour camping-car, LiFePO4, batterie lithium pour camping-car, batterie 12V pour camping-car hors r\u00e9seau, batterie LiFePO4 pour camping-car<\/p>","protected":false},"featured_media":742,"template":"","meta":{"_gspb_post_css":""},"product_brand":[],"product_cat":[494,493,492],"product_tag":[168,170,526,171,527],"class_list":{"0":"post-472","1":"product","2":"type-product","3":"status-publish","4":"has-post-thumbnail","6":"product_cat-12v-lifepo4-battery","7":"product_cat-12v-rv-lifepo4-battery","8":"product_cat-rv-lifepo4-battery","9":"product_tag-12v-camper-battery","10":"product_tag-12v-off-grid-rv-battery","11":"product_tag-lifepo4","12":"product_tag-lifepo4-rv-battery-bank","13":"product_tag-rv-deep-cycle-lithium-battery","15":"first","16":"instock","17":"featured","18":"shipping-taxable","19":"product-type-simple"},"_links":{"self":[{"href":"https:\/\/coresparkbattery.com\/fr\/wp-json\/wp\/v2\/product\/472","targetHints":{"allow":["GET"]}}],"collection":[{"href":"https:\/\/coresparkbattery.com\/fr\/wp-json\/wp\/v2\/product"}],"about":[{"href":"https:\/\/coresparkbattery.com\/fr\/wp-json\/wp\/v2\/types\/product"}],"wp:featuredmedia":[{"embeddable":true,"href":"https:\/\/coresparkbattery.com\/fr\/wp-json\/wp\/v2\/media\/742"}],"wp:attachment":[{"href":"https:\/\/coresparkbattery.com\/fr\/wp-json\/wp\/v2\/media?parent=472"}],"wp:term":[{"taxonomy":"product_brand","embeddable":true,"href":"https:\/\/coresparkbattery.com\/fr\/wp-json\/wp\/v2\/product_brand?post=472"},{"taxonomy":"product_cat","embeddable":true,"href":"https:\/\/coresparkbattery.com\/fr\/wp-json\/wp\/v2\/product_cat?post=472"},{"taxonomy":"product_tag","embeddable":true,"href":"https:\/\/coresparkbattery.com\/fr\/wp-json\/wp\/v2\/product_tag?post=472"}],"curies":[{"name":"wp","href":"https:\/\/api.w.org\/{rel}","templated":true}]}}