{"id":471,"date":"2026-04-28T08:15:35","date_gmt":"2026-04-28T08:15:35","guid":{"rendered":"https:\/\/coresparkbattery.com\/solar-battery-12v-7ah-10ah-12ah-20ah-50ah-100ah-lifepo4-lithium-battery-pack-12v-50ah-lithium-battery\/"},"modified":"2026-04-28T09:31:13","modified_gmt":"2026-04-28T09:31:13","slug":"solar-battery-12v-7ah-10ah-12ah-20ah-50ah-100ah-lifepo4-lithium-battery-pack-12v-50ah-lithium-battery","status":"publish","type":"product","link":"https:\/\/coresparkbattery.com\/fr\/solar-battery-12v-7ah-10ah-12ah-20ah-50ah-100ah-lifepo4-lithium-battery-pack-12v-50ah-lithium-battery\/","title":{"rendered":"Batterie Solaire 12v 7ah 10ah 12ah 20ah 50ah 100ah Batterie Lithium Lifepo4 12V 50Ah Batterie Lithium"},"content":{"rendered":"<p>Application Outils \u00e9lectriques, Syst\u00e8mes de stockage de l'\u00e9nergie solaire, Alimentations sans interruption<br \/>\nMat\u00e9riaux de la cathode LiFePO4<br \/>\nQuantit\u00e9 de charge maximale (cellules) 89,6Wh<br \/>\nTemp\u00e9rature de fonctionnement(\u2103) -20\u00b0C \u00e0 60\u2103 (-4\u00b0F \u00e0 140\u00b0F)<br \/>\nDimensions (L*L*H) 151*65*95 mm<br \/>\nNum\u00e9ro de mod\u00e8le 12V 7AH<br \/>\nPoids 0.95KG<br \/>\nNom du produit Batterie LiFePO4 12V 7AH<br \/>\nDur\u00e9e de vie 5000 fois<br \/>\nPoids 0.95KG<br \/>\nOEM\/ODM accept\u00e9<br \/>\nOEM disponible<br \/>\nGarantie 2 ans<\/p>","protected":false},"excerpt":{"rendered":"<p>Batterie 12V \u00e0 d\u00e9charge profonde pour camping-car, Batterie lithium pour camping-car, Batterie 12V pour camping-car LiFePO4, Batterie lithium pour camping-car<\/p>","protected":false},"featured_media":737,"template":"","meta":{"_gspb_post_css":""},"product_brand":[],"product_cat":[494,493,492],"product_tag":[164,166,167,165],"class_list":{"0":"post-471","1":"product","2":"type-product","3":"status-publish","4":"has-post-thumbnail","6":"product_cat-12v-lifepo4-battery","7":"product_cat-12v-rv-lifepo4-battery","8":"product_cat-rv-lifepo4-battery","9":"product_tag-12v-deep-cycle-rv-battery","10":"product_tag-12v-rv-battery-lifepo4","11":"product_tag-lithium-battery-for-camper","12":"product_tag-rv-house-battery-lithium","14":"first","15":"instock","16":"featured","17":"shipping-taxable","18":"product-type-simple"},"_links":{"self":[{"href":"https:\/\/coresparkbattery.com\/fr\/wp-json\/wp\/v2\/product\/471","targetHints":{"allow":["GET"]}}],"collection":[{"href":"https:\/\/coresparkbattery.com\/fr\/wp-json\/wp\/v2\/product"}],"about":[{"href":"https:\/\/coresparkbattery.com\/fr\/wp-json\/wp\/v2\/types\/product"}],"wp:featuredmedia":[{"embeddable":true,"href":"https:\/\/coresparkbattery.com\/fr\/wp-json\/wp\/v2\/media\/737"}],"wp:attachment":[{"href":"https:\/\/coresparkbattery.com\/fr\/wp-json\/wp\/v2\/media?parent=471"}],"wp:term":[{"taxonomy":"product_brand","embeddable":true,"href":"https:\/\/coresparkbattery.com\/fr\/wp-json\/wp\/v2\/product_brand?post=471"},{"taxonomy":"product_cat","embeddable":true,"href":"https:\/\/coresparkbattery.com\/fr\/wp-json\/wp\/v2\/product_cat?post=471"},{"taxonomy":"product_tag","embeddable":true,"href":"https:\/\/coresparkbattery.com\/fr\/wp-json\/wp\/v2\/product_tag?post=471"}],"curies":[{"name":"wp","href":"https:\/\/api.w.org\/{rel}","templated":true}]}}