{"id":470,"date":"2026-04-28T08:15:35","date_gmt":"2026-04-28T08:15:35","guid":{"rendered":"https:\/\/coresparkbattery.com\/12v-7ah-lithium-ion-lifepo4-battery-pack-rechargeable-deep-cycle-energy-storage-battery-for-ups-solar-energy-system\/"},"modified":"2026-04-28T09:30:16","modified_gmt":"2026-04-28T09:30:16","slug":"12v-7ah-lithium-ion-lifepo4-battery-pack-rechargeable-deep-cycle-energy-storage-battery-for-ups-solar-energy-system","status":"publish","type":"product","link":"https:\/\/coresparkbattery.com\/fr\/12v-7ah-lithium-ion-lifepo4-battery-pack-rechargeable-deep-cycle-energy-storage-battery-for-ups-solar-energy-system\/","title":{"rendered":"12v 7ah Lithium Ion Lifepo4 Battery Pack Rechargeable Deep Cycle Energy Storage Battery for UPS\/solar Energy System"},"content":{"rendered":"<p>BMS 12A am\u00e9lior\u00e9<br \/>\nLa batterie \u00e0 d\u00e9charge profonde est dot\u00e9e d'un BMS 12A int\u00e9gr\u00e9 qui la prot\u00e8ge contre les surcharges, les surd\u00e9charges, les surintensit\u00e9s et les courts-circuits, avec un taux d'autod\u00e9charge tr\u00e8s faible. Le syst\u00e8me de coupure en cas de temp\u00e9rature \u00e9lev\u00e9e emp\u00eache la charge au-del\u00e0 de 75\u00b0C (167\u00b0F).<\/p>\n<p>Technologie avanc\u00e9e du lithium-fer<br \/>\nBatterie au lithium de 7Ah fabriqu\u00e9e \u00e0 partir de cellules LiFePO4 de qualit\u00e9 automobile avec une densit\u00e9 \u00e9nerg\u00e9tique plus \u00e9lev\u00e9e, des performances plus stables et une plus grande puissance. Excellente performance de cycle, charge et d\u00e9charge rapides, efficacit\u00e9 de charge jusqu'\u00e0 100%, et puissance de sortie \u00e9lev\u00e9e. Sans effet de m\u00e9moire, quel que soit l'\u00e9tat de la batterie, elle peut \u00eatre utilis\u00e9e d\u00e8s qu'elle est charg\u00e9e. Prise en charge de l'extension de la batterie jusqu'\u00e0<br \/>\njusqu'\u00e0 4 s\u00e9ries et 4 parall\u00e8les et convient pour le stockage de l'\u00e9nergie \u00e9lectrique.<\/p>\n<p>Batterie LiFePo4<br \/>\n12,8V 7Ah<br \/>\n12,8V 12Ah<br \/>\n12,8V 20Ah<br \/>\n12,8V 30Ah<br \/>\n12,8V 50Ah<br \/>\nTension nominale<br \/>\n12.8V<br \/>\n12.8V<br \/>\n12.8V<br \/>\n12.8V<br \/>\n12.8V<br \/>\nTension de charge<br \/>\n14,2V-14,6V<br \/>\n14,2V-14,6V<br \/>\n14,2V-14,6V<br \/>\n14,2V-14,6V<br \/>\n14,2V-14,6V<br \/>\nPoids<br \/>\n0.95KG\/2.09LB<br \/>\n1.5KG\/3.30LB<br \/>\n2.8KG\/6.17LB<br \/>\n4.2KG\/9.25LB<br \/>\n5.5KG\/12LB<br \/>\nL'\u00e9nergie<br \/>\n89,6Wh<br \/>\n153,6Wh<br \/>\n256Wh<br \/>\n384Wh<br \/>\n640Wh<br \/>\nCourant de charge continu maximal<br \/>\n12A<br \/>\n12A<br \/>\n20A<br \/>\n30A<br \/>\n50A<br \/>\nCourant de d\u00e9charge continu maximal<br \/>\n12A<br \/>\n12A<br \/>\n20A<br \/>\n30A<br \/>\n50A<br \/>\nCourant de charge recommand\u00e9<br \/>\n1,4A(0,2C)<br \/>\n2,4A(0,2C)<br \/>\n4A(0.2C)<br \/>\n6A(0.2C)<br \/>\n10A(0.2C)<br \/>\nCharge maximale \/ Puissance de l'onduleur<br \/>\n89.6W<br \/>\n153.6W<br \/>\n256W<br \/>\n384W<br \/>\n640W<\/p>","protected":false},"excerpt":{"rendered":"<p>Batterie LiFePO4 12V RV, batterie lithium 12V RV, batterie LiFePO4 pour RV, batterie lithium phosphate de fer RV<\/p>","protected":false},"featured_media":732,"template":"","meta":{"_gspb_post_css":""},"product_brand":[],"product_cat":[494,493,492],"product_tag":[161,160,162,163],"class_list":{"0":"post-470","1":"product","2":"type-product","3":"status-publish","4":"has-post-thumbnail","6":"product_cat-12v-lifepo4-battery","7":"product_cat-12v-rv-lifepo4-battery","8":"product_cat-rv-lifepo4-battery","9":"product_tag-12v-lithium-rv-battery","10":"product_tag-12v-rv-lifepo4-battery","11":"product_tag-lifepo4-battery-for-rv","12":"product_tag-rv-lithium-iron-phosphate-battery","14":"first","15":"instock","16":"featured","17":"shipping-taxable","18":"product-type-simple"},"_links":{"self":[{"href":"https:\/\/coresparkbattery.com\/fr\/wp-json\/wp\/v2\/product\/470","targetHints":{"allow":["GET"]}}],"collection":[{"href":"https:\/\/coresparkbattery.com\/fr\/wp-json\/wp\/v2\/product"}],"about":[{"href":"https:\/\/coresparkbattery.com\/fr\/wp-json\/wp\/v2\/types\/product"}],"wp:featuredmedia":[{"embeddable":true,"href":"https:\/\/coresparkbattery.com\/fr\/wp-json\/wp\/v2\/media\/732"}],"wp:attachment":[{"href":"https:\/\/coresparkbattery.com\/fr\/wp-json\/wp\/v2\/media?parent=470"}],"wp:term":[{"taxonomy":"product_brand","embeddable":true,"href":"https:\/\/coresparkbattery.com\/fr\/wp-json\/wp\/v2\/product_brand?post=470"},{"taxonomy":"product_cat","embeddable":true,"href":"https:\/\/coresparkbattery.com\/fr\/wp-json\/wp\/v2\/product_cat?post=470"},{"taxonomy":"product_tag","embeddable":true,"href":"https:\/\/coresparkbattery.com\/fr\/wp-json\/wp\/v2\/product_tag?post=470"}],"curies":[{"name":"wp","href":"https:\/\/api.w.org\/{rel}","templated":true}]}}