{"id":468,"date":"2026-04-28T08:15:35","date_gmt":"2026-04-28T08:15:35","guid":{"rendered":"https:\/\/coresparkbattery.com\/deep-cycles-best-selling-76-8v-golf-carts-battery-with-bluetooth-heating-lifepo4-48v-36v-72v-100ah-105ah-lithium-battery\/"},"modified":"2026-04-28T09:27:18","modified_gmt":"2026-04-28T09:27:18","slug":"deep-cycles-best-selling-76-8v-golf-carts-battery-with-bluetooth-heating-lifepo4-48v-36v-72v-100ah-105ah-lithium-battery","status":"publish","type":"product","link":"https:\/\/coresparkbattery.com\/fr\/deep-cycles-best-selling-76-8v-golf-carts-battery-with-bluetooth-heating-lifepo4-48v-36v-72v-100ah-105ah-lithium-battery\/","title":{"rendered":"Deep Cycles Meilleure vente 76.8v Golf Carts Battery with bluetooth Heating Lifepo4 48V 36V 72V 100Ah 105Ah Lithium Battery"},"content":{"rendered":"<p>Type de cellule<br \/>\nLiFePO4 Prismatique<br \/>\nGarantie<br \/>\n5 ans<br \/>\nCycle de vie<br \/>\n\u22654000 cycles<br \/>\nTension nominale<br \/>\n70.4V<br \/>\nCapacit\u00e9 nominale<br \/>\n105Ah<br \/>\nL'\u00e9nergie<br \/>\n7392Wh<br \/>\nMax. Expansion (parall\u00e8le et s\u00e9rie)<br \/>\nN\/A<br \/>\nR\u00e9sistance interne<br \/>\n\uff1c40m\u03a9<br \/>\nCertifications<br \/>\nCE, RoHS, FCC\uff0cUN38.13<br \/>\nBMS<br \/>\n200A<br \/>\nPuissance de sortie max. Puissance de sortie continue<br \/>\n14080W<br \/>\nCourant de charge continu max. Courant de charge continu<br \/>\n100A<br \/>\nCourant de d\u00e9charge continu max. Courant de d\u00e9charge continu<br \/>\n200A (Peak 400A 35S)<br \/>\nMax. D\u00e9charge<br \/>\nCr\u00eate 600A \/ 3s<br \/>\nTension de charge<br \/>\n78.1V<br \/>\nCourant de charge recommand\u00e9<br \/>\n18A<br \/>\nTemp\u00e9rature de charge<br \/>\n5\u00b0C \u00e0 50\u00b0C (23\u00b0F \u00e0 127\u00b0F)<br \/>\nTemp\u00e9rature de charge<br \/>\n\u2018-5\u00b0C \u00e0 50\u00b0C (23\u00b0F \u00e0 127\u00b0F)<br \/>\nTerminaux<br \/>\nM8<br \/>\nPoids Approx.<br \/>\n60KG \/ 132.27LBs<br \/>\nTaille<br \/>\n558x307x269mm 21.97\u00d712.09\u00d710.59inch<br \/>\nClasse de protection<br \/>\nIP67<br \/>\nPourquoi nous choisir ?<br \/>\n* Usine certifi\u00e9e ISO 9001<br \/>\n* \u00c9quipe de R&amp;D compos\u00e9e d'ing\u00e9nieurs et de concepteurs exp\u00e9riment\u00e9s<br \/>\n* Professionnels OEM&amp;ODM<br \/>\n* Lignes de production multiples et travailleurs de production multiples<br \/>\n* Contr\u00f4le strict de la qualit\u00e9 des produits, contr\u00f4le de qualit\u00e9 \u00e9lev\u00e9<br \/>\n* Int\u00e9gration de la production<\/p>","protected":false},"excerpt":{"rendered":"<p>Yamaha 36V Battery, Yamaha, Lithium Battery, LiFePO4 Battery, Golf Cart, Battery for Club Car Precedent<\/p>","protected":false},"featured_media":722,"template":"","meta":{"_gspb_post_css":""},"product_brand":[],"product_cat":[489,488,15],"product_tag":[151,522,379,521,520,519],"class_list":{"0":"post-468","1":"product","2":"type-product","3":"status-publish","4":"has-post-thumbnail","6":"product_cat-48v-golf-cart-battery","7":"product_cat-76-8v-golf-cart-battery","8":"product_cat-golf-cart-battery","9":"product_tag-battery-for-club-car-precedent","10":"product_tag-golf-cart","11":"product_tag-lifepo4-battery","12":"product_tag-lithium-battery","13":"product_tag-yamaha","14":"product_tag-yamaha-36v-battery","16":"first","17":"instock","18":"featured","19":"shipping-taxable","20":"product-type-simple"},"_links":{"self":[{"href":"https:\/\/coresparkbattery.com\/fr\/wp-json\/wp\/v2\/product\/468","targetHints":{"allow":["GET"]}}],"collection":[{"href":"https:\/\/coresparkbattery.com\/fr\/wp-json\/wp\/v2\/product"}],"about":[{"href":"https:\/\/coresparkbattery.com\/fr\/wp-json\/wp\/v2\/types\/product"}],"wp:featuredmedia":[{"embeddable":true,"href":"https:\/\/coresparkbattery.com\/fr\/wp-json\/wp\/v2\/media\/722"}],"wp:attachment":[{"href":"https:\/\/coresparkbattery.com\/fr\/wp-json\/wp\/v2\/media?parent=468"}],"wp:term":[{"taxonomy":"product_brand","embeddable":true,"href":"https:\/\/coresparkbattery.com\/fr\/wp-json\/wp\/v2\/product_brand?post=468"},{"taxonomy":"product_cat","embeddable":true,"href":"https:\/\/coresparkbattery.com\/fr\/wp-json\/wp\/v2\/product_cat?post=468"},{"taxonomy":"product_tag","embeddable":true,"href":"https:\/\/coresparkbattery.com\/fr\/wp-json\/wp\/v2\/product_tag?post=468"}],"curies":[{"name":"wp","href":"https:\/\/api.w.org\/{rel}","templated":true}]}}