{"id":464,"date":"2026-04-28T08:15:34","date_gmt":"2026-04-28T08:15:34","guid":{"rendered":"https:\/\/coresparkbattery.com\/high-performance-51-2v-105ah-100ah-36v-golf-cart-lithium-battery-2000a-bms-lifepo4-battery-for-electric-vehicles-golf-car-lsv\/"},"modified":"2026-04-28T09:23:09","modified_gmt":"2026-04-28T09:23:09","slug":"high-performance-51-2v-105ah-100ah-36v-golf-cart-lithium-battery-2000a-bms-lifepo4-battery-for-electric-vehicles-golf-car-lsv","status":"publish","type":"product","link":"https:\/\/coresparkbattery.com\/fr\/high-performance-51-2v-105ah-100ah-36v-golf-cart-lithium-battery-2000a-bms-lifepo4-battery-for-electric-vehicles-golf-car-lsv\/","title":{"rendered":"Batterie lithium haute performance 51.2V 105Ah 100Ah 36V pour voiturette de golf Batterie lithium 2000A BMS LiFePO4 pour v\u00e9hicules \u00e9lectriques Voiture de golf LSV"},"content":{"rendered":"<p>BMS 200A int\u00e9gr\u00e9 et protection multiple<br \/>\nLa batterie LiFePO4 48V 105Ah int\u00e9gr\u00e9e au syst\u00e8me de gestion de la batterie 200A (BMS) assure une protection contre la surcharge\/d\u00e9charge, la surintensit\u00e9, les temp\u00e9ratures \u00e9lev\u00e9es\/basses et les courts-circuits. Bonne stabilit\u00e9 thermique et chimique. Sans entretien, pas de travail ni de co\u00fbt d'entretien quotidien.<\/p>","protected":false},"excerpt":{"rendered":"<p>Batterie pour voiturette de golf 48V, Batterie pour voiturette de golf 36V, Batterie pour voiturette de golf 72V, Batterie pour voiturette de golf 48V avec BMS 200A<\/p>","protected":false},"featured_media":702,"template":"","meta":{"_gspb_post_css":""},"product_brand":[],"product_cat":[489,487,15],"product_tag":[134,133,136,135],"class_list":{"0":"post-464","1":"product","2":"type-product","3":"status-publish","4":"has-post-thumbnail","6":"product_cat-48v-golf-cart-battery","7":"product_cat-51-2v-golf-cart-battery","8":"product_cat-golf-cart-battery","9":"product_tag-36v-golf-cart-battery-pack","10":"product_tag-48v-golf-cart-battery-pack","11":"product_tag-48v-golf-cart-battery-with-200a-bms","12":"product_tag-72v-golf-cart-battery-pack","14":"first","15":"instock","16":"featured","17":"shipping-taxable","18":"product-type-simple"},"_links":{"self":[{"href":"https:\/\/coresparkbattery.com\/fr\/wp-json\/wp\/v2\/product\/464","targetHints":{"allow":["GET"]}}],"collection":[{"href":"https:\/\/coresparkbattery.com\/fr\/wp-json\/wp\/v2\/product"}],"about":[{"href":"https:\/\/coresparkbattery.com\/fr\/wp-json\/wp\/v2\/types\/product"}],"wp:featuredmedia":[{"embeddable":true,"href":"https:\/\/coresparkbattery.com\/fr\/wp-json\/wp\/v2\/media\/702"}],"wp:attachment":[{"href":"https:\/\/coresparkbattery.com\/fr\/wp-json\/wp\/v2\/media?parent=464"}],"wp:term":[{"taxonomy":"product_brand","embeddable":true,"href":"https:\/\/coresparkbattery.com\/fr\/wp-json\/wp\/v2\/product_brand?post=464"},{"taxonomy":"product_cat","embeddable":true,"href":"https:\/\/coresparkbattery.com\/fr\/wp-json\/wp\/v2\/product_cat?post=464"},{"taxonomy":"product_tag","embeddable":true,"href":"https:\/\/coresparkbattery.com\/fr\/wp-json\/wp\/v2\/product_tag?post=464"}],"curies":[{"name":"wp","href":"https:\/\/api.w.org\/{rel}","templated":true}]}}