{"id":463,"date":"2026-04-28T08:15:34","date_gmt":"2026-04-28T08:15:34","guid":{"rendered":"https:\/\/coresparkbattery.com\/high-quality-51-2v-105ah-150ah-bluetooth-lifepo4-golf-cart-battery-built-in-200a-bms-with-20a-charger-touch-monitor\/"},"modified":"2026-04-28T09:21:47","modified_gmt":"2026-04-28T09:21:47","slug":"high-quality-51-2v-105ah-150ah-bluetooth-lifepo4-golf-cart-battery-built-in-200a-bms-with-20a-charger-touch-monitor","status":"publish","type":"product","link":"https:\/\/coresparkbattery.com\/fr\/high-quality-51-2v-105ah-150ah-bluetooth-lifepo4-golf-cart-battery-built-in-200a-bms-with-20a-charger-touch-monitor\/","title":{"rendered":"Batterie de voiturette de golf LiFePO4 Bluetooth de haute qualit\u00e9 51.2V 105Ah 150Ah BMS 200A int\u00e9gr\u00e9 avec chargeur 20A Touch Monitor"},"content":{"rendered":"<p>Dur\u00e9e de vie 4000 cycles<br \/>\nMat\u00e9riaux de la cathode LiFePO4<br \/>\nQuantit\u00e9 de charge maximale (cellules) 10240W<br \/>\nTemp\u00e9rature de fonctionnement (\u2103) JUSQU'\u00c0 60<br \/>\nDimension (L*L*H) 509 * 334 * 230mm<br \/>\nPoids 46,5 kg<br \/>\nNom du produit LiFePO4 Golf Cart Battery<br \/>\nDur\u00e9e de vie 4000 fois<br \/>\nPoids 46,5 kg<br \/>\nOEM\/ODM accept\u00e9<br \/>\nType Lithium-Phosphate de fer<br \/>\nOEM disponible<br \/>\nTaille 509*334*230\u00b13mm<\/p>","protected":false},"excerpt":{"rendered":"<p>Batterie de voiturette de golf 12V 150Ah, Batterie de voiturette de golf 12V 200Ah, Batterie de voiturette de golf 8V, Batterie de voiturette de golf 6V<\/p>","protected":false},"featured_media":697,"template":"","meta":{"_gspb_post_css":""},"product_brand":[],"product_cat":[487,15],"product_tag":[129,130,132,131],"class_list":{"0":"post-463","1":"product","2":"type-product","3":"status-publish","4":"has-post-thumbnail","6":"product_cat-51-2v-golf-cart-battery","7":"product_cat-golf-cart-battery","8":"product_tag-12v-150ah-golf-cart-battery","9":"product_tag-12v-200ah-golf-cart-battery","10":"product_tag-6v-golf-cart-battery","11":"product_tag-8v-golf-cart-battery","13":"first","14":"instock","15":"featured","16":"shipping-taxable","17":"product-type-simple"},"_links":{"self":[{"href":"https:\/\/coresparkbattery.com\/fr\/wp-json\/wp\/v2\/product\/463","targetHints":{"allow":["GET"]}}],"collection":[{"href":"https:\/\/coresparkbattery.com\/fr\/wp-json\/wp\/v2\/product"}],"about":[{"href":"https:\/\/coresparkbattery.com\/fr\/wp-json\/wp\/v2\/types\/product"}],"wp:featuredmedia":[{"embeddable":true,"href":"https:\/\/coresparkbattery.com\/fr\/wp-json\/wp\/v2\/media\/697"}],"wp:attachment":[{"href":"https:\/\/coresparkbattery.com\/fr\/wp-json\/wp\/v2\/media?parent=463"}],"wp:term":[{"taxonomy":"product_brand","embeddable":true,"href":"https:\/\/coresparkbattery.com\/fr\/wp-json\/wp\/v2\/product_brand?post=463"},{"taxonomy":"product_cat","embeddable":true,"href":"https:\/\/coresparkbattery.com\/fr\/wp-json\/wp\/v2\/product_cat?post=463"},{"taxonomy":"product_tag","embeddable":true,"href":"https:\/\/coresparkbattery.com\/fr\/wp-json\/wp\/v2\/product_tag?post=463"}],"curies":[{"name":"wp","href":"https:\/\/api.w.org\/{rel}","templated":true}]}}