{"id":462,"date":"2026-04-28T08:15:34","date_gmt":"2026-04-28T08:15:34","guid":{"rendered":"https:\/\/coresparkbattery.com\/oem-factory-lifepo4-golf-cart-lithium-battery-51-2v-100ah-105ah150ah-lifepo4-battery-pack-for-golf-cart\/"},"modified":"2026-04-28T09:20:50","modified_gmt":"2026-04-28T09:20:50","slug":"oem-factory-lifepo4-golf-cart-lithium-battery-51-2v-100ah-105ah150ah-lifepo4-battery-pack-for-golf-cart","status":"publish","type":"product","link":"https:\/\/coresparkbattery.com\/fr\/oem-factory-lifepo4-golf-cart-lithium-battery-51-2v-100ah-105ah150ah-lifepo4-battery-pack-for-golf-cart\/","title":{"rendered":"OEM Factory Lifepo4 Golf Cart Lithium Battery 51.2V 100ah 105Ah150ah Lifepo4 Battery Pack for Golf Cart"},"content":{"rendered":"<p>Des performances de haut vol<br \/>\nLa batterie LiFePO4 48V 105Ah pour voiturette de golf est fabriqu\u00e9e \u00e0 partir de cellules LiFePO4 prismatiques de premi\u00e8re qualit\u00e9 et a une \u00e9nergie compacte de 5,37kWh, ce qui \u00e9quivaut \u00e0 4pcs 12V 100Ah LiFePO4 en 4S (m\u00eame 8pcs 12V 100Ah AGM batteries en 8S). Il a une grande puissance de 10.24kW<br \/>\navec un faible taux d'autod\u00e9charge, une faible perte de capacit\u00e9, des performances plus stables et un courant de d\u00e9charge continu allant jusqu'\u00e0 200A (pointe 400A 35S, 600A 3S), ce qui est 50% plus puissant que les autres batteries au lithium de m\u00eame taille.<\/p>\n<p>Surveillance des applications mobiles<br \/>\nLa batterie de voiturette de golf a ajout\u00e9 une fonction APP. Les clients peuvent connecter la batterie via l'application mobile, lire ou contr\u00f4ler les diff\u00e9rentes donn\u00e9es de la batterie (SOC) en temps r\u00e9el.<\/p>","protected":false},"excerpt":{"rendered":"<p>Batterie 51.2V 100Ah pour voiturette de golf, Batterie 51.2V 150Ah pour voiturette de golf, Batterie 51.2V 200Ah pour voiturette de golf, Batterie 12V 100Ah pour voiturette de golf<\/p>","protected":false},"featured_media":692,"template":"","meta":{"_gspb_post_css":""},"product_brand":[],"product_cat":[487,15],"product_tag":[128,125,126,127],"class_list":{"0":"post-462","1":"product","2":"type-product","3":"status-publish","4":"has-post-thumbnail","6":"product_cat-51-2v-golf-cart-battery","7":"product_cat-golf-cart-battery","8":"product_tag-12v-100ah-golf-cart-battery","9":"product_tag-51-2v-100ah-golf-cart-battery","10":"product_tag-51-2v-150ah-golf-cart-battery","11":"product_tag-51-2v-200ah-golf-cart-battery","13":"first","14":"instock","15":"featured","16":"shipping-taxable","17":"product-type-simple"},"_links":{"self":[{"href":"https:\/\/coresparkbattery.com\/fr\/wp-json\/wp\/v2\/product\/462","targetHints":{"allow":["GET"]}}],"collection":[{"href":"https:\/\/coresparkbattery.com\/fr\/wp-json\/wp\/v2\/product"}],"about":[{"href":"https:\/\/coresparkbattery.com\/fr\/wp-json\/wp\/v2\/types\/product"}],"wp:featuredmedia":[{"embeddable":true,"href":"https:\/\/coresparkbattery.com\/fr\/wp-json\/wp\/v2\/media\/692"}],"wp:attachment":[{"href":"https:\/\/coresparkbattery.com\/fr\/wp-json\/wp\/v2\/media?parent=462"}],"wp:term":[{"taxonomy":"product_brand","embeddable":true,"href":"https:\/\/coresparkbattery.com\/fr\/wp-json\/wp\/v2\/product_brand?post=462"},{"taxonomy":"product_cat","embeddable":true,"href":"https:\/\/coresparkbattery.com\/fr\/wp-json\/wp\/v2\/product_cat?post=462"},{"taxonomy":"product_tag","embeddable":true,"href":"https:\/\/coresparkbattery.com\/fr\/wp-json\/wp\/v2\/product_tag?post=462"}],"curies":[{"name":"wp","href":"https:\/\/api.w.org\/{rel}","templated":true}]}}