{"id":456,"date":"2026-04-28T08:15:34","date_gmt":"2026-04-28T08:15:34","guid":{"rendered":"https:\/\/coresparkbattery.com\/bluetooth-48-volt-lifepo4-battery-36v-48v-72v-100ah-105ah-320ah-golf-cart-lithium-battery-with-lcd-display-charger\/"},"modified":"2026-04-28T09:10:23","modified_gmt":"2026-04-28T09:10:23","slug":"bluetooth-48-volt-lifepo4-battery-36v-48v-72v-100ah-105ah-320ah-golf-cart-lithium-battery-with-lcd-display-charger","status":"publish","type":"product","link":"https:\/\/coresparkbattery.com\/fr\/bluetooth-48-volt-lifepo4-battery-36v-48v-72v-100ah-105ah-320ah-golf-cart-lithium-battery-with-lcd-display-charger\/","title":{"rendered":"Bluetooth 48 Volt LiFePO4 Battery 36V 48V 72V 100AH 105AH 320AH Golf Cart Lithium Battery With Lcd Display Charger"},"content":{"rendered":"<p>Dur\u00e9e de vie 4000 cycles<br \/>\nMat\u00e9riaux de la cathode LiFePO4<br \/>\nQuantit\u00e9 de charge maximale (cellules) 10240W<br \/>\nTemp\u00e9rature de fonctionnement (\u2103) JUSQU'\u00c0 60<br \/>\nDimension (L*L*H) 509 * 334 * 230mm<br \/>\nPoids46.5kg<br \/>\nNom du produitLiFePO4 Golf Cart Battery<br \/>\nDur\u00e9e de vie4000 fois<br \/>\nPoids46.5kg<br \/>\nOEM\/ODMAcceptables<br \/>\nTypePhosphate de fer lithi\u00e9<br \/>\nOEMA disponible<br \/>\nGarantie5 ans<br \/>\nTaille 509*334*230\u00b13mm<\/p>","protected":false},"excerpt":{"rendered":"<p>Batterie LiFePO4 pour chariot de golf, mise \u00e0 niveau, kit batterie LiFePO4 pour chariot de golf, l\u00e9g\u00e8re, batterie LiFePO4 pour chariot de golf longue dur\u00e9e<\/p>","protected":false},"featured_media":662,"template":"","meta":{"_gspb_post_css":""},"product_brand":[],"product_cat":[489,488,15],"product_tag":[41,510,512,511,506],"class_list":{"0":"post-456","1":"product","2":"type-product","3":"status-publish","4":"has-post-thumbnail","6":"product_cat-48v-golf-cart-battery","7":"product_cat-76-8v-golf-cart-battery","8":"product_cat-golf-cart-battery","9":"product_tag-lifepo4-golf-cart-battery","10":"product_tag-lifepo4-golf-cart-battery-kit","11":"product_tag-lifepo4-golf-cart-battery-long-life","12":"product_tag-lightweight","13":"product_tag-upgrade","15":"first","16":"instock","17":"featured","18":"shipping-taxable","19":"product-type-simple"},"_links":{"self":[{"href":"https:\/\/coresparkbattery.com\/fr\/wp-json\/wp\/v2\/product\/456","targetHints":{"allow":["GET"]}}],"collection":[{"href":"https:\/\/coresparkbattery.com\/fr\/wp-json\/wp\/v2\/product"}],"about":[{"href":"https:\/\/coresparkbattery.com\/fr\/wp-json\/wp\/v2\/types\/product"}],"wp:featuredmedia":[{"embeddable":true,"href":"https:\/\/coresparkbattery.com\/fr\/wp-json\/wp\/v2\/media\/662"}],"wp:attachment":[{"href":"https:\/\/coresparkbattery.com\/fr\/wp-json\/wp\/v2\/media?parent=456"}],"wp:term":[{"taxonomy":"product_brand","embeddable":true,"href":"https:\/\/coresparkbattery.com\/fr\/wp-json\/wp\/v2\/product_brand?post=456"},{"taxonomy":"product_cat","embeddable":true,"href":"https:\/\/coresparkbattery.com\/fr\/wp-json\/wp\/v2\/product_cat?post=456"},{"taxonomy":"product_tag","embeddable":true,"href":"https:\/\/coresparkbattery.com\/fr\/wp-json\/wp\/v2\/product_tag?post=456"}],"curies":[{"name":"wp","href":"https:\/\/api.w.org\/{rel}","templated":true}]}}