{"id":452,"date":"2026-04-28T08:15:33","date_gmt":"2026-04-28T08:15:33","guid":{"rendered":"https:\/\/coresparkbattery.com\/golf-cart-lithium-batteries-36v-48v-72v-105ah-150ah-golf-cart-bluetooth-lifepo4-battery-with-display\/"},"modified":"2026-04-28T09:05:26","modified_gmt":"2026-04-28T09:05:26","slug":"golf-cart-lithium-batteries-36v-48v-72v-105ah-150ah-golf-cart-bluetooth-lifepo4-battery-with-display","status":"publish","type":"product","link":"https:\/\/coresparkbattery.com\/fr\/golf-cart-lithium-batteries-36v-48v-72v-105ah-150ah-golf-cart-bluetooth-lifepo4-battery-with-display\/","title":{"rendered":"Batterie Lithium 36V 48V 72V 105Ah 150Ah Batterie Lifepo4 Bluetooth pour chariot de golf avec affichage"},"content":{"rendered":"<p>Des performances de haut vol<br \/>\nLa batterie LiFePO4 48V 105Ah pour voiturette de golf est fabriqu\u00e9e \u00e0 partir de cellules LiFePO4 prismatiques de premi\u00e8re qualit\u00e9 et a une \u00e9nergie compacte de 5,37kWh, ce qui \u00e9quivaut \u00e0 4pcs 12V 100Ah LiFePO4 en 4S (m\u00eame 8pcs 12V 100Ah AGM batteries en 8S). Il a une grande puissance de 10.24kW<br \/>\navec un faible taux d'autod\u00e9charge, une faible perte de capacit\u00e9, des performances plus stables et un courant de d\u00e9charge continu allant jusqu'\u00e0 200A (pointe 400A 35S, 600A 3S), ce qui est 50% plus puissant que les autres batteries au lithium de m\u00eame taille.<\/p>\n<p>BMS 200A int\u00e9gr\u00e9 et protection multiple<br \/>\nLa batterie LiFePO4 48V 105Ah int\u00e9gr\u00e9e au syst\u00e8me de gestion de la batterie 200A (BMS) assure une protection contre la surcharge\/d\u00e9charge, la surintensit\u00e9, les temp\u00e9ratures \u00e9lev\u00e9es\/basses et les courts-circuits. Bonne stabilit\u00e9 thermique et chimique. Sans entretien, pas de travail ni de co\u00fbt d'entretien quotidien.<\/p>","protected":false},"excerpt":{"rendered":"<p>Batterie pour chariot de golf 48V 200Ah, Batterie pour chariot de golf 72V 100Ah, Batterie pour chariot de golf 12V, Batterie pour chariot de golf 8V<\/p>","protected":false},"featured_media":642,"template":"","meta":{"_gspb_post_css":""},"product_brand":[],"product_cat":[489,488,15],"product_tag":[92,90,91,93],"class_list":{"0":"post-452","1":"product","2":"type-product","3":"status-publish","4":"has-post-thumbnail","6":"product_cat-48v-golf-cart-battery","7":"product_cat-76-8v-golf-cart-battery","8":"product_cat-golf-cart-battery","9":"product_tag-golf-cart-battery-12v","10":"product_tag-golf-cart-battery-48v-200ah","11":"product_tag-golf-cart-battery-72v-100ah","12":"product_tag-golf-cart-battery-8v","14":"first","15":"instock","16":"featured","17":"shipping-taxable","18":"product-type-simple"},"_links":{"self":[{"href":"https:\/\/coresparkbattery.com\/fr\/wp-json\/wp\/v2\/product\/452","targetHints":{"allow":["GET"]}}],"collection":[{"href":"https:\/\/coresparkbattery.com\/fr\/wp-json\/wp\/v2\/product"}],"about":[{"href":"https:\/\/coresparkbattery.com\/fr\/wp-json\/wp\/v2\/types\/product"}],"wp:featuredmedia":[{"embeddable":true,"href":"https:\/\/coresparkbattery.com\/fr\/wp-json\/wp\/v2\/media\/642"}],"wp:attachment":[{"href":"https:\/\/coresparkbattery.com\/fr\/wp-json\/wp\/v2\/media?parent=452"}],"wp:term":[{"taxonomy":"product_brand","embeddable":true,"href":"https:\/\/coresparkbattery.com\/fr\/wp-json\/wp\/v2\/product_brand?post=452"},{"taxonomy":"product_cat","embeddable":true,"href":"https:\/\/coresparkbattery.com\/fr\/wp-json\/wp\/v2\/product_cat?post=452"},{"taxonomy":"product_tag","embeddable":true,"href":"https:\/\/coresparkbattery.com\/fr\/wp-json\/wp\/v2\/product_tag?post=452"}],"curies":[{"name":"wp","href":"https:\/\/api.w.org\/{rel}","templated":true}]}}