{"id":451,"date":"2026-04-28T08:15:33","date_gmt":"2026-04-28T08:15:33","guid":{"rendered":"https:\/\/coresparkbattery.com\/hot-selling-48-volt-lithium-ion-battery-105ah-36v-105ah-lifepo4-battery-48v-105ah-golf-cart-batteries\/"},"modified":"2026-04-28T09:04:25","modified_gmt":"2026-04-28T09:04:25","slug":"hot-selling-48-volt-lithium-ion-battery-105ah-36v-105ah-lifepo4-battery-48v-105ah-golf-cart-batteries","status":"publish","type":"product","link":"https:\/\/coresparkbattery.com\/fr\/hot-selling-48-volt-lithium-ion-battery-105ah-36v-105ah-lifepo4-battery-48v-105ah-golf-cart-batteries\/","title":{"rendered":"Hot Selling 48 Volt Lithium Ion Battery 105ah 36v 105ah Lifepo4 Battery 48v 105ah Golf Cart Batteries"},"content":{"rendered":"<p>Des performances de haut vol<br \/>\nLa batterie LiFePO4 48V 105Ah pour voiturette de golf est fabriqu\u00e9e \u00e0 partir de cellules LiFePO4 prismatiques de premi\u00e8re qualit\u00e9 et a une \u00e9nergie compacte de 5,37kWh, ce qui \u00e9quivaut \u00e0 4pcs 12V 100Ah LiFePO4 en 4S (m\u00eame 8pcs 12V 100Ah AGM batteries en 8S). Il a une grande puissance de 10.24kW<br \/>\navec un faible taux d'autod\u00e9charge, une faible perte de capacit\u00e9, des performances plus stables et un courant de d\u00e9charge continu allant jusqu'\u00e0 200A (pointe 400A 35S, 600A 3S), ce qui est 50% plus puissant que les autres batteries au lithium de m\u00eame taille.<\/p>","protected":false},"excerpt":{"rendered":"<p>Batterie pour chariot de golf 51.2V, Batterie pour chariot de golf 48V 100Ah, Batterie pour chariot de golf 36V 100Ah, Batterie pour chariot de golf 48V 150Ah<\/p>","protected":false},"featured_media":636,"template":"","meta":{"_gspb_post_css":""},"product_brand":[],"product_cat":[489,487,15],"product_tag":[88,87,89,86],"class_list":{"0":"post-451","1":"product","2":"type-product","3":"status-publish","4":"has-post-thumbnail","6":"product_cat-48v-golf-cart-battery","7":"product_cat-51-2v-golf-cart-battery","8":"product_cat-golf-cart-battery","9":"product_tag-golf-cart-battery-36v-100ah","10":"product_tag-golf-cart-battery-48v-100ah","11":"product_tag-golf-cart-battery-48v-150ah","12":"product_tag-golf-cart-battery-51-2v","14":"first","15":"instock","16":"featured","17":"shipping-taxable","18":"product-type-simple"},"_links":{"self":[{"href":"https:\/\/coresparkbattery.com\/fr\/wp-json\/wp\/v2\/product\/451","targetHints":{"allow":["GET"]}}],"collection":[{"href":"https:\/\/coresparkbattery.com\/fr\/wp-json\/wp\/v2\/product"}],"about":[{"href":"https:\/\/coresparkbattery.com\/fr\/wp-json\/wp\/v2\/types\/product"}],"wp:featuredmedia":[{"embeddable":true,"href":"https:\/\/coresparkbattery.com\/fr\/wp-json\/wp\/v2\/media\/636"}],"wp:attachment":[{"href":"https:\/\/coresparkbattery.com\/fr\/wp-json\/wp\/v2\/media?parent=451"}],"wp:term":[{"taxonomy":"product_brand","embeddable":true,"href":"https:\/\/coresparkbattery.com\/fr\/wp-json\/wp\/v2\/product_brand?post=451"},{"taxonomy":"product_cat","embeddable":true,"href":"https:\/\/coresparkbattery.com\/fr\/wp-json\/wp\/v2\/product_cat?post=451"},{"taxonomy":"product_tag","embeddable":true,"href":"https:\/\/coresparkbattery.com\/fr\/wp-json\/wp\/v2\/product_tag?post=451"}],"curies":[{"name":"wp","href":"https:\/\/api.w.org\/{rel}","templated":true}]}}