{"id":447,"date":"2026-04-28T08:15:33","date_gmt":"2026-04-28T08:15:33","guid":{"rendered":"https:\/\/coresparkbattery.com\/36v-38-4v-48v-51-2v-72v-50ah-100ah-105ah-160ah-lifepo4-golf-cart-battery-lithium-ion-lifepo4-battery-for-club-car-golf-cart\/"},"modified":"2026-04-28T08:59:24","modified_gmt":"2026-04-28T08:59:24","slug":"36v-38-4v-48v-51-2v-72v-50ah-100ah-105ah-160ah-lifepo4-golf-cart-battery-lithium-ion-lifepo4-battery-for-club-car-golf-cart","status":"publish","type":"product","link":"https:\/\/coresparkbattery.com\/fr\/36v-38-4v-48v-51-2v-72v-50ah-100ah-105ah-160ah-lifepo4-golf-cart-battery-lithium-ion-lifepo4-battery-for-club-car-golf-cart\/","title":{"rendered":"36v 38.4v 48v 51.2v 72v 50ah 100ah 105ah 160ah Lifepo4 Golf Cart Battery Lithium Ion Lifepo4 Battery for Club Car Golf Cart"},"content":{"rendered":"<p>\u00c9cran d'affichage LCD sp\u00e9cialement con\u00e7u<br \/>\nLa batterie au lithium est sp\u00e9cialement con\u00e7ue pour les chariots de golf 36V, avec une \u00e9nergie plus puissante et d'excellentes performances. Elle est compatible avec les principales marques de contr\u00f4leurs de voiturettes de golf sur le march\u00e9. La batterie est livr\u00e9e avec un chargeur LiFePO4 43,8V 25A, qui prend en charge la charge rapide. La batterie est livr\u00e9e avec un \u00e9cran tactile de 2,8 pouces qui vous permet de visualiser les informations de la batterie en temps r\u00e9el sur l'\u00e9cran LCD.<\/p>\n<p>Surveillance des applications mobiles<br \/>\nLa batterie de voiturette de golf a ajout\u00e9 une fonction APP. Les clients peuvent connecter la batterie via l'application mobile, lire ou contr\u00f4ler les diff\u00e9rentes donn\u00e9es de la batterie (SOC) en temps r\u00e9el.<\/p>","protected":false},"excerpt":{"rendered":"<p>Batterie pour voiturette de golf 36V, Batterie pour voiturette de golf 72V, Batterie au lithium pour voiturette de golf, Batterie \u00e0 cycle profond pour voiturette de golf<\/p>","protected":false},"featured_media":611,"template":"","meta":{"_gspb_post_css":""},"product_brand":[],"product_cat":[489,487,488,15],"product_tag":[63,77,78,64],"class_list":{"0":"post-447","1":"product","2":"type-product","3":"status-publish","4":"has-post-thumbnail","6":"product_cat-48v-golf-cart-battery","7":"product_cat-51-2v-golf-cart-battery","8":"product_cat-76-8v-golf-cart-battery","9":"product_cat-golf-cart-battery","10":"product_tag-36v-golf-cart-battery","11":"product_tag-72v-golf-cart-battery","12":"product_tag-deep-cycle-golf-cart-battery","13":"product_tag-golf-cart-lithium-battery","15":"first","16":"instock","17":"featured","18":"shipping-taxable","19":"product-type-simple"},"_links":{"self":[{"href":"https:\/\/coresparkbattery.com\/fr\/wp-json\/wp\/v2\/product\/447","targetHints":{"allow":["GET"]}}],"collection":[{"href":"https:\/\/coresparkbattery.com\/fr\/wp-json\/wp\/v2\/product"}],"about":[{"href":"https:\/\/coresparkbattery.com\/fr\/wp-json\/wp\/v2\/types\/product"}],"wp:featuredmedia":[{"embeddable":true,"href":"https:\/\/coresparkbattery.com\/fr\/wp-json\/wp\/v2\/media\/611"}],"wp:attachment":[{"href":"https:\/\/coresparkbattery.com\/fr\/wp-json\/wp\/v2\/media?parent=447"}],"wp:term":[{"taxonomy":"product_brand","embeddable":true,"href":"https:\/\/coresparkbattery.com\/fr\/wp-json\/wp\/v2\/product_brand?post=447"},{"taxonomy":"product_cat","embeddable":true,"href":"https:\/\/coresparkbattery.com\/fr\/wp-json\/wp\/v2\/product_cat?post=447"},{"taxonomy":"product_tag","embeddable":true,"href":"https:\/\/coresparkbattery.com\/fr\/wp-json\/wp\/v2\/product_tag?post=447"}],"curies":[{"name":"wp","href":"https:\/\/api.w.org\/{rel}","templated":true}]}}