{"id":445,"date":"2026-04-28T08:15:33","date_gmt":"2026-04-28T08:15:33","guid":{"rendered":"https:\/\/coresparkbattery.com\/25-6v-50ah-100ah-105ah-160ah-golf-cart-lithium-lon-battery-with-bluetooth-lifepo4-battery-atv\/"},"modified":"2026-04-28T08:57:33","modified_gmt":"2026-04-28T08:57:33","slug":"25-6v-50ah-100ah-105ah-160ah-golf-cart-lithium-lon-battery-with-bluetooth-lifepo4-battery-atv","status":"publish","type":"product","link":"https:\/\/coresparkbattery.com\/fr\/25-6v-50ah-100ah-105ah-160ah-golf-cart-lithium-lon-battery-with-bluetooth-lifepo4-battery-atv\/","title":{"rendered":"25.6V 50ah 100ah 105ah 160ah Golf Cart Lithium Lon Battery with Bluetooth Lifepo4 Battery ATV"},"content":{"rendered":"<p>Tension de charge 43,8 V (3,65 V\/pile)<br \/>\nTension de coupure de la d\u00e9charge 30V (2,5V\/pile)<br \/>\nTension nominale 38,4V (3,2V\/pile)<br \/>\nCapacit\u00e9 minimale 105Ah @ 0,5C de d\u00e9charge<br \/>\nCapacit\u00e9 nominale 105Ah @0.5C d\u00e9charge<br \/>\n\u00c9nergie nominale 4032Wh @0,5C d\u00e9charge<br \/>\nCourant de charge continu 55A<br \/>\nCourant de charge maximal 100A<br \/>\nCourant de d\u00e9charge max. 200A (pointe 400A 35s)<br \/>\nPoids de l'emballage : environ 34 kg (74.9Lb)<br \/>\nPourquoi nous choisir ?<br \/>\n* Usine certifi\u00e9e ISO 9001<br \/>\n* \u00c9quipe de R&amp;D compos\u00e9e d'ing\u00e9nieurs et de concepteurs exp\u00e9riment\u00e9s<br \/>\n* Professionnels OEM&amp;ODM<br \/>\n* Lignes de production multiples et travailleurs de production multiples<br \/>\n* Contr\u00f4le strict de la qualit\u00e9 des produits, contr\u00f4le de qualit\u00e9 \u00e9lev\u00e9<br \/>\n* Int\u00e9gration de la production<\/p>","protected":false},"excerpt":{"rendered":"<p>Batterie de voiturette de golf \u00e0 longue autonomie pour une utilisation toute la journ\u00e9e, Batterie LiFePO4 l\u00e9g\u00e8re pour la mise \u00e0 niveau de la voiturette de golf, Batterie au lithium pour voiturette de golf sans entretien, Batterie de voiturette de golf de 51,2 V avec protection BMS<\/p>","protected":false},"featured_media":601,"template":"","meta":{"_gspb_post_css":""},"product_brand":[],"product_cat":[490,15],"product_tag":[76,74,73,75],"class_list":{"0":"post-445","1":"product","2":"type-product","3":"status-publish","4":"has-post-thumbnail","6":"product_cat-25-6v-golf-cart-battery","7":"product_cat-golf-cart-battery","8":"product_tag-51-2v-golf-cart-battery-with-bms-protection","9":"product_tag-lightweight-lifepo4-battery-for-golf-cart-upgrade","10":"product_tag-long-range-golf-cart-battery-for-all-day-use","11":"product_tag-maintenance-free-golf-cart-lithium-battery","13":"first","14":"instock","15":"featured","16":"shipping-taxable","17":"product-type-simple"},"_links":{"self":[{"href":"https:\/\/coresparkbattery.com\/fr\/wp-json\/wp\/v2\/product\/445","targetHints":{"allow":["GET"]}}],"collection":[{"href":"https:\/\/coresparkbattery.com\/fr\/wp-json\/wp\/v2\/product"}],"about":[{"href":"https:\/\/coresparkbattery.com\/fr\/wp-json\/wp\/v2\/types\/product"}],"wp:featuredmedia":[{"embeddable":true,"href":"https:\/\/coresparkbattery.com\/fr\/wp-json\/wp\/v2\/media\/601"}],"wp:attachment":[{"href":"https:\/\/coresparkbattery.com\/fr\/wp-json\/wp\/v2\/media?parent=445"}],"wp:term":[{"taxonomy":"product_brand","embeddable":true,"href":"https:\/\/coresparkbattery.com\/fr\/wp-json\/wp\/v2\/product_brand?post=445"},{"taxonomy":"product_cat","embeddable":true,"href":"https:\/\/coresparkbattery.com\/fr\/wp-json\/wp\/v2\/product_cat?post=445"},{"taxonomy":"product_tag","embeddable":true,"href":"https:\/\/coresparkbattery.com\/fr\/wp-json\/wp\/v2\/product_tag?post=445"}],"curies":[{"name":"wp","href":"https:\/\/api.w.org\/{rel}","templated":true}]}}