{"id":444,"date":"2026-04-28T08:15:32","date_gmt":"2026-04-28T08:15:32","guid":{"rendered":"https:\/\/coresparkbattery.com\/70-4v-105ah-lifepo4-battery-50ah-100ah-105ah-160ah-lithium-ion-rechargeable-battery-with-fast-charger-for-golf-carts-36v\/"},"modified":"2026-04-28T08:56:30","modified_gmt":"2026-04-28T08:56:30","slug":"70-4v-105ah-lifepo4-battery-50ah-100ah-105ah-160ah-lithium-ion-rechargeable-battery-with-fast-charger-for-golf-carts-36v","status":"publish","type":"product","link":"https:\/\/coresparkbattery.com\/fr\/70-4v-105ah-lifepo4-battery-50ah-100ah-105ah-160ah-lithium-ion-rechargeable-battery-with-fast-charger-for-golf-carts-36v\/","title":{"rendered":"70.4v 105ah Lifepo4 Battery 50ah 100ah 105Ah 160Ah Lithium Ion Rechargeable Battery With Fast Charger for Golf Carts 36v"},"content":{"rendered":"<p>Des performances de haut vol<br \/>\nLa batterie LiFePO4 36V 105Ah pour voiturette de golf a une \u00e9nergie compacte de 4,03kWh, ce qui \u00e9quivaut \u00e0 3 batteries LiFePO4 12V 100Ah en 3S (ou m\u00eame 6 batteries AGM 12V 100Ah en 6S). Notre batterie LiFePO4 a une grande puissance de 7680w avec un faible taux d'autod\u00e9charge, un faible taux d'usure et un faible taux d'usure.<br \/>\nLe courant de d\u00e9charge continu peut atteindre 200A (400A en pointe pour 35S), ce qui est 50% plus puissant que les autres batteries au lithium de m\u00eame taille.<\/p>\n<p>BMS 200A int\u00e9gr\u00e9 et protection multiple<br \/>\nLa batterie LiFePO4 36V 105Ah int\u00e9gr\u00e9e au syst\u00e8me de gestion de la batterie 200A (BMS) assure une protection contre la surcharge\/d\u00e9charge, la surintensit\u00e9, les temp\u00e9ratures \u00e9lev\u00e9es\/basses et les courts-circuits. Bonne stabilit\u00e9 thermique et chimique. Sans entretien, pas de travail ni de co\u00fbt d'entretien quotidien.<\/p>","protected":false},"excerpt":{"rendered":"<p>Batterie pour chariot de golf 48V 100Ah LiFePO4 pour Club Car, Batterie au lithium 36V pour chariot de golf EZGO, Batterie de remplacement pour chariot de golf sans modification, Batterie au lithium \u00e0 charge rapide pour chariot de golf<\/p>","protected":false},"featured_media":596,"template":"","meta":{"_gspb_post_css":""},"product_brand":[],"product_cat":[489,488,15],"product_tag":[69,68,70,71],"class_list":{"0":"post-444","1":"product","2":"type-product","3":"status-publish","4":"has-post-thumbnail","6":"product_cat-48v-golf-cart-battery","7":"product_cat-76-8v-golf-cart-battery","8":"product_cat-golf-cart-battery","9":"product_tag-36v-lithium-battery-for-ezgo-golf-cart","10":"product_tag-48v-100ah-lifepo4-golf-cart-battery-for-club-car","11":"product_tag-drop-in-replacement-golf-cart-battery-no-modification","12":"product_tag-fast-charging-lithium-battery-for-golf-cart","14":"first","15":"instock","16":"featured","17":"shipping-taxable","18":"product-type-simple"},"_links":{"self":[{"href":"https:\/\/coresparkbattery.com\/fr\/wp-json\/wp\/v2\/product\/444","targetHints":{"allow":["GET"]}}],"collection":[{"href":"https:\/\/coresparkbattery.com\/fr\/wp-json\/wp\/v2\/product"}],"about":[{"href":"https:\/\/coresparkbattery.com\/fr\/wp-json\/wp\/v2\/types\/product"}],"wp:featuredmedia":[{"embeddable":true,"href":"https:\/\/coresparkbattery.com\/fr\/wp-json\/wp\/v2\/media\/596"}],"wp:attachment":[{"href":"https:\/\/coresparkbattery.com\/fr\/wp-json\/wp\/v2\/media?parent=444"}],"wp:term":[{"taxonomy":"product_brand","embeddable":true,"href":"https:\/\/coresparkbattery.com\/fr\/wp-json\/wp\/v2\/product_brand?post=444"},{"taxonomy":"product_cat","embeddable":true,"href":"https:\/\/coresparkbattery.com\/fr\/wp-json\/wp\/v2\/product_cat?post=444"},{"taxonomy":"product_tag","embeddable":true,"href":"https:\/\/coresparkbattery.com\/fr\/wp-json\/wp\/v2\/product_tag?post=444"}],"curies":[{"name":"wp","href":"https:\/\/api.w.org\/{rel}","templated":true}]}}