{"id":441,"date":"2026-04-28T08:15:32","date_gmt":"2026-04-28T08:15:32","guid":{"rendered":"https:\/\/coresparkbattery.com\/rechargeable-36v-48v-72v-lifepo4-battery-50ah-100ah-105ah-160ah-bluetooth-lithium-battery-for-golf-cart-atv\/"},"modified":"2026-04-28T08:53:21","modified_gmt":"2026-04-28T08:53:21","slug":"rechargeable-36v-48v-72v-lifepo4-battery-50ah-100ah-105ah-160ah-bluetooth-lithium-battery-for-golf-cart-atv","status":"publish","type":"product","link":"https:\/\/coresparkbattery.com\/fr\/rechargeable-36v-48v-72v-lifepo4-battery-50ah-100ah-105ah-160ah-bluetooth-lithium-battery-for-golf-cart-atv\/","title":{"rendered":"Batterie rechargeable 36V 48V 72V LiFePO4 50Ah 100Ah 105Ah 160Ah Bluetooth Lithium Battery pour Golf Cart ATV"},"content":{"rendered":"<p>Tension de charge\uff1a43,8V (3,65V\/pile)<br \/>\nTension de coupure de la d\u00e9charge\uff1a30V (2,5V\/pile)<br \/>\nTension nominale\uff1a38,4V (3,2V\/pile)<br \/>\nCapacit\u00e9 minimale\uff1a105Ah \u00e0 0,5C de d\u00e9charge<br \/>\nCapacit\u00e9 nominale\uff1a105Ah \u00e0 0,5C de d\u00e9charge<br \/>\n\u00c9nergie nominale\uff1a4032Wh @0.5C d\u00e9charge<br \/>\nCourant de charge continu\uff1a55A<br \/>\nCourant de charge maximal\uff1a100A<br \/>\nCourant de d\u00e9charge maximum\uff1a200A (pointe 400A 35s)<br \/>\nPoids de l'emballage\uff1aAbout 74.9Lb(34 Kg)<br \/>\nPourquoi nous choisir ?<br \/>\n* Usine certifi\u00e9e ISO 9001<br \/>\n* \u00c9quipe de R&amp;D compos\u00e9e d'ing\u00e9nieurs et de concepteurs exp\u00e9riment\u00e9s<br \/>\n* Professionnels OEM&amp;ODM<br \/>\n* Lignes de production multiples et travailleurs de production multiples<br \/>\n* Contr\u00f4le strict de la qualit\u00e9 des produits, contr\u00f4le de qualit\u00e9 \u00e9lev\u00e9<br \/>\n* Int\u00e9gration de la production<\/p>","protected":false},"excerpt":{"rendered":"<p>batterie de voiturette de golf, batterie de voiturette de golf prix, batterie de voiturette de golf pr\u00e8s de chez moi, batterie de voiturette de golf en gros<\/p>","protected":false},"featured_media":576,"template":"","meta":{"_gspb_post_css":""},"product_brand":[],"product_cat":[489,488,15],"product_tag":[59,61,60,62],"class_list":{"0":"post-441","1":"product","2":"type-product","3":"status-publish","4":"has-post-thumbnail","6":"product_cat-48v-golf-cart-battery","7":"product_cat-76-8v-golf-cart-battery","8":"product_cat-golf-cart-battery","9":"product_tag-golf-cart-battery-life","10":"product_tag-golf-cart-battery-near-me","11":"product_tag-golf-cart-battery-price","12":"product_tag-golf-cart-battery-wholesale","14":"first","15":"instock","16":"featured","17":"shipping-taxable","18":"product-type-simple"},"_links":{"self":[{"href":"https:\/\/coresparkbattery.com\/fr\/wp-json\/wp\/v2\/product\/441","targetHints":{"allow":["GET"]}}],"collection":[{"href":"https:\/\/coresparkbattery.com\/fr\/wp-json\/wp\/v2\/product"}],"about":[{"href":"https:\/\/coresparkbattery.com\/fr\/wp-json\/wp\/v2\/types\/product"}],"wp:featuredmedia":[{"embeddable":true,"href":"https:\/\/coresparkbattery.com\/fr\/wp-json\/wp\/v2\/media\/576"}],"wp:attachment":[{"href":"https:\/\/coresparkbattery.com\/fr\/wp-json\/wp\/v2\/media?parent=441"}],"wp:term":[{"taxonomy":"product_brand","embeddable":true,"href":"https:\/\/coresparkbattery.com\/fr\/wp-json\/wp\/v2\/product_brand?post=441"},{"taxonomy":"product_cat","embeddable":true,"href":"https:\/\/coresparkbattery.com\/fr\/wp-json\/wp\/v2\/product_cat?post=441"},{"taxonomy":"product_tag","embeddable":true,"href":"https:\/\/coresparkbattery.com\/fr\/wp-json\/wp\/v2\/product_tag?post=441"}],"curies":[{"name":"wp","href":"https:\/\/api.w.org\/{rel}","templated":true}]}}