{"id":440,"date":"2026-04-28T08:15:32","date_gmt":"2026-04-28T08:15:32","guid":{"rendered":"https:\/\/coresparkbattery.com\/smart-bluetooth-48v-lithium-battery-36v-60v-72v-100ah-105ah-320ah-lifepo4-golf-cart-battery-with-lcd-display-charger\/"},"modified":"2026-04-28T08:51:11","modified_gmt":"2026-04-28T08:51:11","slug":"smart-bluetooth-48v-lithium-battery-36v-60v-72v-100ah-105ah-320ah-lifepo4-golf-cart-battery-with-lcd-display-charger","status":"publish","type":"product","link":"https:\/\/coresparkbattery.com\/fr\/smart-bluetooth-48v-lithium-battery-36v-60v-72v-100ah-105ah-320ah-lifepo4-golf-cart-battery-with-lcd-display-charger\/","title":{"rendered":"Smart Bluetooth 48V Lithium Battery 36V 60V 72V 100Ah 105Ah 320Ah LiFePO4 Golf Cart Battery With LCD Display Charger"},"content":{"rendered":"<p>Des performances de haut vol<br \/>\nLa batterie LiFePO4 48V 105Ah pour voiturette de golf est fabriqu\u00e9e \u00e0 partir de cellules LiFePO4 prismatiques de premi\u00e8re qualit\u00e9 et a une \u00e9nergie compacte de 5,37kWh, ce qui \u00e9quivaut \u00e0 4pcs 12V 100Ah LiFePO4 en 4S (m\u00eame 8pcs 12V 100Ah AGM batteries en 8S). Il a une grande puissance de 10.24kW<br \/>\navec un faible taux d'autod\u00e9charge, une faible perte de capacit\u00e9, des performances plus stables et un courant de d\u00e9charge continu allant jusqu'\u00e0 200A (pointe 400A 35S, 600A 3S), ce qui est 50% plus puissant que les autres batteries au lithium de m\u00eame taille.<\/p>\n<p>BMS 200A int\u00e9gr\u00e9 et protection multiple<br \/>\nLa batterie LiFePO4 48V 105Ah int\u00e9gr\u00e9e au syst\u00e8me de gestion de la batterie 200A (BMS) assure une protection contre la surcharge\/d\u00e9charge, la surintensit\u00e9, les temp\u00e9ratures \u00e9lev\u00e9es\/basses et les courts-circuits. Bonne stabilit\u00e9 thermique et chimique. Sans entretien, pas de travail ni de co\u00fbt d'entretien quotidien.<\/p>\n<p>Long\u00e9vit\u00e9 exceptionnelle et facilit\u00e9 d'utilisation<br \/>\nNos batteries de voiturettes de golf au lithium offrent plus de 4000 cycles, contre 300~500 cycles pour les batteries au plomb. Cela permet de minimiser les co\u00fbts de remplacement et de r\u00e9duire le co\u00fbt total de possession. De plus, le poids de la batterie lithium-phosphate de fer est 50% plus l\u00e9ger que celui de la batterie plomb-acide de m\u00eame capacit\u00e9, ce qui les rend plus faciles \u00e0 manipuler et \u00e0 installer dans les chariots de golf o\u00f9 l'espace est limit\u00e9.<\/p>","protected":false},"excerpt":{"rendered":"<p>batterie de voiturette de golf, conversion de batterie de voiturette de golf, chargeur de batterie de voiturette de golf, entretien de batterie de voiturette de golf<\/p>","protected":false},"featured_media":571,"template":"","meta":{"_gspb_post_css":""},"product_brand":[],"product_cat":[489,488,15],"product_tag":[57,56,58,55],"class_list":{"0":"post-440","1":"product","2":"type-product","3":"status-publish","4":"has-post-thumbnail","6":"product_cat-48v-golf-cart-battery","7":"product_cat-76-8v-golf-cart-battery","8":"product_cat-golf-cart-battery","9":"product_tag-golf-cart-battery-charger","10":"product_tag-golf-cart-battery-conversion","11":"product_tag-golf-cart-battery-maintenance","12":"product_tag-golf-cart-battery-upgrade","14":"first","15":"instock","16":"featured","17":"shipping-taxable","18":"product-type-simple"},"_links":{"self":[{"href":"https:\/\/coresparkbattery.com\/fr\/wp-json\/wp\/v2\/product\/440","targetHints":{"allow":["GET"]}}],"collection":[{"href":"https:\/\/coresparkbattery.com\/fr\/wp-json\/wp\/v2\/product"}],"about":[{"href":"https:\/\/coresparkbattery.com\/fr\/wp-json\/wp\/v2\/types\/product"}],"wp:featuredmedia":[{"embeddable":true,"href":"https:\/\/coresparkbattery.com\/fr\/wp-json\/wp\/v2\/media\/571"}],"wp:attachment":[{"href":"https:\/\/coresparkbattery.com\/fr\/wp-json\/wp\/v2\/media?parent=440"}],"wp:term":[{"taxonomy":"product_brand","embeddable":true,"href":"https:\/\/coresparkbattery.com\/fr\/wp-json\/wp\/v2\/product_brand?post=440"},{"taxonomy":"product_cat","embeddable":true,"href":"https:\/\/coresparkbattery.com\/fr\/wp-json\/wp\/v2\/product_cat?post=440"},{"taxonomy":"product_tag","embeddable":true,"href":"https:\/\/coresparkbattery.com\/fr\/wp-json\/wp\/v2\/product_tag?post=440"}],"curies":[{"name":"wp","href":"https:\/\/api.w.org\/{rel}","templated":true}]}}