{"id":438,"date":"2026-04-28T08:15:32","date_gmt":"2026-04-28T08:15:32","guid":{"rendered":"https:\/\/coresparkbattery.com\/high-quality-36v-105ah-48v-105ah-lifepo4-battery-golf-cart-lithium-ion-battery\/"},"modified":"2026-04-28T08:46:39","modified_gmt":"2026-04-28T08:46:39","slug":"high-quality-36v-105ah-48v-105ah-lifepo4-battery-golf-cart-lithium-ion-battery","status":"publish","type":"product","link":"https:\/\/coresparkbattery.com\/fr\/high-quality-36v-105ah-48v-105ah-lifepo4-battery-golf-cart-lithium-ion-battery\/","title":{"rendered":"Batterie de haute qualit\u00e9 36V 105Ah &amp; 48V 105Ah LiFePO4, Batterie Lithium Ion pour voiturette de golf"},"content":{"rendered":"<p>Des performances de haut vol<br \/>\nLa batterie LiFePO4 48V 105Ah pour voiturette de golf est fabriqu\u00e9e \u00e0 partir de cellules LiFePO4 prismatiques de premi\u00e8re qualit\u00e9 et a une \u00e9nergie compacte de 5,37kWh, ce qui \u00e9quivaut \u00e0 4pcs 12V 100Ah LiFePO4 en 4S (m\u00eame 8pcs 12V 100Ah AGM batteries en 8S). Il a une grande puissance de 10.24kW<br \/>\navec un faible taux d'autod\u00e9charge, une faible perte de capacit\u00e9, des performances plus stables et un courant de d\u00e9charge continu allant jusqu'\u00e0 200A (pointe 400A 35S, 600A 3S), ce qui est 50% plus puissant que les autres batteries au lithium de m\u00eame taille.<\/p>\n<p>BMS 200A int\u00e9gr\u00e9 et protection multiple<br \/>\nLa batterie LiFePO4 48V 105Ah int\u00e9gr\u00e9e au syst\u00e8me de gestion de la batterie 200A (BMS) assure une protection contre la surcharge\/d\u00e9charge, la surintensit\u00e9, les temp\u00e9ratures \u00e9lev\u00e9es\/basses et les courts-circuits. Bonne stabilit\u00e9 thermique et chimique. Sans entretien, pas de travail ni de co\u00fbt d'entretien quotidien.<\/p>\n<p>\u00c9cran d'affichage LCD sp\u00e9cialement con\u00e7u<br \/>\nLa batterie au lithium est sp\u00e9cialement con\u00e7ue pour r\u00e9pondre aux exigences rigoureuses de l'industrie des chariots de golf 48V.<br \/>\nPuissante \u00e9nergie et excellente performance, compatible avec les principales marques de contr\u00f4leurs de voiturettes de golf sur le march\u00e9. Il est livr\u00e9 avec un<br \/>\nChargeur LiFePO4 58,4V 22A, qui prend en charge la charge rapide. \u00c9quip\u00e9 d'un \u00e9cran tactile de 2,8 pouces, il vous permet de visualiser et de contr\u00f4ler l'\u00e9tat de votre v\u00e9hicule.<br \/>\nen temps r\u00e9el sur l'\u00e9cran LCD.<\/p>","protected":false},"excerpt":{"rendered":"<p>Meilleure batterie Lithium pour voiturette de golf 2026, Batterie LiFePO4 150Ah pour voiturette de golf, Batterie Lithium \u00e9tanche pour voiturette de golf, Batterie Bluetooth pour voiturette de golf<\/p>","protected":false},"featured_media":565,"template":"","meta":{"_gspb_post_css":""},"product_brand":[],"product_cat":[489,15],"product_tag":[49,48,51,50],"class_list":{"0":"post-438","1":"product","2":"type-product","3":"status-publish","4":"has-post-thumbnail","6":"product_cat-48v-golf-cart-battery","7":"product_cat-golf-cart-battery","8":"product_tag-150ah-lifepo4-golf-cart-battery","9":"product_tag-best-lithium-golf-cart-battery-2026","10":"product_tag-bluetooth-golf-cart-battery","11":"product_tag-waterproof-golf-cart-lithium-battery","13":"first","14":"instock","15":"featured","16":"shipping-taxable","17":"product-type-simple"},"_links":{"self":[{"href":"https:\/\/coresparkbattery.com\/fr\/wp-json\/wp\/v2\/product\/438","targetHints":{"allow":["GET"]}}],"collection":[{"href":"https:\/\/coresparkbattery.com\/fr\/wp-json\/wp\/v2\/product"}],"about":[{"href":"https:\/\/coresparkbattery.com\/fr\/wp-json\/wp\/v2\/types\/product"}],"wp:featuredmedia":[{"embeddable":true,"href":"https:\/\/coresparkbattery.com\/fr\/wp-json\/wp\/v2\/media\/565"}],"wp:attachment":[{"href":"https:\/\/coresparkbattery.com\/fr\/wp-json\/wp\/v2\/media?parent=438"}],"wp:term":[{"taxonomy":"product_brand","embeddable":true,"href":"https:\/\/coresparkbattery.com\/fr\/wp-json\/wp\/v2\/product_brand?post=438"},{"taxonomy":"product_cat","embeddable":true,"href":"https:\/\/coresparkbattery.com\/fr\/wp-json\/wp\/v2\/product_cat?post=438"},{"taxonomy":"product_tag","embeddable":true,"href":"https:\/\/coresparkbattery.com\/fr\/wp-json\/wp\/v2\/product_tag?post=438"}],"curies":[{"name":"wp","href":"https:\/\/api.w.org\/{rel}","templated":true}]}}