{"id":437,"date":"2026-04-28T08:15:32","date_gmt":"2026-04-28T08:15:32","guid":{"rendered":"https:\/\/coresparkbattery.com\/new-launch-36v-105ah-lifepo4-battery-with-bluetooth-club-car-golf-cart-special\/"},"modified":"2026-04-28T08:45:25","modified_gmt":"2026-04-28T08:45:25","slug":"new-launch-36v-105ah-lifepo4-battery-with-bluetooth-club-car-golf-cart-special","status":"publish","type":"product","link":"https:\/\/coresparkbattery.com\/fr\/new-launch-36v-105ah-lifepo4-battery-with-bluetooth-club-car-golf-cart-special\/","title":{"rendered":"Nouveau lancement 36V 105Ah LiFePO4 Battery with Bluetooth - Club Car Golf Cart Special"},"content":{"rendered":"<p>Des performances de haut vol<br \/>\nLa batterie LiFePO4 36V 105Ah pour voiturette de golf a une \u00e9nergie compacte de 4,03kWh, ce qui \u00e9quivaut \u00e0 3 batteries LiFePO4 12V 100Ah en 3S (ou m\u00eame 6 batteries AGM 12V 100Ah en 6S). Notre batterie LiFePO4 a une grande puissance de 7680w avec un faible taux d'autod\u00e9charge, un faible taux d'usure et un faible taux d'usure.<br \/>\nLe courant de d\u00e9charge continu peut atteindre 200A (400A en pointe pour 35S), ce qui est 50% plus puissant que les autres batteries au lithium de m\u00eame taille.<\/p>\n<p>BMS 200A int\u00e9gr\u00e9 et protection multiple<br \/>\nLa batterie LiFePO4 36V 105Ah int\u00e9gr\u00e9e au syst\u00e8me de gestion de la batterie 200A (BMS) assure une protection contre la surcharge\/d\u00e9charge, la surintensit\u00e9, les temp\u00e9ratures \u00e9lev\u00e9es\/basses et les courts-circuits. Bonne stabilit\u00e9 thermique et chimique. Sans entretien, pas de travail ni de co\u00fbt d'entretien quotidien.<\/p>\n<p>Surveillance des applications mobiles<br \/>\nLa batterie de voiturette de golf a ajout\u00e9 une fonction APP. Les clients peuvent connecter la batterie via l'application mobile, lire ou contr\u00f4ler les diff\u00e9rentes donn\u00e9es de la batterie (SOC) en temps r\u00e9el.<\/p>","protected":false},"excerpt":{"rendered":"<p>Batterie pour chariot de golf 48V 105Ah LiFePO4, Batterie Lithium pour chariot de golf 36V, Batterie pour chariot de golf 48V, Batterie pour chariot de golf Lithium vs Plomb-Acide<\/p>","protected":false},"featured_media":556,"template":"","meta":{"_gspb_post_css":""},"product_brand":[],"product_cat":[489,15],"product_tag":[45,44,46,47],"class_list":{"0":"post-437","1":"product","2":"type-product","3":"status-publish","4":"has-post-thumbnail","6":"product_cat-48v-golf-cart-battery","7":"product_cat-golf-cart-battery","8":"product_tag-36v-golf-cart-lithium-battery","9":"product_tag-48v-105ah-lifepo4-golf-cart-battery","10":"product_tag-48v-golf-cart-battery","11":"product_tag-golf-cart-battery-lithium-vs-lead-acid","13":"first","14":"instock","15":"featured","16":"shipping-taxable","17":"product-type-simple"},"_links":{"self":[{"href":"https:\/\/coresparkbattery.com\/fr\/wp-json\/wp\/v2\/product\/437","targetHints":{"allow":["GET"]}}],"collection":[{"href":"https:\/\/coresparkbattery.com\/fr\/wp-json\/wp\/v2\/product"}],"about":[{"href":"https:\/\/coresparkbattery.com\/fr\/wp-json\/wp\/v2\/types\/product"}],"wp:featuredmedia":[{"embeddable":true,"href":"https:\/\/coresparkbattery.com\/fr\/wp-json\/wp\/v2\/media\/556"}],"wp:attachment":[{"href":"https:\/\/coresparkbattery.com\/fr\/wp-json\/wp\/v2\/media?parent=437"}],"wp:term":[{"taxonomy":"product_brand","embeddable":true,"href":"https:\/\/coresparkbattery.com\/fr\/wp-json\/wp\/v2\/product_brand?post=437"},{"taxonomy":"product_cat","embeddable":true,"href":"https:\/\/coresparkbattery.com\/fr\/wp-json\/wp\/v2\/product_cat?post=437"},{"taxonomy":"product_tag","embeddable":true,"href":"https:\/\/coresparkbattery.com\/fr\/wp-json\/wp\/v2\/product_tag?post=437"}],"curies":[{"name":"wp","href":"https:\/\/api.w.org\/{rel}","templated":true}]}}