{"id":436,"date":"2026-04-28T08:15:32","date_gmt":"2026-04-28T08:15:32","guid":{"rendered":"https:\/\/coresparkbattery.com\/custom-lifepo4-golf-cart-lithium-battery-72v-105ah-51-2v-60v-72v-100ah-105ah-150ah-200ah-lithium-battery-for-golf-cart\/"},"modified":"2026-04-28T09:28:31","modified_gmt":"2026-04-28T09:28:31","slug":"custom-lifepo4-golf-cart-lithium-battery-72v-105ah-51-2v-60v-72v-100ah-105ah-150ah-200ah-lithium-battery-for-golf-cart","status":"publish","type":"product","link":"https:\/\/coresparkbattery.com\/fr\/custom-lifepo4-golf-cart-lithium-battery-72v-105ah-51-2v-60v-72v-100ah-105ah-150ah-200ah-lithium-battery-for-golf-cart\/","title":{"rendered":"Custom Lifepo4 Golf Cart Lithium Battery 72v 105ah 51.2v 60v 72v 100ah 105ah 150ah 200ah Lithium Battery for Golf Cart"},"content":{"rendered":"<p>Le kit de batterie lithium 72V 105Ah pour chariot de golf int\u00e8gre une puissance \u00e9lev\u00e9e et des contr\u00f4les de s\u00e9curit\u00e9 avanc\u00e9s. Il d\u00e9livre jusqu'\u00e0 14,08 kW de puissance continue et 200 A de courant de d\u00e9charge, avec des courants d'impulsion de pointe de 400 A 35 secondes ou 600 A 3 secondes, ce qui permet de g\u00e9rer facilement les pentes raides et les charges lourdes. Parall\u00e8lement, le syst\u00e8me de gestion de la batterie de 200 A int\u00e9gr\u00e9 prot\u00e8ge la batterie contre les surcharges, les d\u00e9charges excessives, les courts-circuits et les surchauffes. Son indice de protection IP67 contre l'eau et la poussi\u00e8re garantit un fonctionnement fiable dans les environnements difficiles, ce qui permet \u00e0 votre chariot de golf d'effectuer chaque trajet en douceur et en toute s\u00e9curit\u00e9.<\/p>\n<p>Application<br \/>\nOutils \u00e9lectriques, \u00e9lectronique grand public, bateaux, jouets, alimentations sans interruption, fauteuils roulants \u00e9lectriques, syst\u00e8mes de stockage d'\u00e9nergie solaire, voiturettes de golf, syst\u00e8mes d'alimentation \u00e9lectrique, v\u00e9los\/scooters \u00e9lectriques, chariots \u00e9l\u00e9vateurs \u00e9lectriques, SOUS-MARINS, appareils \u00e9lectrom\u00e9nagers, v\u00e9hicules \u00e9lectriques<br \/>\nType de batterie\uff1aSolid state<br \/>\nDur\u00e9e de vie\uff1a5000 cycles<br \/>\nMat\u00e9riaux de la cathode\uff1aLiFePO4<br \/>\nQuantit\u00e9 de charge maximale (cellules)\uff1a7392wh<br \/>\nTemp\u00e9rature de fonctionnement (\u2103)\uff1aUP TO 60<br \/>\nNom de marque\uff1a OEM ODM<br \/>\nDimension (L*W*H)\uff1a558x307x269mm<\/p>","protected":false},"excerpt":{"rendered":"<p>Batterie pour voiturette de golf, Batterie au lithium pour voiturette de golf, Batterie LiFePO4 pour voiturette de golf, Conversion de la batterie au lithium pour voiturette de golf<\/p>","protected":false},"featured_media":727,"template":"","meta":{"_gspb_post_css":""},"product_brand":[],"product_cat":[487,488,15],"product_tag":[39,42,41,40],"class_list":{"0":"post-436","1":"product","2":"type-product","3":"status-publish","4":"has-post-thumbnail","6":"product_cat-51-2v-golf-cart-battery","7":"product_cat-76-8v-golf-cart-battery","8":"product_cat-golf-cart-battery","9":"product_tag-golf-cart-battery","10":"product_tag-golf-cart-lithium-battery-conversion","11":"product_tag-lifepo4-golf-cart-battery","12":"product_tag-lithium-golf-cart-battery","14":"first","15":"instock","16":"featured","17":"shipping-taxable","18":"product-type-simple"},"_links":{"self":[{"href":"https:\/\/coresparkbattery.com\/fr\/wp-json\/wp\/v2\/product\/436","targetHints":{"allow":["GET"]}}],"collection":[{"href":"https:\/\/coresparkbattery.com\/fr\/wp-json\/wp\/v2\/product"}],"about":[{"href":"https:\/\/coresparkbattery.com\/fr\/wp-json\/wp\/v2\/types\/product"}],"wp:featuredmedia":[{"embeddable":true,"href":"https:\/\/coresparkbattery.com\/fr\/wp-json\/wp\/v2\/media\/727"}],"wp:attachment":[{"href":"https:\/\/coresparkbattery.com\/fr\/wp-json\/wp\/v2\/media?parent=436"}],"wp:term":[{"taxonomy":"product_brand","embeddable":true,"href":"https:\/\/coresparkbattery.com\/fr\/wp-json\/wp\/v2\/product_brand?post=436"},{"taxonomy":"product_cat","embeddable":true,"href":"https:\/\/coresparkbattery.com\/fr\/wp-json\/wp\/v2\/product_cat?post=436"},{"taxonomy":"product_tag","embeddable":true,"href":"https:\/\/coresparkbattery.com\/fr\/wp-json\/wp\/v2\/product_tag?post=436"}],"curies":[{"name":"wp","href":"https:\/\/api.w.org\/{rel}","templated":true}]}}