{"id":552,"date":"2026-04-28T08:15:44","date_gmt":"2026-04-28T08:15:44","guid":{"rendered":"https:\/\/coresparkbattery.com\/36v-48v-60v-100ah-lifepo4-lithium-battery-packs-for-e-rickshaw-electric-tricycle-golf-cart-low-speed-vehicle-with-bms-customized-2\/"},"modified":"2026-04-28T11:56:57","modified_gmt":"2026-04-28T11:56:57","slug":"36v-48v-60v-100ah-lifepo4-lithium-battery-packs-for-e-rickshaw-electric-tricycle-golf-cart-low-speed-vehicle-with-bms-customized-2","status":"publish","type":"product","link":"https:\/\/coresparkbattery.com\/es\/36v-48v-60v-100ah-lifepo4-lithium-battery-packs-for-e-rickshaw-electric-tricycle-golf-cart-low-speed-vehicle-with-bms-customized-2\/","title":{"rendered":"36V 48V 60V 100ah LiFePO4 Bater\u00edas de Litio para E-Rickshaw Triciclo El\u00e9ctrico Carrito de Golf Veh\u00edculo de Baja Velocidad con BMS Personalizado"},"content":{"rendered":"<p>Nombre del producto: Bater\u00eda de litio LiFePO4<br \/>\nEste es un paquete de bater\u00edas LiFePO4 de estado s\u00f3lido, Adopta c\u00e9lulas LFP de Grado-A con un BMS incorporado para un rendimiento seguro y estable.<br \/>\nLa bater\u00eda admite una tensi\u00f3n nominal de 36V\/48V\/60V y una capacidad de 100Ah, con una configuraci\u00f3n de hasta 16 celdas. Ofrece 3000 ciclos de vida \u00fatil y puede funcionar con fiabilidad en un amplio rango de temperaturas de -20\u2103 a 60\u2103.<br \/>\nEst\u00e1 equipada con protecci\u00f3n completa contra cortocircuitos y ha obtenido las certificaciones CE, RoHS, UN38.3, MSDS. Las dimensiones son personalizables y el peso neto es de 56 kg.<br \/>\nSe aceptan OEM y ODM.<br \/>\nEsta bater\u00eda se utiliza principalmente en bicicletas\/scooters el\u00e9ctricos, veh\u00edculos el\u00e9ctricos y sillas de ruedas el\u00e9ctricas.<\/p>","protected":false},"excerpt":{"rendered":"<p>Bater\u00eda LiFePO4 de alta resistencia para uso industrial, bater\u00eda LiFePO4 para casa rodante, bater\u00eda LiFePO4 para uso a gran altitud, bater\u00eda LiFePO4 ligera de 12V 100Ah<\/p>","protected":false},"featured_media":1113,"template":"","meta":{"_gspb_post_css":""},"product_brand":[],"product_cat":[489,15],"product_tag":[479,481,480,482],"class_list":{"0":"post-552","1":"product","2":"type-product","3":"status-publish","4":"has-post-thumbnail","6":"product_cat-48v-golf-cart-battery","7":"product_cat-golf-cart-battery","8":"product_tag-heavy-duty-lifepo4-battery-for-industrial-use","9":"product_tag-lifepo4-battery-pack-for-high-altitude-use","10":"product_tag-lifepo4-battery-pack-for-rv-house-battery","11":"product_tag-light-weight-12v-lifepo4-battery-100ah","13":"first","14":"instock","15":"featured","16":"shipping-taxable","17":"product-type-simple"},"_links":{"self":[{"href":"https:\/\/coresparkbattery.com\/es\/wp-json\/wp\/v2\/product\/552","targetHints":{"allow":["GET"]}}],"collection":[{"href":"https:\/\/coresparkbattery.com\/es\/wp-json\/wp\/v2\/product"}],"about":[{"href":"https:\/\/coresparkbattery.com\/es\/wp-json\/wp\/v2\/types\/product"}],"wp:featuredmedia":[{"embeddable":true,"href":"https:\/\/coresparkbattery.com\/es\/wp-json\/wp\/v2\/media\/1113"}],"wp:attachment":[{"href":"https:\/\/coresparkbattery.com\/es\/wp-json\/wp\/v2\/media?parent=552"}],"wp:term":[{"taxonomy":"product_brand","embeddable":true,"href":"https:\/\/coresparkbattery.com\/es\/wp-json\/wp\/v2\/product_brand?post=552"},{"taxonomy":"product_cat","embeddable":true,"href":"https:\/\/coresparkbattery.com\/es\/wp-json\/wp\/v2\/product_cat?post=552"},{"taxonomy":"product_tag","embeddable":true,"href":"https:\/\/coresparkbattery.com\/es\/wp-json\/wp\/v2\/product_tag?post=552"}],"curies":[{"name":"wp","href":"https:\/\/api.w.org\/{rel}","templated":true}]}}